{"id":77560,"date":"2026-04-29T23:14:15","date_gmt":"2026-04-30T02:14:15","guid":{"rendered":"https:\/\/www.hediyepazar.com\/?product=5-adet-sakal-sabunluk-lif-ipligi-57"},"modified":"2026-04-29T23:14:15","modified_gmt":"2026-04-30T02:14:15","slug":"5-adet-sakal-sabunluk-lif-ipligi-57","status":"publish","type":"product","link":"https:\/\/www.hediyepazar.com\/?product=5-adet-sakal-sabunluk-lif-ipligi-57","title":{"rendered":"5 Adet Sakal Sabunluk Lif \u0130pli\u011fi 57"},"content":{"rendered":"<table style=\"border-collapse:collapse; width:113pt; border:none\" width=\"150\">\n<colgroup>\n<col style=\"width:113pt\" width=\"150\" \/>\n\t<\/colgroup>\n<tbody>\n<tr height=\"20\" style=\"height:15.0pt\">\n<td class=\"xl65\" height=\"20\" style=\"border:none; height:15.0pt; width:113pt; white-space:nowrap; padding-top:1px; padding-right:1px; padding-left:1px; vertical-align:bottom\" width=\"150\"><span style=\"font-size:11pt\"><span style=\"color:black\"><span style=\"font-weight:400\"><span style=\"font-style:normal\"><span style=\"text-decoration:none\"><span style=\"font-family:Calibri,sans-serif\">Salt\u0131klar 5 Adet Sakal Sabunluk Lif \u0130pli\u011fi 57<br \/>\n\t\t\tSalt\u0131klar sert lif ipleri &ccedil;ok ama&ccedil;l\u0131 kullan\u0131lmak &uuml;zere &uuml;retilmi\u015ftir.<br \/>\n\t\t\t&Ouml;zellikle sabunluk ve kese yap\u0131lan bu iplerden bula\u015f\u0131k bezi ve ev temizli\u011finde kullan\u0131lmak &uuml;zere temizlik bezi yapabilirsiniz.<br \/>\n\t\t\tUzun &ouml;m&uuml;rl&uuml; ve kullan\u0131\u015fl\u0131 bir &uuml;r&uuml;nd&uuml;r.<br \/>\n\t\t\t&Uuml;r&uuml;n \u0130&ccedil;eri\u011fi Kar\u0131\u015f\u0131m\u0131 (Hammaddesi): %100 Polyester 0,85 Nm<br \/>\n\t\t\tYumak Gramaj\u0131: 100 gr<br \/>\n\t\t\t\u015ei\u015f Numaras\u0131: 3-4,5 mm<br \/>\n\t\t\tT\u0131\u011f numaras\u0131: 3-4 mm<br \/>\n\t\t\t\u0130plik Kal\u0131nl\u0131\u011f\u0131: Orta<br \/>\n\t\t\t&Uuml;r&uuml;n \u0131\u015f\u0131ktan dolay\u0131 ton farkl\u0131l\u0131\u011f\u0131 g&ouml;stermektedir.<br \/>\n\t\t\tGeni\u015f renk yelpazesi, di\u011fer renkler i&ccedil;in ma\u011fazam\u0131za bak\u0131n\u0131z<br \/>\n\t\t\tRoyaleks ailesi olarak mutlu g&uuml;nlerde kullanman\u0131z\u0131 dileriz.<br \/>\n\t\t\tPaket \u0130&ccedil;eri\u011fi: Salt\u0131klar 5 Adet Sakal Sabunluk Lif \u0130pli\u011fi 57<\/span><\/span><\/span><\/span><\/span><\/span><\/td>\n<\/tr>\n<\/tbody>\n<\/table>\n","protected":false},"excerpt":{"rendered":"<p>5 Adet Sakal Sabunluk Lif \u0130pli\u011fi 57<\/p>\n","protected":false},"featured_media":77559,"comment_status":"open","ping_status":"closed","template":"","meta":{"_kad_post_transparent":"","_kad_post_title":"","_kad_post_layout":"","_kad_post_sidebar_id":"","_kad_post_content_style":"","_kad_post_vertical_padding":"","_kad_post_feature":"","_kad_post_feature_position":"","_kad_post_header":false,"_kad_post_footer":false,"_kad_post_classname":""},"product_brand":[],"product_cat":[557,568,569],"product_tag":[],"class_list":{"0":"post-77560","1":"product","2":"type-product","3":"status-publish","4":"has-post-thumbnail","6":"product_cat-ev-yasam","7":"product_cat-hobi","8":"product_cat-hobi-malzemeleri","10":"first","11":"instock","12":"shipping-taxable","13":"purchasable","14":"product-type-simple","15":"entry","16":"content-bg","17":"loop-entry"},"_links":{"self":[{"href":"https:\/\/www.hediyepazar.com\/index.php?rest_route=\/wp\/v2\/product\/77560","targetHints":{"allow":["GET"]}}],"collection":[{"href":"https:\/\/www.hediyepazar.com\/index.php?rest_route=\/wp\/v2\/product"}],"about":[{"href":"https:\/\/www.hediyepazar.com\/index.php?rest_route=\/wp\/v2\/types\/product"}],"replies":[{"embeddable":true,"href":"https:\/\/www.hediyepazar.com\/index.php?rest_route=%2Fwp%2Fv2%2Fcomments&post=77560"}],"wp:featuredmedia":[{"embeddable":true,"href":"https:\/\/www.hediyepazar.com\/index.php?rest_route=\/wp\/v2\/media\/77559"}],"wp:attachment":[{"href":"https:\/\/www.hediyepazar.com\/index.php?rest_route=%2Fwp%2Fv2%2Fmedia&parent=77560"}],"wp:term":[{"taxonomy":"product_brand","embeddable":true,"href":"https:\/\/www.hediyepazar.com\/index.php?rest_route=%2Fwp%2Fv2%2Fproduct_brand&post=77560"},{"taxonomy":"product_cat","embeddable":true,"href":"https:\/\/www.hediyepazar.com\/index.php?rest_route=%2Fwp%2Fv2%2Fproduct_cat&post=77560"},{"taxonomy":"product_tag","embeddable":true,"href":"https:\/\/www.hediyepazar.com\/index.php?rest_route=%2Fwp%2Fv2%2Fproduct_tag&post=77560"}],"curies":[{"name":"wp","href":"https:\/\/api.w.org\/{rel}","templated":true}]}}