{"id":77574,"date":"2026-04-29T23:15:39","date_gmt":"2026-04-30T02:15:39","guid":{"rendered":"https:\/\/www.hediyepazar.com\/?product=celik-profesyonel-siyah-cimbiz"},"modified":"2026-04-29T23:15:39","modified_gmt":"2026-04-30T02:15:39","slug":"celik-profesyonel-siyah-cimbiz","status":"publish","type":"product","link":"https:\/\/www.hediyepazar.com\/?product=celik-profesyonel-siyah-cimbiz","title":{"rendered":"\u00c7elik Profesyonel Siyah C\u0131mb\u0131z"},"content":{"rendered":"<p>&Ccedil;elik Profesyonel Siyah C\u0131mb\u0131z<br \/>\nErgonomik tasar\u0131m ile kullan\u0131m\u0131 rahatt\u0131r.<br \/>\nKa\u015f ve y&uuml;z i&ccedil;in uygundur.<br \/>\nD&uuml;z a\u011f\u0131zl\u0131 standart c\u0131mb\u0131zd\u0131r.<br \/>\n&Ccedil;elik ve ele oturan a\u011f\u0131rl\u0131kta y&uuml;ksek kaliteli c\u0131mb\u0131zd\u0131r.<br \/>\nProfesyoneller i&ccedil;in tasar\u0131m\u0131 konforludur.<br \/>\nSiyah&nbsp; rengi ile \u015f\u0131k g&ouml;r&uuml;n&uuml;me sahiptir.<\/p>\n","protected":false},"excerpt":{"rendered":"<p>\u00c7elik Profesyonel Siyah C\u0131mb\u0131z<\/p>\n","protected":false},"featured_media":77573,"comment_status":"open","ping_status":"closed","template":"","meta":{"_kad_post_transparent":"","_kad_post_title":"","_kad_post_layout":"","_kad_post_sidebar_id":"","_kad_post_content_style":"","_kad_post_vertical_padding":"","_kad_post_feature":"","_kad_post_feature_position":"","_kad_post_header":false,"_kad_post_footer":false,"_kad_post_classname":""},"product_brand":[],"product_cat":[617,578,452],"product_tag":[],"class_list":{"0":"post-77574","1":"product","2":"type-product","3":"status-publish","4":"has-post-thumbnail","6":"product_cat-cimbiz","7":"product_cat-epilasyon-tiras","8":"product_cat-kozmetik","10":"first","11":"instock","12":"shipping-taxable","13":"purchasable","14":"product-type-simple","15":"entry","16":"content-bg","17":"loop-entry"},"_links":{"self":[{"href":"https:\/\/www.hediyepazar.com\/index.php?rest_route=\/wp\/v2\/product\/77574","targetHints":{"allow":["GET"]}}],"collection":[{"href":"https:\/\/www.hediyepazar.com\/index.php?rest_route=\/wp\/v2\/product"}],"about":[{"href":"https:\/\/www.hediyepazar.com\/index.php?rest_route=\/wp\/v2\/types\/product"}],"replies":[{"embeddable":true,"href":"https:\/\/www.hediyepazar.com\/index.php?rest_route=%2Fwp%2Fv2%2Fcomments&post=77574"}],"wp:featuredmedia":[{"embeddable":true,"href":"https:\/\/www.hediyepazar.com\/index.php?rest_route=\/wp\/v2\/media\/77573"}],"wp:attachment":[{"href":"https:\/\/www.hediyepazar.com\/index.php?rest_route=%2Fwp%2Fv2%2Fmedia&parent=77574"}],"wp:term":[{"taxonomy":"product_brand","embeddable":true,"href":"https:\/\/www.hediyepazar.com\/index.php?rest_route=%2Fwp%2Fv2%2Fproduct_brand&post=77574"},{"taxonomy":"product_cat","embeddable":true,"href":"https:\/\/www.hediyepazar.com\/index.php?rest_route=%2Fwp%2Fv2%2Fproduct_cat&post=77574"},{"taxonomy":"product_tag","embeddable":true,"href":"https:\/\/www.hediyepazar.com\/index.php?rest_route=%2Fwp%2Fv2%2Fproduct_tag&post=77574"}],"curies":[{"name":"wp","href":"https:\/\/api.w.org\/{rel}","templated":true}]}}