{"id":77578,"date":"2026-04-29T23:15:57","date_gmt":"2026-04-30T02:15:57","guid":{"rendered":"https:\/\/www.hediyepazar.com\/?product=3-adet-plastik-sutyen-koruyucu-yikama-topu"},"modified":"2026-04-29T23:15:57","modified_gmt":"2026-04-30T02:15:57","slug":"3-adet-plastik-sutyen-koruyucu-yikama-topu","status":"publish","type":"product","link":"https:\/\/www.hediyepazar.com\/?product=3-adet-plastik-sutyen-koruyucu-yikama-topu","title":{"rendered":"3 Adet Plastik S\u00fctyen Koruyucu Y\u0131kama Topu"},"content":{"rendered":"<table style=\"border-collapse:collapse; width:65pt; border:none\" width=\"86\">\n<colgroup>\n<col style=\"width:65pt\" width=\"86\">\n\t<\/colgroup>\n<tbody>\n<tr height=\"20\" style=\"height:15.0pt\">\n<td height=\"20\" style=\"border:none; height:15.0pt; width:65pt; padding-top:1px; padding-right:1px; padding-left:1px; vertical-align:bottom; white-space:nowrap\" width=\"86\"><span style=\"font-size:11pt\"><span style=\"color:black\"><span style=\"font-weight:400\"><span style=\"font-style:normal\"><span style=\"text-decoration:none\"><span style=\"font-family:Calibri,sans-serif\">Tam Korumal\u0131 Pratik S\u00fctyen Y\u0131kama Topu S\u00fctyen Y\u0131kama Aleti Aparat\u0131 .<br \/>\n\t\t\tS\u00fctyen Koruyucu Y\u0131kama Topu, \u00f6zellikle s\u00fcngerli yap\u0131da olan s\u00fctyenlerin ve<br \/>\n\t\t\tdi\u011fer hassas \u00e7ama\u015f\u0131rlar\u0131n \u00e7ama\u015f\u0131r makinesinde y\u0131kanmas\u0131 i\u00e7in uygundur.<br \/>\n\t\t\tS\u00fctyenleri ve di\u011fer hassas \u00e7ama\u015f\u0131rlar\u0131 \u00e7ama\u015f\u0131r makinesinde bozulmadan y\u0131kaman\u0131z\u0131 sa\u011flar.<br \/>\n\t\t\t\u0130\u00e7 \u00e7ama\u015f\u0131r\u0131n\u0131z\u0131 daha uzun \u00f6m\u00fcrl\u00fc kullanman\u0131z\u0131 sa\u011flar.<br \/>\n\t\t\t\u00c7ama\u015f\u0131r makinelerinin s\u00fctyeninize verece\u011fi deformasyonu engeller.<br \/>\n\t\t\tS\u00fctyen Koruyuculu Pratik Y\u0131kama Topu ile Art\u0131k \u00e7ok sevdi\u011finiz i\u00e7 \u00e7ama\u015f\u0131rlar\u0131n\u0131z\u0131<br \/>\n\t\t\tyap\u0131s\u0131 hi\u00e7 bozulmadan uzun bir s\u00fcre giyebileceksiniz.<br \/>\n\t\t\tBiri b\u00fcy\u00fck biri k\u00fc\u00e7\u00fck 2 kafesten olu\u015fur ve s\u00fctyenin \u015feklini tam olarak muhafaza etmenizi sa\u011flar.<br \/>\n\t\t\tKoruyuculu Pratik Kolay S\u00fctyen Y\u0131kama Topu<br \/>\n\t\t\tKullan\u0131m \u00d6nerileri<br \/>\n\t\t\t-B\u00fcy\u00fck kafesi a\u00e7arak i\u00e7indeki k\u00fc\u00e7\u00fck kafesi \u00e7\u0131kart\u0131n.<br \/>\n\t\t\tS\u00fctyeninizin kop\u00e7as\u0131n\u0131 kapatarak k\u00fc\u00e7\u00fck kafesin \u00fczerine ge\u00e7irin.<br \/>\n\t\t\t-S\u00fctyen ask\u0131lar\u0131n\u0131 k\u00fc\u00e7\u00fck kafesin i\u00e7ine do\u011fru itin. K\u00fc\u00e7\u00fck kafesi, b\u00fcy\u00fck kafesin i\u00e7ine yerle\u015ftirin ve kapat\u0131n.<br \/>\n\t\t\t-S\u00fctyeniniz art\u0131k \u00e7ama\u015f\u0131r makinesinde kullan\u0131ma haz\u0131rd\u0131r.<br \/>\n\t\t\t-S\u00fctyen koruyucuyu di\u011fer \u00e7ama\u015f\u0131rlardan \u00f6nce makinenize yerle\u015ftirin.<br \/>\n\t\t\t-S\u00fctyen koruyucuyu ayn\u0131 zamanda kurutma makinesinde de kullanabilirsiniz.<br \/>\n\t\t\t-Kurutma makinesine yerle\u015ftirmeden \u00f6nce kapal\u0131 oldu\u011fundan emin olun.<br \/>\n\t\t\t-S\u00fctyen koruyucu alet<br \/>\n\t\t\tA, B, C ve D kup \u00f6l\u00e7\u00fclerindeki s\u00fctyenlere uyar.<br \/>\n\t\t\tD kup \u00f6l\u00e7\u00fclerindeki s\u00fcngerli s\u00fctyenlerin, s\u00fctyen koruyucu ile kullan\u0131lmas\u0131 \u00f6nerilmez.<br \/>\n\t\t\tS\u00fctyen Y\u0131kama Aleti Aparat\u0131 ile ilgili Uyar\u0131lar<br \/>\n\t\t\t1. S\u00fctyen koruyucu aparat ile 1 tane s\u00fctyeni y\u0131kayabilirsiniz.<br \/>\n\t\t\t2. Makine i\u00e7i s\u00fctyen koruyucu, makineniz tamamen dolu iken daha etkili olur.<br \/>\n\t\t\tMakinede ayn\u0131 anda en fazla 3 tane s\u00fctyen koruyucuyu kullanabilirsiniz.<br \/>\n\t\t\tdaha fazlas\u0131 makineniz i\u00e7in uygun de\u011fildir.<br \/>\n\t\t\t3. \u0130yi sonu\u00e7 alabilmek i\u00e7in s\u00fctyeninizin etiketinde belirtilen y\u0131kama de\u011ferlerini dikkate alarak kullan\u0131n.<br \/>\n\t\t\t4. Kurutma makinesinde kullanmadan \u00f6nce s\u00fctyeninizin makinede kurutmaya uygun olup olmad\u0131\u011f\u0131n\u0131 kontrol edin.<br \/>\n\t\t\t5. S\u00fctyen koruyucunuzu kurutma makinesinde kullan\u0131rken s\u00fctyeninizin<br \/>\n\t\t\tdi\u011fer \u00e7ama\u015f\u0131rlardan daha \u00f6nce kuruyabilece\u011fini unutmay\u0131n!<br \/>\n\t\t\tkorumal\u0131 s\u00fctyen y\u0131kama topu \u00d6zellikleri<br \/>\n\t\t\t\u00dcr\u00fcn \u00e7ap\u0131 :17.5 cm A, B, C ve D kup \u00f6l\u00e7\u00fclerindeki s\u00fctyenlere uyar<br \/>\n\t\t\t2 Kafesten olu\u015fur.<br \/>\n\t\t\tD\u0131\u015f Kafes ve \u0130\u00e7 Kafes S\u00fctyenlerinizin \u00d6mr\u00fcn\u00fc uzat\u0131r.<br \/>\n\t\t\t\u00c7ama\u015f\u0131r Makinenizi S\u00fctyenlerden olu\u015fabilecek hasarlardan korur<\/p>\n<p>\t\t\tPaket i\u00e7eri\u011fi:&nbsp;3 Adet Plastik S\u00fctyen Koruyucu Y\u0131kama Topu<\/span><\/span><\/span><\/span><\/span><\/span><\/td>\n<\/tr>\n<\/tbody>\n<\/table>\n","protected":false},"excerpt":{"rendered":"<p>3 Adet Plastik S\u00fctyen Koruyucu Y\u0131kama Topu<\/p>\n","protected":false},"featured_media":77577,"comment_status":"open","ping_status":"closed","template":"","meta":{"_kad_post_transparent":"","_kad_post_title":"","_kad_post_layout":"","_kad_post_sidebar_id":"","_kad_post_content_style":"","_kad_post_vertical_padding":"","_kad_post_feature":"","_kad_post_feature_position":"","_kad_post_header":false,"_kad_post_footer":false,"_kad_post_classname":""},"product_brand":[],"product_cat":[557,603,618],"product_tag":[],"class_list":{"0":"post-77578","1":"product","2":"type-product","3":"status-publish","4":"has-post-thumbnail","6":"product_cat-ev-yasam","7":"product_cat-ev-gerecleri","8":"product_cat-pratik-temizlik-gerecleri","10":"first","11":"instock","12":"shipping-taxable","13":"purchasable","14":"product-type-simple","15":"entry","16":"content-bg","17":"loop-entry"},"_links":{"self":[{"href":"https:\/\/www.hediyepazar.com\/index.php?rest_route=\/wp\/v2\/product\/77578","targetHints":{"allow":["GET"]}}],"collection":[{"href":"https:\/\/www.hediyepazar.com\/index.php?rest_route=\/wp\/v2\/product"}],"about":[{"href":"https:\/\/www.hediyepazar.com\/index.php?rest_route=\/wp\/v2\/types\/product"}],"replies":[{"embeddable":true,"href":"https:\/\/www.hediyepazar.com\/index.php?rest_route=%2Fwp%2Fv2%2Fcomments&post=77578"}],"wp:featuredmedia":[{"embeddable":true,"href":"https:\/\/www.hediyepazar.com\/index.php?rest_route=\/wp\/v2\/media\/77577"}],"wp:attachment":[{"href":"https:\/\/www.hediyepazar.com\/index.php?rest_route=%2Fwp%2Fv2%2Fmedia&parent=77578"}],"wp:term":[{"taxonomy":"product_brand","embeddable":true,"href":"https:\/\/www.hediyepazar.com\/index.php?rest_route=%2Fwp%2Fv2%2Fproduct_brand&post=77578"},{"taxonomy":"product_cat","embeddable":true,"href":"https:\/\/www.hediyepazar.com\/index.php?rest_route=%2Fwp%2Fv2%2Fproduct_cat&post=77578"},{"taxonomy":"product_tag","embeddable":true,"href":"https:\/\/www.hediyepazar.com\/index.php?rest_route=%2Fwp%2Fv2%2Fproduct_tag&post=77578"}],"curies":[{"name":"wp","href":"https:\/\/api.w.org\/{rel}","templated":true}]}}