{"id":77592,"date":"2026-04-29T23:17:15","date_gmt":"2026-04-30T02:17:15","guid":{"rendered":"https:\/\/www.hediyepazar.com\/?product=paslanmaz-metal-mini-yumurta-cirpici-karistirici"},"modified":"2026-04-29T23:17:15","modified_gmt":"2026-04-30T02:17:15","slug":"paslanmaz-metal-mini-yumurta-cirpici-karistirici","status":"publish","type":"product","link":"https:\/\/www.hediyepazar.com\/?product=paslanmaz-metal-mini-yumurta-cirpici-karistirici","title":{"rendered":"Paslanmaz Metal Mini Yumurta \u00c7\u0131rp\u0131c\u0131 &#038; Kar\u0131\u015ft\u0131r\u0131c\u0131"},"content":{"rendered":"<table style=\"border-collapse:collapse; width:65pt; border:none\" width=\"86\">\n<colgroup>\n<col style=\"width:65pt\" width=\"86\" \/>\n\t<\/colgroup>\n<tbody>\n<tr height=\"25\" style=\"height:18.75pt\">\n<td height=\"25\" style=\"border:none; height:18.75pt; width:65pt; padding-top:1px; padding-right:1px; padding-left:1px; vertical-align:bottom; white-space:nowrap\" width=\"86\"><span style=\"font-size:11pt\"><span style=\"color:black\"><span style=\"font-weight:400\"><span style=\"font-style:normal\"><span style=\"text-decoration:none\"><span style=\"font-family:Calibri,sans-serif\">Paslanmaz Metal Mini Yumurta &Ccedil;\u0131rp\u0131c\u0131 &amp; Kar\u0131\u015ft\u0131r\u0131c\u0131<br \/>\n\t\t\t&Uuml;r&uuml;n i&ccedil;eri\u011fi %100 paslanmaz &ccedil;elik,<br \/>\n\t\t\tK&uuml;&ccedil;&uuml;k boy, Gri renk, Yumurta &ccedil;\u0131rp\u0131c\u0131.<br \/>\n\t\t\t&Uuml;r&uuml;n ebat\u0131: &Uuml;r&uuml;n&uuml;n t&uuml;m uzunlu\u011fu: 17 cm<\/span><\/span><\/span><\/span><\/span><\/span><\/td>\n<\/tr>\n<\/tbody>\n<\/table>\n","protected":false},"excerpt":{"rendered":"<p>Paslanmaz Metal Mini Yumurta \u00c7\u0131rp\u0131c\u0131 &#038; Kar\u0131\u015ft\u0131r\u0131c\u0131<\/p>\n","protected":false},"featured_media":77591,"comment_status":"open","ping_status":"closed","template":"","meta":{"_kad_post_transparent":"","_kad_post_title":"","_kad_post_layout":"","_kad_post_sidebar_id":"","_kad_post_content_style":"","_kad_post_vertical_padding":"","_kad_post_feature":"","_kad_post_feature_position":"","_kad_post_header":false,"_kad_post_footer":false,"_kad_post_classname":""},"product_brand":[],"product_cat":[557,558,560],"product_tag":[],"class_list":{"0":"post-77592","1":"product","2":"type-product","3":"status-publish","4":"has-post-thumbnail","6":"product_cat-ev-yasam","7":"product_cat-sofra-mutfak-2","8":"product_cat-yemek-hazirlik","10":"first","11":"instock","12":"shipping-taxable","13":"purchasable","14":"product-type-simple","15":"entry","16":"content-bg","17":"loop-entry"},"_links":{"self":[{"href":"https:\/\/www.hediyepazar.com\/index.php?rest_route=\/wp\/v2\/product\/77592","targetHints":{"allow":["GET"]}}],"collection":[{"href":"https:\/\/www.hediyepazar.com\/index.php?rest_route=\/wp\/v2\/product"}],"about":[{"href":"https:\/\/www.hediyepazar.com\/index.php?rest_route=\/wp\/v2\/types\/product"}],"replies":[{"embeddable":true,"href":"https:\/\/www.hediyepazar.com\/index.php?rest_route=%2Fwp%2Fv2%2Fcomments&post=77592"}],"wp:featuredmedia":[{"embeddable":true,"href":"https:\/\/www.hediyepazar.com\/index.php?rest_route=\/wp\/v2\/media\/77591"}],"wp:attachment":[{"href":"https:\/\/www.hediyepazar.com\/index.php?rest_route=%2Fwp%2Fv2%2Fmedia&parent=77592"}],"wp:term":[{"taxonomy":"product_brand","embeddable":true,"href":"https:\/\/www.hediyepazar.com\/index.php?rest_route=%2Fwp%2Fv2%2Fproduct_brand&post=77592"},{"taxonomy":"product_cat","embeddable":true,"href":"https:\/\/www.hediyepazar.com\/index.php?rest_route=%2Fwp%2Fv2%2Fproduct_cat&post=77592"},{"taxonomy":"product_tag","embeddable":true,"href":"https:\/\/www.hediyepazar.com\/index.php?rest_route=%2Fwp%2Fv2%2Fproduct_tag&post=77592"}],"curies":[{"name":"wp","href":"https:\/\/api.w.org\/{rel}","templated":true}]}}