{"id":77600,"date":"2026-04-29T23:17:49","date_gmt":"2026-04-30T02:17:49","guid":{"rendered":"https:\/\/www.hediyepazar.com\/?product=4-lu-kavanoz-acacagi-4-renk"},"modified":"2026-04-29T23:17:49","modified_gmt":"2026-04-30T02:17:49","slug":"4-lu-kavanoz-acacagi-4-renk","status":"publish","type":"product","link":"https:\/\/www.hediyepazar.com\/?product=4-lu-kavanoz-acacagi-4-renk","title":{"rendered":"4 L\u00fc Kavanoz A\u00e7aca\u011f\u0131 4 renk"},"content":{"rendered":"<p>4 L&uuml; Kavanoz A&ccedil;aca\u011f\u0131 4 renk<br \/>\nHem \u015fi\u015fe hem kavanoz kapa\u011f\u0131 a&ccedil;abilece\u011finiz mutfaktaki en iyi yard\u0131mc\u0131n\u0131z<\/p>\n","protected":false},"excerpt":{"rendered":"<p>4 L\u00fc Kavanoz A\u00e7aca\u011f\u0131 4 renk<\/p>\n","protected":false},"featured_media":77599,"comment_status":"open","ping_status":"closed","template":"","meta":{"_kad_post_transparent":"","_kad_post_title":"","_kad_post_layout":"","_kad_post_sidebar_id":"","_kad_post_content_style":"","_kad_post_vertical_padding":"","_kad_post_feature":"","_kad_post_feature_position":"","_kad_post_header":false,"_kad_post_footer":false,"_kad_post_classname":""},"product_brand":[],"product_cat":[557,558,560],"product_tag":[],"class_list":{"0":"post-77600","1":"product","2":"type-product","3":"status-publish","4":"has-post-thumbnail","6":"product_cat-ev-yasam","7":"product_cat-sofra-mutfak-2","8":"product_cat-yemek-hazirlik","10":"first","11":"instock","12":"shipping-taxable","13":"purchasable","14":"product-type-simple","15":"entry","16":"content-bg","17":"loop-entry"},"_links":{"self":[{"href":"https:\/\/www.hediyepazar.com\/index.php?rest_route=\/wp\/v2\/product\/77600","targetHints":{"allow":["GET"]}}],"collection":[{"href":"https:\/\/www.hediyepazar.com\/index.php?rest_route=\/wp\/v2\/product"}],"about":[{"href":"https:\/\/www.hediyepazar.com\/index.php?rest_route=\/wp\/v2\/types\/product"}],"replies":[{"embeddable":true,"href":"https:\/\/www.hediyepazar.com\/index.php?rest_route=%2Fwp%2Fv2%2Fcomments&post=77600"}],"wp:featuredmedia":[{"embeddable":true,"href":"https:\/\/www.hediyepazar.com\/index.php?rest_route=\/wp\/v2\/media\/77599"}],"wp:attachment":[{"href":"https:\/\/www.hediyepazar.com\/index.php?rest_route=%2Fwp%2Fv2%2Fmedia&parent=77600"}],"wp:term":[{"taxonomy":"product_brand","embeddable":true,"href":"https:\/\/www.hediyepazar.com\/index.php?rest_route=%2Fwp%2Fv2%2Fproduct_brand&post=77600"},{"taxonomy":"product_cat","embeddable":true,"href":"https:\/\/www.hediyepazar.com\/index.php?rest_route=%2Fwp%2Fv2%2Fproduct_cat&post=77600"},{"taxonomy":"product_tag","embeddable":true,"href":"https:\/\/www.hediyepazar.com\/index.php?rest_route=%2Fwp%2Fv2%2Fproduct_tag&post=77600"}],"curies":[{"name":"wp","href":"https:\/\/api.w.org\/{rel}","templated":true}]}}