{"id":77638,"date":"2026-04-29T23:21:17","date_gmt":"2026-04-30T02:21:17","guid":{"rendered":"https:\/\/www.hediyepazar.com\/?product=paslanmaz-celik-suzgecli-pipet-kasik"},"modified":"2026-04-29T23:21:17","modified_gmt":"2026-04-30T02:21:17","slug":"paslanmaz-celik-suzgecli-pipet-kasik","status":"publish","type":"product","link":"https:\/\/www.hediyepazar.com\/?product=paslanmaz-celik-suzgecli-pipet-kasik","title":{"rendered":"Paslanmaz \u00c7elik S\u00fczge\u00e7li Pipet Ka\u015f\u0131k"},"content":{"rendered":"<p>Paslanmaz &Ccedil;elik S&uuml;zge&ccedil;li Pipet Ka\u015f\u0131k&nbsp;<br \/>\n&Ccedil;evre Dostudur.&nbsp; Plastik pipet yerine en g&uuml;zel se&ccedil;enektir.<br \/>\nPlastik at\u0131klar\u0131n &ouml;n&uuml;ne ge&ccedil;ilmesinde b&uuml;y&uuml;k rol almaktad\u0131r.<br \/>\nPar&ccedil;a&ccedil;\u0131kl\u0131 s\u0131cak veya so\u011fuk i&ccedil;eceklerinizi a\u011fz\u0131n\u0131za tortu gelmeden ketifle i&ccedil;menizi sa\u011flar.<br \/>\nParti ve davetlerde dekor sunum ama&ccedil;l\u0131 kullan\u0131labilir.<br \/>\nPaket i&ccedil;eri\u011fi 1 adet s&uuml;zge&ccedil;li paslanmaz &ccedil;elik pipet<\/p>\n","protected":false},"excerpt":{"rendered":"<p>Paslanmaz \u00c7elik S\u00fczge\u00e7li Pipet Ka\u015f\u0131k<\/p>\n","protected":false},"featured_media":77637,"comment_status":"open","ping_status":"closed","template":"","meta":{"_kad_post_transparent":"","_kad_post_title":"","_kad_post_layout":"","_kad_post_sidebar_id":"","_kad_post_content_style":"","_kad_post_vertical_padding":"","_kad_post_feature":"","_kad_post_feature_position":"","_kad_post_header":false,"_kad_post_footer":false,"_kad_post_classname":""},"product_brand":[],"product_cat":[557,568,614],"product_tag":[],"class_list":{"0":"post-77638","1":"product","2":"type-product","3":"status-publish","4":"has-post-thumbnail","6":"product_cat-ev-yasam","7":"product_cat-hobi","8":"product_cat-parti-malzemeleri","10":"first","11":"instock","12":"shipping-taxable","13":"purchasable","14":"product-type-simple","15":"entry","16":"content-bg","17":"loop-entry"},"_links":{"self":[{"href":"https:\/\/www.hediyepazar.com\/index.php?rest_route=\/wp\/v2\/product\/77638","targetHints":{"allow":["GET"]}}],"collection":[{"href":"https:\/\/www.hediyepazar.com\/index.php?rest_route=\/wp\/v2\/product"}],"about":[{"href":"https:\/\/www.hediyepazar.com\/index.php?rest_route=\/wp\/v2\/types\/product"}],"replies":[{"embeddable":true,"href":"https:\/\/www.hediyepazar.com\/index.php?rest_route=%2Fwp%2Fv2%2Fcomments&post=77638"}],"wp:featuredmedia":[{"embeddable":true,"href":"https:\/\/www.hediyepazar.com\/index.php?rest_route=\/wp\/v2\/media\/77637"}],"wp:attachment":[{"href":"https:\/\/www.hediyepazar.com\/index.php?rest_route=%2Fwp%2Fv2%2Fmedia&parent=77638"}],"wp:term":[{"taxonomy":"product_brand","embeddable":true,"href":"https:\/\/www.hediyepazar.com\/index.php?rest_route=%2Fwp%2Fv2%2Fproduct_brand&post=77638"},{"taxonomy":"product_cat","embeddable":true,"href":"https:\/\/www.hediyepazar.com\/index.php?rest_route=%2Fwp%2Fv2%2Fproduct_cat&post=77638"},{"taxonomy":"product_tag","embeddable":true,"href":"https:\/\/www.hediyepazar.com\/index.php?rest_route=%2Fwp%2Fv2%2Fproduct_tag&post=77638"}],"curies":[{"name":"wp","href":"https:\/\/api.w.org\/{rel}","templated":true}]}}