{"id":77728,"date":"2026-04-29T23:27:30","date_gmt":"2026-04-30T02:27:30","guid":{"rendered":"https:\/\/www.hediyepazar.com\/?product=mikro-70-dizalti-kadin-corap-vizon-86"},"modified":"2026-04-29T23:27:30","modified_gmt":"2026-04-30T02:27:30","slug":"mikro-70-dizalti-kadin-corap-vizon-86","status":"publish","type":"product","link":"https:\/\/www.hediyepazar.com\/?product=mikro-70-dizalti-kadin-corap-vizon-86","title":{"rendered":"Mikro 70 Dizalt\u0131 Kad\u0131n \u00c7orap Vizon 86"},"content":{"rendered":"<table style=\"border-collapse:collapse; width:155pt; border:none\" width=\"206\">\n<colgroup>\n<col style=\"width:155pt\" width=\"206\" \/>\n\t<\/colgroup>\n<tbody>\n<tr height=\"20\" style=\"height:15.0pt\">\n<td height=\"20\" style=\"border:none; height:15.0pt; width:155pt; padding-top:1px; padding-right:1px; padding-left:1px; vertical-align:bottom; white-space:nowrap\" width=\"206\"><span style=\"font-size:11pt\"><span style=\"color:black\"><span style=\"font-weight:400\"><span style=\"font-style:normal\"><span style=\"text-decoration:none\"><span style=\"font-family:Calibri,sans-serif\">Mikro 70 Dizalt\u0131 Kad\u0131n &Ccedil;orap Vizon 86<br \/>\n\t\t\tKal\u0131n Dokumad\u0131r.<br \/>\n\t\t\tTen G&ouml;stermeyen Dizalt\u0131 Pantolon &Ccedil;orab\u0131d\u0131r<br \/>\n\t\t\t%90 Polyamid % 10 Elastan<br \/>\n\t\t\tPaket i&ccedil;eri\u011fi: 1 Adet Mikro 70 Dizalt\u0131 Kad\u0131n &Ccedil;orap Vizon 86<\/span><\/span><\/span><\/span><\/span><\/span><\/td>\n<\/tr>\n<\/tbody>\n<\/table>\n","protected":false},"excerpt":{"rendered":"<p>Mikro 70 Dizalt\u0131 Kad\u0131n \u00c7orap Vizon 86<\/p>\n","protected":false},"featured_media":77727,"comment_status":"open","ping_status":"closed","template":"","meta":{"_kad_post_transparent":"","_kad_post_title":"","_kad_post_layout":"","_kad_post_sidebar_id":"","_kad_post_content_style":"","_kad_post_vertical_padding":"","_kad_post_feature":"","_kad_post_feature_position":"","_kad_post_header":false,"_kad_post_footer":false,"_kad_post_classname":""},"product_brand":[],"product_cat":[540,538,537],"product_tag":[],"class_list":{"0":"post-77728","1":"product","2":"type-product","3":"status-publish","4":"has-post-thumbnail","6":"product_cat-corap","7":"product_cat-ic-giyim","8":"product_cat-kadin","10":"first","11":"instock","12":"shipping-taxable","13":"purchasable","14":"product-type-simple","15":"entry","16":"content-bg","17":"loop-entry"},"_links":{"self":[{"href":"https:\/\/www.hediyepazar.com\/index.php?rest_route=\/wp\/v2\/product\/77728","targetHints":{"allow":["GET"]}}],"collection":[{"href":"https:\/\/www.hediyepazar.com\/index.php?rest_route=\/wp\/v2\/product"}],"about":[{"href":"https:\/\/www.hediyepazar.com\/index.php?rest_route=\/wp\/v2\/types\/product"}],"replies":[{"embeddable":true,"href":"https:\/\/www.hediyepazar.com\/index.php?rest_route=%2Fwp%2Fv2%2Fcomments&post=77728"}],"wp:featuredmedia":[{"embeddable":true,"href":"https:\/\/www.hediyepazar.com\/index.php?rest_route=\/wp\/v2\/media\/77727"}],"wp:attachment":[{"href":"https:\/\/www.hediyepazar.com\/index.php?rest_route=%2Fwp%2Fv2%2Fmedia&parent=77728"}],"wp:term":[{"taxonomy":"product_brand","embeddable":true,"href":"https:\/\/www.hediyepazar.com\/index.php?rest_route=%2Fwp%2Fv2%2Fproduct_brand&post=77728"},{"taxonomy":"product_cat","embeddable":true,"href":"https:\/\/www.hediyepazar.com\/index.php?rest_route=%2Fwp%2Fv2%2Fproduct_cat&post=77728"},{"taxonomy":"product_tag","embeddable":true,"href":"https:\/\/www.hediyepazar.com\/index.php?rest_route=%2Fwp%2Fv2%2Fproduct_tag&post=77728"}],"curies":[{"name":"wp","href":"https:\/\/api.w.org\/{rel}","templated":true}]}}