{"id":77812,"date":"2026-04-29T23:33:52","date_gmt":"2026-04-30T02:33:52","guid":{"rendered":"https:\/\/www.hediyepazar.com\/?product=yumos-sakalli-el-orgu-ipi-yunu-19"},"modified":"2026-04-29T23:33:52","modified_gmt":"2026-04-30T02:33:52","slug":"yumos-sakalli-el-orgu-ipi-yunu-19","status":"publish","type":"product","link":"https:\/\/www.hediyepazar.com\/?product=yumos-sakalli-el-orgu-ipi-yunu-19","title":{"rendered":"Yumo\u015f Sakall\u0131 El \u00d6rg\u00fc Ipi Y\u00fcn\u00fc 19"},"content":{"rendered":"<table style=\"border-collapse:collapse; width:139pt; border:none\" width=\"185\">\n<colgroup>\n<col style=\"width:139pt\" width=\"185\" \/>\n\t<\/colgroup>\n<tbody>\n<tr height=\"20\" style=\"height:15.0pt\">\n<td class=\"xl65\" height=\"20\" style=\"border:none; height:15.0pt; width:139pt; white-space:nowrap; padding-top:1px; padding-right:1px; padding-left:1px; vertical-align:bottom\" width=\"185\"><span style=\"font-size:11pt\"><span style=\"color:black\"><span style=\"font-weight:400\"><span style=\"font-style:normal\"><span style=\"text-decoration:none\"><span style=\"font-family:Calibri,sans-serif\">Yumo\u015f Sakall\u0131 El &Ouml;rg&uuml; Ipi Y&uuml;n&uuml; 19<br \/>\n\t\t\tYumo\u015f Sakall\u0131 El &Ouml;rg&uuml; \u0130pi 100 Gram &#8211; 140 Metre &#8211; %100 Polyester<br \/>\n\t\t\t&Ccedil;e\u015fit &ccedil;e\u015fit harika renklerle farkl\u0131 lif, oyuncak,<br \/>\n\t\t\tAmigurumi, h\u0131rka, yelek, atk\u0131, bere, paspas, modellerinizi<br \/>\n\t\t\tZevkle i\u015fleyebilece\u011finiz &ouml;rg&uuml; ipleri.<br \/>\n\t\t\t&Uuml;r&uuml;n \u0131\u015f\u0131ktan dolay\u0131 ton farkl\u0131l\u0131\u011f\u0131 g&ouml;stermektedir.<br \/>\n\t\t\tGeni\u015f renk yelpazesi, di\u011fer renkler i&ccedil;in ma\u011fazam\u0131za bak\u0131n\u0131z<br \/>\n\t\t\tRoyaleks ailesi olarak mutlu g&uuml;nlerde kullanman\u0131z\u0131 dileriz.<br \/>\n\t\t\tPaket \u0130&ccedil;eri\u011fi: 1 adet Yumo\u015f Sakall\u0131 El &Ouml;rg&uuml; Ipi Y&uuml;n&uuml; 19<\/span><\/span><\/span><\/span><\/span><\/span><\/td>\n<\/tr>\n<\/tbody>\n<\/table>\n","protected":false},"excerpt":{"rendered":"<p>Yumo\u015f Sakall\u0131 El \u00d6rg\u00fc Ipi Y\u00fcn\u00fc 19<\/p>\n","protected":false},"featured_media":77811,"comment_status":"open","ping_status":"closed","template":"","meta":{"_kad_post_transparent":"","_kad_post_title":"","_kad_post_layout":"","_kad_post_sidebar_id":"","_kad_post_content_style":"","_kad_post_vertical_padding":"","_kad_post_feature":"","_kad_post_feature_position":"","_kad_post_header":false,"_kad_post_footer":false,"_kad_post_classname":""},"product_brand":[],"product_cat":[557,568,569],"product_tag":[],"class_list":{"0":"post-77812","1":"product","2":"type-product","3":"status-publish","4":"has-post-thumbnail","6":"product_cat-ev-yasam","7":"product_cat-hobi","8":"product_cat-hobi-malzemeleri","10":"first","11":"instock","12":"shipping-taxable","13":"purchasable","14":"product-type-simple","15":"entry","16":"content-bg","17":"loop-entry"},"_links":{"self":[{"href":"https:\/\/www.hediyepazar.com\/index.php?rest_route=\/wp\/v2\/product\/77812","targetHints":{"allow":["GET"]}}],"collection":[{"href":"https:\/\/www.hediyepazar.com\/index.php?rest_route=\/wp\/v2\/product"}],"about":[{"href":"https:\/\/www.hediyepazar.com\/index.php?rest_route=\/wp\/v2\/types\/product"}],"replies":[{"embeddable":true,"href":"https:\/\/www.hediyepazar.com\/index.php?rest_route=%2Fwp%2Fv2%2Fcomments&post=77812"}],"wp:featuredmedia":[{"embeddable":true,"href":"https:\/\/www.hediyepazar.com\/index.php?rest_route=\/wp\/v2\/media\/77811"}],"wp:attachment":[{"href":"https:\/\/www.hediyepazar.com\/index.php?rest_route=%2Fwp%2Fv2%2Fmedia&parent=77812"}],"wp:term":[{"taxonomy":"product_brand","embeddable":true,"href":"https:\/\/www.hediyepazar.com\/index.php?rest_route=%2Fwp%2Fv2%2Fproduct_brand&post=77812"},{"taxonomy":"product_cat","embeddable":true,"href":"https:\/\/www.hediyepazar.com\/index.php?rest_route=%2Fwp%2Fv2%2Fproduct_cat&post=77812"},{"taxonomy":"product_tag","embeddable":true,"href":"https:\/\/www.hediyepazar.com\/index.php?rest_route=%2Fwp%2Fv2%2Fproduct_tag&post=77812"}],"curies":[{"name":"wp","href":"https:\/\/api.w.org\/{rel}","templated":true}]}}