{"id":7794,"date":"2026-04-26T07:10:41","date_gmt":"2026-04-26T10:10:41","guid":{"rendered":"https:\/\/www.hediyepazar.com\/?product=next-punto-uydu-alicisi-goz-mag-21"},"modified":"2026-04-26T07:10:44","modified_gmt":"2026-04-26T10:10:44","slug":"next-punto-uydu-alicisi-goz-mag-21","status":"publish","type":"product","link":"https:\/\/www.hediyepazar.com\/?product=next-punto-uydu-alicisi-goz-mag-21","title":{"rendered":"Next Punto Uydu Al\u0131c\u0131s\u0131 G\u00f6z Mag-21"},"content":{"rendered":"<p>Next Punto Uydu Al\u0131c\u0131s\u0131 G\u00f6z Mag-21<\/p>\n","protected":false},"excerpt":{"rendered":"<p>Next Punto Uydu Al\u0131c\u0131s\u0131 G\u00f6z Mag-21<\/p>\n","protected":false},"featured_media":7795,"comment_status":"closed","ping_status":"open","template":"","meta":{"_kad_post_transparent":"","_kad_post_title":"","_kad_post_layout":"","_kad_post_sidebar_id":"","_kad_post_content_style":"","_kad_post_vertical_padding":"","_kad_post_feature":"","_kad_post_feature_position":"","_kad_post_header":false,"_kad_post_footer":false,"_kad_post_classname":""},"product_brand":[],"product_cat":[238],"product_tag":[],"class_list":{"0":"post-7794","1":"product","2":"type-product","3":"status-publish","4":"has-post-thumbnail","6":"product_cat-uydu-alici-sistemleri-uydu-ekipmanlari","8":"first","9":"instock","10":"purchasable","11":"product-type-simple","12":"entry","13":"content-bg","14":"loop-entry"},"_links":{"self":[{"href":"https:\/\/www.hediyepazar.com\/index.php?rest_route=\/wp\/v2\/product\/7794","targetHints":{"allow":["GET"]}}],"collection":[{"href":"https:\/\/www.hediyepazar.com\/index.php?rest_route=\/wp\/v2\/product"}],"about":[{"href":"https:\/\/www.hediyepazar.com\/index.php?rest_route=\/wp\/v2\/types\/product"}],"replies":[{"embeddable":true,"href":"https:\/\/www.hediyepazar.com\/index.php?rest_route=%2Fwp%2Fv2%2Fcomments&post=7794"}],"wp:featuredmedia":[{"embeddable":true,"href":"https:\/\/www.hediyepazar.com\/index.php?rest_route=\/wp\/v2\/media\/7795"}],"wp:attachment":[{"href":"https:\/\/www.hediyepazar.com\/index.php?rest_route=%2Fwp%2Fv2%2Fmedia&parent=7794"}],"wp:term":[{"taxonomy":"product_brand","embeddable":true,"href":"https:\/\/www.hediyepazar.com\/index.php?rest_route=%2Fwp%2Fv2%2Fproduct_brand&post=7794"},{"taxonomy":"product_cat","embeddable":true,"href":"https:\/\/www.hediyepazar.com\/index.php?rest_route=%2Fwp%2Fv2%2Fproduct_cat&post=7794"},{"taxonomy":"product_tag","embeddable":true,"href":"https:\/\/www.hediyepazar.com\/index.php?rest_route=%2Fwp%2Fv2%2Fproduct_tag&post=7794"}],"curies":[{"name":"wp","href":"https:\/\/api.w.org\/{rel}","templated":true}]}}