{"id":78000,"date":"2026-04-29T23:48:40","date_gmt":"2026-04-30T02:48:40","guid":{"rendered":"https:\/\/www.hediyepazar.com\/?product=pedli-dalgic-modelli-krop-kadin-bustiyer-siyah"},"modified":"2026-04-29T23:48:40","modified_gmt":"2026-04-30T02:48:40","slug":"pedli-dalgic-modelli-krop-kadin-bustiyer-siyah","status":"publish","type":"product","link":"https:\/\/www.hediyepazar.com\/?product=pedli-dalgic-modelli-krop-kadin-bustiyer-siyah","title":{"rendered":"Pedli Dalg\u0131\u00e7 Modelli Krop Kad\u0131n B\u00fcstiyer Siyah"},"content":{"rendered":"<p><span style=\"font-size:11pt\"><span style=\"line-height:107%\"><span style=\"font-family:Calibri,sans-serif\"><strong><span style=\"font-size:19.0pt\"><span style=\"background:whitesmoke\"><span style=\"line-height:107%\"><span arial=\"\" style=\"font-family:\"><span style=\"color:#012943\">Pedli Dalg\u0131&ccedil; Modelli Krop Geni\u015f Ask\u0131l\u0131 Kad\u0131n B&uuml;stiyer Siyah<\/span><\/span><\/span><\/span><\/span><\/strong><\/span><\/span><\/span><br \/>\n<span style=\"font-size:11pt\"><span style=\"line-height:107%\"><span style=\"font-family:Calibri,sans-serif\"><span style=\"font-size:9.5pt\"><span style=\"background:white\"><span style=\"line-height:107%\"><span arial=\"\" style=\"font-family:\"><span style=\"color:black\">\u0130&ccedil;erik: %93 Polyester %7 Elastan <\/span><\/span><\/span><\/span><\/span><\/span><\/span><\/span><br \/>\n<span style=\"font-size:11pt\"><span style=\"line-height:107%\"><span style=\"font-family:Calibri,sans-serif\"><span style=\"font-size:9.5pt\"><span style=\"background:white\"><span style=\"line-height:107%\"><span arial=\"\" style=\"font-family:\"><span style=\"color:black\">Kad\u0131nlar g&uuml;ndelik ya\u015famda v&uuml;cut sa\u011fl\u0131\u011f\u0131n\u0131 g&ouml;z &ouml;n&uuml;nde bulundurarak rahat hareket edebilecekleri,<br \/>\nteri engelleyici i&ccedil; giyim &uuml;r&uuml;nleri tercih etmelidirler.<br \/>\nBunun i&ccedil;in de en do\u011fru &uuml;r&uuml;n&uuml; sunmaktay\u0131z. <\/span><\/span><\/span><\/span><\/span><\/span><\/span><\/span><br \/>\n<span style=\"font-size:11pt\"><span style=\"line-height:107%\"><span style=\"font-family:Calibri,sans-serif\"><span style=\"font-size:9.5pt\"><span style=\"background:white\"><span style=\"line-height:107%\"><span arial=\"\" style=\"font-family:\"><span style=\"color:black\">&Uuml;r&uuml;nlerimizin kaliteli dokusu, renk, beden ve bask\u0131 &ccedil;e\u015fitlili\u011finin katt\u0131\u011f\u0131 renklilikle<br \/>\nen &ccedil;ok tercih edilen i&ccedil; giyim markalar\u0131 aras\u0131nda yer almaktay\u0131z.<\/span><\/span><\/span><\/span><\/span><\/span><\/span><\/span><br \/>\n<span style=\"font-size:11pt\"><span style=\"line-height:107%\"><span style=\"font-family:Calibri,sans-serif\"><span style=\"font-size:9.5pt\"><span style=\"background:white\"><span style=\"line-height:107%\"><span arial=\"\" style=\"font-family:\"><span style=\"color:black\">Beden Tablosu; S-M = 40-46 L-XL= 48-54 <\/span><\/span><\/span><\/span><\/span><\/span><\/span><\/span><br \/>\n&nbsp;<\/p>\n","protected":false},"excerpt":{"rendered":"<p>Pedli Dalg\u0131\u00e7 Modelli Krop Kad\u0131n B\u00fcstiyer Siyah<\/p>\n","protected":false},"featured_media":77999,"comment_status":"open","ping_status":"closed","template":"","meta":{"_kad_post_transparent":"","_kad_post_title":"","_kad_post_layout":"","_kad_post_sidebar_id":"","_kad_post_content_style":"","_kad_post_vertical_padding":"","_kad_post_feature":"","_kad_post_feature_position":"","_kad_post_header":false,"_kad_post_footer":false,"_kad_post_classname":""},"product_brand":[],"product_cat":[543,457,537],"product_tag":[],"class_list":{"0":"post-78000","1":"product","2":"type-product","3":"status-publish","4":"has-post-thumbnail","6":"product_cat-bluz-tunik-bustiyer","7":"product_cat-giyim","8":"product_cat-kadin","10":"first","11":"instock","12":"shipping-taxable","13":"purchasable","14":"product-type-simple","15":"entry","16":"content-bg","17":"loop-entry"},"_links":{"self":[{"href":"https:\/\/www.hediyepazar.com\/index.php?rest_route=\/wp\/v2\/product\/78000","targetHints":{"allow":["GET"]}}],"collection":[{"href":"https:\/\/www.hediyepazar.com\/index.php?rest_route=\/wp\/v2\/product"}],"about":[{"href":"https:\/\/www.hediyepazar.com\/index.php?rest_route=\/wp\/v2\/types\/product"}],"replies":[{"embeddable":true,"href":"https:\/\/www.hediyepazar.com\/index.php?rest_route=%2Fwp%2Fv2%2Fcomments&post=78000"}],"wp:featuredmedia":[{"embeddable":true,"href":"https:\/\/www.hediyepazar.com\/index.php?rest_route=\/wp\/v2\/media\/77999"}],"wp:attachment":[{"href":"https:\/\/www.hediyepazar.com\/index.php?rest_route=%2Fwp%2Fv2%2Fmedia&parent=78000"}],"wp:term":[{"taxonomy":"product_brand","embeddable":true,"href":"https:\/\/www.hediyepazar.com\/index.php?rest_route=%2Fwp%2Fv2%2Fproduct_brand&post=78000"},{"taxonomy":"product_cat","embeddable":true,"href":"https:\/\/www.hediyepazar.com\/index.php?rest_route=%2Fwp%2Fv2%2Fproduct_cat&post=78000"},{"taxonomy":"product_tag","embeddable":true,"href":"https:\/\/www.hediyepazar.com\/index.php?rest_route=%2Fwp%2Fv2%2Fproduct_tag&post=78000"}],"curies":[{"name":"wp","href":"https:\/\/api.w.org\/{rel}","templated":true}]}}