{"id":78002,"date":"2026-04-29T23:48:45","date_gmt":"2026-04-30T02:48:45","guid":{"rendered":"https:\/\/www.hediyepazar.com\/?product=madame-cotton-el-orgu-ipi-yunu-100-gr-001-gri"},"modified":"2026-04-29T23:48:45","modified_gmt":"2026-04-30T02:48:45","slug":"madame-cotton-el-orgu-ipi-yunu-100-gr-001-gri","status":"publish","type":"product","link":"https:\/\/www.hediyepazar.com\/?product=madame-cotton-el-orgu-ipi-yunu-100-gr-001-gri","title":{"rendered":"Madame Cotton El \u00d6rg\u00fc \u0130pi Y\u00fcn\u00fc 100 gr 001 Gri"},"content":{"rendered":"<table style=\"border-collapse:collapse; width:98pt; border:none\" width=\"131\">\n<colgroup>\n<col style=\"width:98pt\" width=\"131\" \/>\n\t<\/colgroup>\n<tbody>\n<tr height=\"20\" style=\"height:15.0pt\">\n<td height=\"20\" style=\"border:none; height:15.0pt; width:98pt; padding-top:1px; padding-right:1px; padding-left:1px; vertical-align:bottom; white-space:nowrap\" width=\"131\"><span style=\"font-size:11pt\"><span style=\"color:black\"><span style=\"font-weight:400\"><span style=\"font-style:normal\"><span style=\"text-decoration:none\"><span style=\"font-family:Calibri,sans-serif\">Madame Cotton El &Ouml;rg&uuml; \u0130pi Y&uuml;n&uuml; 100 gr 001 Gri<\/p>\n<p>\t\t\t&Ouml;renbayan Madame Cotton El &Ouml;rg&uuml; \u0130pi<br \/>\n\t\t\t&Ouml;renbayan Madame Cotton %49 pamuk i&ccedil;eri\u011fi ile &ouml;zellikle t&uuml;m bebek &ouml;rg&uuml;s&uuml; modellerinde ve<br \/>\n\t\t\tAmigurumi &ouml;rg&uuml;lerinizde g&uuml;venle kullanabilece\u011finiz,<br \/>\n\t\t\tkal\u0131nl\u0131\u011f\u0131ndan dolay\u0131 hem \u015fi\u015f hem de t\u0131\u011f ile keyifle &ouml;rebilece\u011finiz bir ipliktir.<br \/>\n\t\t\t\u0130lmek Bilgisi: 10&#215;10 cm = 24 ilmek x 33 s\u0131ra<br \/>\n\t\t\tKullan\u0131m Alan\u0131: &Ouml;zellikle Amigurumi yap\u0131m\u0131nda ayn\u0131 zamanda hem yeti\u015fkin<br \/>\n\t\t\them de bebekler i&ccedil;in h\u0131rka, kazak,\u015fal, ev tekstili vb.aksesuar malzemeleri i&ccedil;in tercih edilebilir.<\/p>\n<p>\t\t\tMetraj: 280 mt.<br \/>\n\t\t\tGramaj: 100 gr.<br \/>\n\t\t\t\u0130&ccedil;erik: %51 Akrilik %49 Pamuk<br \/>\n\t\t\t\u015ei\u015f numaras\u0131: 3-4 mm<br \/>\n\t\t\tT\u0131\u011f Numaras\u0131: 2-3 mm<br \/>\n\t\t\tKal\u0131nl\u0131k Grubu: \u0130nce\/Orta<br \/>\n\t\t\tPaket i&ccedil;eri\u011fi:&nbsp;1 Adet Madame Cotton El &Ouml;rg&uuml; \u0130pi Y&uuml;n&uuml; 100 gr 001 Gri<\/span><\/span><\/span><\/span><\/span><\/span><\/td>\n<\/tr>\n<\/tbody>\n<\/table>\n","protected":false},"excerpt":{"rendered":"<p>Madame Cotton El \u00d6rg\u00fc \u0130pi Y\u00fcn\u00fc 100 gr 001 Gri<\/p>\n","protected":false},"featured_media":78001,"comment_status":"open","ping_status":"closed","template":"","meta":{"_kad_post_transparent":"","_kad_post_title":"","_kad_post_layout":"","_kad_post_sidebar_id":"","_kad_post_content_style":"","_kad_post_vertical_padding":"","_kad_post_feature":"","_kad_post_feature_position":"","_kad_post_header":false,"_kad_post_footer":false,"_kad_post_classname":""},"product_brand":[],"product_cat":[557,568,569],"product_tag":[],"class_list":{"0":"post-78002","1":"product","2":"type-product","3":"status-publish","4":"has-post-thumbnail","6":"product_cat-ev-yasam","7":"product_cat-hobi","8":"product_cat-hobi-malzemeleri","10":"first","11":"instock","12":"shipping-taxable","13":"purchasable","14":"product-type-simple","15":"entry","16":"content-bg","17":"loop-entry"},"_links":{"self":[{"href":"https:\/\/www.hediyepazar.com\/index.php?rest_route=\/wp\/v2\/product\/78002","targetHints":{"allow":["GET"]}}],"collection":[{"href":"https:\/\/www.hediyepazar.com\/index.php?rest_route=\/wp\/v2\/product"}],"about":[{"href":"https:\/\/www.hediyepazar.com\/index.php?rest_route=\/wp\/v2\/types\/product"}],"replies":[{"embeddable":true,"href":"https:\/\/www.hediyepazar.com\/index.php?rest_route=%2Fwp%2Fv2%2Fcomments&post=78002"}],"wp:featuredmedia":[{"embeddable":true,"href":"https:\/\/www.hediyepazar.com\/index.php?rest_route=\/wp\/v2\/media\/78001"}],"wp:attachment":[{"href":"https:\/\/www.hediyepazar.com\/index.php?rest_route=%2Fwp%2Fv2%2Fmedia&parent=78002"}],"wp:term":[{"taxonomy":"product_brand","embeddable":true,"href":"https:\/\/www.hediyepazar.com\/index.php?rest_route=%2Fwp%2Fv2%2Fproduct_brand&post=78002"},{"taxonomy":"product_cat","embeddable":true,"href":"https:\/\/www.hediyepazar.com\/index.php?rest_route=%2Fwp%2Fv2%2Fproduct_cat&post=78002"},{"taxonomy":"product_tag","embeddable":true,"href":"https:\/\/www.hediyepazar.com\/index.php?rest_route=%2Fwp%2Fv2%2Fproduct_tag&post=78002"}],"curies":[{"name":"wp","href":"https:\/\/api.w.org\/{rel}","templated":true}]}}