{"id":78118,"date":"2026-04-30T00:09:27","date_gmt":"2026-04-30T03:09:27","guid":{"rendered":"https:\/\/www.hediyepazar.com\/?product=plastik-sivi-sabunluk-ve-dis-fircalik-set-renk-pudra"},"modified":"2026-04-30T00:09:27","modified_gmt":"2026-04-30T03:09:27","slug":"plastik-sivi-sabunluk-ve-dis-fircalik-set-renk-pudra","status":"publish","type":"product","link":"https:\/\/www.hediyepazar.com\/?product=plastik-sivi-sabunluk-ve-dis-fircalik-set-renk-pudra","title":{"rendered":"Plastik S\u0131v\u0131 Sabunluk ve Di\u015f F\u0131r\u00e7al\u0131k Set Renk Pudra"},"content":{"rendered":"<table style=\"border-collapse:collapse; width:65pt; border:none\" width=\"86\">\n<colgroup>\n<col style=\"width:65pt\" width=\"86\" \/>\n\t<\/colgroup>\n<tbody>\n<tr height=\"25\" style=\"height:18.75pt\">\n<td height=\"25\" style=\"border:none; height:18.75pt; width:65pt; padding-top:1px; padding-right:1px; padding-left:1px; vertical-align:bottom; white-space:nowrap\" width=\"86\"><span style=\"font-size:11pt\"><span style=\"color:black\"><span style=\"font-weight:400\"><span style=\"font-style:normal\"><span style=\"text-decoration:none\"><span style=\"font-family:Calibri,sans-serif\">S\u0131v\u0131 sabunluk ve di\u015f f\u0131r&ccedil;al\u0131ktan olu\u015fan bu set,<br \/>\n\t\t\t\u015f\u0131k ve estetik desenleri sayesinde banyolar\u0131n\u0131za de\u011fi\u015fik bir hava katacak.<br \/>\n\t\t\tSade tasar\u0131m\u0131 ve soft rengi ile her t&uuml;rl&uuml; dekorasyon se&ccedil;ene\u011fi ile kolayca kombinlenebilir.<br \/>\n\t\t\tG&uuml;nl&uuml;k kullan\u0131mda ihtiya&ccedil; duydu\u011funuz sabunlar\u0131n\u0131z\u0131,<br \/>\n\t\t\tdi\u015f f\u0131r&ccedil;alar\u0131n\u0131z\u0131, di\u015f macunlar\u0131n\u0131z\u0131 bu sette rahatl\u0131kla muhafaza edebilirsiniz.<br \/>\n\t\t\tDi\u015f f\u0131r&ccedil;al\u0131\u011f\u0131 3 g&ouml;zl&uuml;d&uuml;r.<br \/>\n\t\t\t&Uuml;r&uuml;n &Ouml;l&ccedil;&uuml;leri:<br \/>\n\t\t\tS\u0131v\u0131 Sabunluk: 17,5 cx 8,5 cm<br \/>\n\t\t\tDi\u015f F\u0131r&ccedil;al\u0131\u011f\u0131: 12,5 x 8,5 cm <\/span><\/span><\/span><\/span><\/span><\/span><br \/>\n\t\t\t&nbsp;<\/td>\n<\/tr>\n<\/tbody>\n<\/table>\n","protected":false},"excerpt":{"rendered":"<p>Plastik S\u0131v\u0131 Sabunluk ve Di\u015f F\u0131r\u00e7al\u0131k Set Renk Pudra<\/p>\n","protected":false},"featured_media":78117,"comment_status":"open","ping_status":"closed","template":"","meta":{"_kad_post_transparent":"","_kad_post_title":"","_kad_post_layout":"","_kad_post_sidebar_id":"","_kad_post_content_style":"","_kad_post_vertical_padding":"","_kad_post_feature":"","_kad_post_feature_position":"","_kad_post_header":false,"_kad_post_footer":false,"_kad_post_classname":""},"product_brand":[],"product_cat":[611,612,557],"product_tag":[],"class_list":{"0":"post-78118","1":"product","2":"type-product","3":"status-publish","4":"has-post-thumbnail","6":"product_cat-banyo","7":"product_cat-banyo-aksesuarlari","8":"product_cat-ev-yasam","10":"first","11":"instock","12":"shipping-taxable","13":"purchasable","14":"product-type-simple","15":"entry","16":"content-bg","17":"loop-entry"},"_links":{"self":[{"href":"https:\/\/www.hediyepazar.com\/index.php?rest_route=\/wp\/v2\/product\/78118","targetHints":{"allow":["GET"]}}],"collection":[{"href":"https:\/\/www.hediyepazar.com\/index.php?rest_route=\/wp\/v2\/product"}],"about":[{"href":"https:\/\/www.hediyepazar.com\/index.php?rest_route=\/wp\/v2\/types\/product"}],"replies":[{"embeddable":true,"href":"https:\/\/www.hediyepazar.com\/index.php?rest_route=%2Fwp%2Fv2%2Fcomments&post=78118"}],"wp:featuredmedia":[{"embeddable":true,"href":"https:\/\/www.hediyepazar.com\/index.php?rest_route=\/wp\/v2\/media\/78117"}],"wp:attachment":[{"href":"https:\/\/www.hediyepazar.com\/index.php?rest_route=%2Fwp%2Fv2%2Fmedia&parent=78118"}],"wp:term":[{"taxonomy":"product_brand","embeddable":true,"href":"https:\/\/www.hediyepazar.com\/index.php?rest_route=%2Fwp%2Fv2%2Fproduct_brand&post=78118"},{"taxonomy":"product_cat","embeddable":true,"href":"https:\/\/www.hediyepazar.com\/index.php?rest_route=%2Fwp%2Fv2%2Fproduct_cat&post=78118"},{"taxonomy":"product_tag","embeddable":true,"href":"https:\/\/www.hediyepazar.com\/index.php?rest_route=%2Fwp%2Fv2%2Fproduct_tag&post=78118"}],"curies":[{"name":"wp","href":"https:\/\/api.w.org\/{rel}","templated":true}]}}