{"id":78140,"date":"2026-04-30T00:16:22","date_gmt":"2026-04-30T03:16:22","guid":{"rendered":"https:\/\/www.hediyepazar.com\/?product=dora-el-orgu-ipi-yunu-100-gr-007-gri"},"modified":"2026-04-30T00:16:22","modified_gmt":"2026-04-30T03:16:22","slug":"dora-el-orgu-ipi-yunu-100-gr-007-gri","status":"publish","type":"product","link":"https:\/\/www.hediyepazar.com\/?product=dora-el-orgu-ipi-yunu-100-gr-007-gri","title":{"rendered":"Dora El \u00d6rg\u00fc \u0130pi Y\u00fcn\u00fc 100 gr 007 Gri"},"content":{"rendered":"<table style=\"border-collapse:collapse; width:98pt; border:none\" width=\"131\">\n<colgroup>\n<col style=\"width:98pt\" width=\"131\" \/>\n\t<\/colgroup>\n<tbody>\n<tr height=\"20\" style=\"height:15.0pt\">\n<td class=\"xl65\" height=\"20\" style=\"border:none; height:15.0pt; width:98pt; white-space:nowrap; padding-top:1px; padding-right:1px; padding-left:1px; vertical-align:bottom\" width=\"131\"><span style=\"font-size:11pt\"><span style=\"color:black\"><span style=\"font-weight:400\"><span style=\"font-style:normal\"><span style=\"text-decoration:none\"><span style=\"font-family:Calibri,sans-serif\">Dora El &Ouml;rg&uuml; \u0130pi Y&uuml;n&uuml; 100 gr 007 Gri<br \/>\n\t\t\t&Ouml;ren Bayan Dora El &Ouml;rg&uuml; \u0130pi,<br \/>\n\t\t\tdi\u011fer ismi ile usta &ouml;rg&uuml;c&uuml;lerin patik ipi,<br \/>\n\t\t\thatta efsane &uuml;r&uuml;n&uuml; siyah baba pati\u011fi.<br \/>\n\t\t\tKlasik, bol renk &ccedil;e\u015fidi ile &ccedil;ok ayr\u0131cal\u0131kl\u0131 bir koleksiyon.<br \/>\n\t\t\tA\u011f\u0131rl\u0131\u011f\u0131 100 gram, uzunlu\u011fu 240 metredir.<br \/>\n\t\t\t% 100 Akrilik (Yapay Elyaf)&#39;den &uuml;retilmi\u015ftir.<br \/>\n\t\t\tDo\u011fal y&uuml;n veya lif kullan\u0131lmad\u0131\u011f\u0131 i&ccedil;in y&uuml;n alerjisi olanlar i&ccedil;in ideal alternatiftir.<br \/>\n\t\t\t&Uuml;retici taraf\u0131ndan 3 &#8211; 3,5 mm \u015fi\u015f veya 3 numara t\u0131\u011f ile kullan\u0131lmas\u0131 tavsiye edilmektedir.<br \/>\n\t\t\t&Ouml;ren Bayan Dora El &Ouml;rg&uuml; \u0130pi ile &ouml;rd&uuml;\u011f&uuml;n&uuml;z &ouml;rg&uuml;lerinizi elde y\u0131kaman\u0131z &ouml;nerilir.<br \/>\n\t\t\t&Ccedil;ama\u015f\u0131r makinas\u0131nda 30 derecede y\u0131kay\u0131n\u0131z.<br \/>\n\t\t\tM&uuml;mk&uuml;nse sererek kurutunuz.<br \/>\n\t\t\tD&uuml;\u015f&uuml;k \u0131s\u0131 ile &uuml;t&uuml; yap\u0131labilir.<br \/>\n\t\t\t&Ouml;rg&uuml;lerinizi daha uzun s&uuml;reli kullanmak i&ccedil;in y\u0131kama talimat\u0131na uyman\u0131z tavsiye edilir.<br \/>\n\t\t\tGramaj: 100 Gram<br \/>\n\t\t\t\u0130&ccedil;erik : %100 Akrilik<br \/>\n\t\t\tMetraj: 240 Metre<br \/>\n\t\t\tSezon: Sonbahar\/K\u0131\u015f<br \/>\n\t\t\t\u015ei\u015f: 3-3,5 No<br \/>\n\t\t\tT\u0131\u011f: 3 No<br \/>\n\t\t\tKal\u0131nl\u0131k Grubu : Orta<br \/>\n\t\t\tKullan\u0131m Alanlar\u0131: H\u0131rka, yelek, s&uuml;veter, aksesuar ve daha bir&ccedil;ok &ouml;rg&uuml;de kullan\u0131ma uygundur.<br \/>\n\t\t\tPaket i&ccedil;eri\u011fi: 1 adet Dora El &Ouml;rg&uuml; \u0130pi Y&uuml;n&uuml; 100 gr 007 Gri<\/span><\/span><\/span><\/span><\/span><\/span><\/td>\n<\/tr>\n<\/tbody>\n<\/table>\n","protected":false},"excerpt":{"rendered":"<p>Dora El \u00d6rg\u00fc \u0130pi Y\u00fcn\u00fc 100 gr 007 Gri<\/p>\n","protected":false},"featured_media":78139,"comment_status":"open","ping_status":"closed","template":"","meta":{"_kad_post_transparent":"","_kad_post_title":"","_kad_post_layout":"","_kad_post_sidebar_id":"","_kad_post_content_style":"","_kad_post_vertical_padding":"","_kad_post_feature":"","_kad_post_feature_position":"","_kad_post_header":false,"_kad_post_footer":false,"_kad_post_classname":""},"product_brand":[],"product_cat":[557,568,569],"product_tag":[],"class_list":{"0":"post-78140","1":"product","2":"type-product","3":"status-publish","4":"has-post-thumbnail","6":"product_cat-ev-yasam","7":"product_cat-hobi","8":"product_cat-hobi-malzemeleri","10":"first","11":"instock","12":"shipping-taxable","13":"purchasable","14":"product-type-simple","15":"entry","16":"content-bg","17":"loop-entry"},"_links":{"self":[{"href":"https:\/\/www.hediyepazar.com\/index.php?rest_route=\/wp\/v2\/product\/78140","targetHints":{"allow":["GET"]}}],"collection":[{"href":"https:\/\/www.hediyepazar.com\/index.php?rest_route=\/wp\/v2\/product"}],"about":[{"href":"https:\/\/www.hediyepazar.com\/index.php?rest_route=\/wp\/v2\/types\/product"}],"replies":[{"embeddable":true,"href":"https:\/\/www.hediyepazar.com\/index.php?rest_route=%2Fwp%2Fv2%2Fcomments&post=78140"}],"wp:featuredmedia":[{"embeddable":true,"href":"https:\/\/www.hediyepazar.com\/index.php?rest_route=\/wp\/v2\/media\/78139"}],"wp:attachment":[{"href":"https:\/\/www.hediyepazar.com\/index.php?rest_route=%2Fwp%2Fv2%2Fmedia&parent=78140"}],"wp:term":[{"taxonomy":"product_brand","embeddable":true,"href":"https:\/\/www.hediyepazar.com\/index.php?rest_route=%2Fwp%2Fv2%2Fproduct_brand&post=78140"},{"taxonomy":"product_cat","embeddable":true,"href":"https:\/\/www.hediyepazar.com\/index.php?rest_route=%2Fwp%2Fv2%2Fproduct_cat&post=78140"},{"taxonomy":"product_tag","embeddable":true,"href":"https:\/\/www.hediyepazar.com\/index.php?rest_route=%2Fwp%2Fv2%2Fproduct_tag&post=78140"}],"curies":[{"name":"wp","href":"https:\/\/api.w.org\/{rel}","templated":true}]}}