{"id":78278,"date":"2026-04-30T00:38:14","date_gmt":"2026-04-30T03:38:14","guid":{"rendered":"https:\/\/www.hediyepazar.com\/?product=osmanli-kalin-siyah-banyo-hamam-kesesi-25x17-cm-2"},"modified":"2026-04-30T00:38:14","modified_gmt":"2026-04-30T03:38:14","slug":"osmanli-kalin-siyah-banyo-hamam-kesesi-25x17-cm-2","status":"publish","type":"product","link":"https:\/\/www.hediyepazar.com\/?product=osmanli-kalin-siyah-banyo-hamam-kesesi-25x17-cm-2","title":{"rendered":"Osmanl\u0131 Kal\u0131n Siyah Banyo Hamam Kesesi 25&#215;17 Cm"},"content":{"rendered":"<table style=\"border-collapse:collapse; width:65pt; border:none\" width=\"86\">\n<colgroup>\n<col style=\"width:65pt\" width=\"86\" \/>\n\t<\/colgroup>\n<tbody>\n<tr height=\"20\" style=\"height:15.0pt\">\n<td height=\"20\" style=\"border:none; height:15.0pt; width:65pt; padding-top:1px; padding-right:1px; padding-left:1px; vertical-align:bottom; white-space:nowrap\" width=\"86\"><span style=\"font-size:11pt\"><span style=\"color:black\"><span style=\"font-weight:400\"><span style=\"font-style:normal\"><span style=\"text-decoration:none\"><span style=\"font-family:Calibri,sans-serif\">Osmanl\u0131 Kal\u0131n Siyah Banyo Hamam Kesesi 25&#215;17 Cm<br \/>\n\t\t\tKelebek kese Orta kal\u0131nl\u0131kta<br \/>\n\t\t\tNormal ciltler i&ccedil;in hamam, spa, sauna ve ki\u015fisel kullan\u0131m.<br \/>\n\t\t\tDoku: orta kal\u0131nl\u0131k<br \/>\n\t\t\tNe Sert nede &ccedil;ok ince bir &uuml;r&uuml;n olmad\u0131\u011f\u0131ndan &ccedil;ok tercih edilen &uuml;r&uuml;n&uuml;m&uuml;zd&uuml;r.<br \/>\n\t\t\tFaydalar\u0131:<br \/>\n\t\t\tG&ouml;zeneklerdeki kiri atar.<br \/>\n\t\t\tTerlemeyi &ouml;nleyen &ouml;l&uuml; h&uuml;crelerden ar\u0131nd\u0131r\u0131r kalp at\u0131\u015flar\u0131n\u0131 ve tansiyonu d&uuml;zenler.<br \/>\n\t\t\tCildinizin tekrar yumu\u015fakl\u0131k ve parlakl\u0131k kazanmas\u0131n\u0131 sa\u011flar.<br \/>\n\t\t\tPaket i&ccedil;eri\u011fi:<br \/>\n\t\t\t1 Adet Osmanl\u0131 Kal\u0131n Siyah Banyo Hamam Kesesi 25&#215;17 Cm<\/span><\/span><\/span><\/span><\/span><\/span><\/td>\n<\/tr>\n<\/tbody>\n<\/table>\n","protected":false},"excerpt":{"rendered":"<p>Osmanl\u0131 Kal\u0131n Siyah Banyo Hamam Kesesi 25&#215;17 Cm<\/p>\n","protected":false},"featured_media":78277,"comment_status":"open","ping_status":"closed","template":"","meta":{"_kad_post_transparent":"","_kad_post_title":"","_kad_post_layout":"","_kad_post_sidebar_id":"","_kad_post_content_style":"","_kad_post_vertical_padding":"","_kad_post_feature":"","_kad_post_feature_position":"","_kad_post_header":false,"_kad_post_footer":false,"_kad_post_classname":""},"product_brand":[],"product_cat":[582,566,452],"product_tag":[],"class_list":{"0":"post-78278","1":"product","2":"type-product","3":"status-publish","4":"has-post-thumbnail","6":"product_cat-banyo-dus-urunleri","7":"product_cat-cilt-bakimi","8":"product_cat-kozmetik","10":"first","11":"instock","12":"shipping-taxable","13":"purchasable","14":"product-type-simple","15":"entry","16":"content-bg","17":"loop-entry"},"_links":{"self":[{"href":"https:\/\/www.hediyepazar.com\/index.php?rest_route=\/wp\/v2\/product\/78278","targetHints":{"allow":["GET"]}}],"collection":[{"href":"https:\/\/www.hediyepazar.com\/index.php?rest_route=\/wp\/v2\/product"}],"about":[{"href":"https:\/\/www.hediyepazar.com\/index.php?rest_route=\/wp\/v2\/types\/product"}],"replies":[{"embeddable":true,"href":"https:\/\/www.hediyepazar.com\/index.php?rest_route=%2Fwp%2Fv2%2Fcomments&post=78278"}],"wp:featuredmedia":[{"embeddable":true,"href":"https:\/\/www.hediyepazar.com\/index.php?rest_route=\/wp\/v2\/media\/78277"}],"wp:attachment":[{"href":"https:\/\/www.hediyepazar.com\/index.php?rest_route=%2Fwp%2Fv2%2Fmedia&parent=78278"}],"wp:term":[{"taxonomy":"product_brand","embeddable":true,"href":"https:\/\/www.hediyepazar.com\/index.php?rest_route=%2Fwp%2Fv2%2Fproduct_brand&post=78278"},{"taxonomy":"product_cat","embeddable":true,"href":"https:\/\/www.hediyepazar.com\/index.php?rest_route=%2Fwp%2Fv2%2Fproduct_cat&post=78278"},{"taxonomy":"product_tag","embeddable":true,"href":"https:\/\/www.hediyepazar.com\/index.php?rest_route=%2Fwp%2Fv2%2Fproduct_tag&post=78278"}],"curies":[{"name":"wp","href":"https:\/\/api.w.org\/{rel}","templated":true}]}}