{"id":78358,"date":"2026-04-30T00:48:14","date_gmt":"2026-04-30T03:48:14","guid":{"rendered":"https:\/\/www.hediyepazar.com\/?product=pofuduk-ev-bahce-teras-ipli-sandalye-minderi-35x35-cm-d4"},"modified":"2026-04-30T00:48:14","modified_gmt":"2026-04-30T03:48:14","slug":"pofuduk-ev-bahce-teras-ipli-sandalye-minderi-35x35-cm-d4","status":"publish","type":"product","link":"https:\/\/www.hediyepazar.com\/?product=pofuduk-ev-bahce-teras-ipli-sandalye-minderi-35x35-cm-d4","title":{"rendered":"Pofuduk Ev Bah\u00e7e Teras \u0130pli Sandalye Minderi 35&#215;35 cm D4"},"content":{"rendered":"<table style=\"border-collapse:collapse; width:125pt; border:none\" width=\"167\">\n<colgroup>\n<col style=\"width:125pt\" width=\"167\" \/>\n\t<\/colgroup>\n<tbody>\n<tr height=\"20\" style=\"height:15.0pt\">\n<td class=\"xl66\" height=\"20\" style=\"border:none; height:15.0pt; width:125pt; white-space:nowrap; padding-top:1px; padding-right:1px; padding-left:1px; vertical-align:bottom\" width=\"167\"><span style=\"font-size:11pt\"><span style=\"color:black\"><span style=\"font-weight:400\"><span style=\"font-style:normal\"><span style=\"text-decoration:none\"><span style=\"font-family:Calibri,sans-serif\">Pofuduk Ev Bah&ccedil;e Teras \u0130pli Sandalye Minderi 35&#215;35 cm D4<br \/>\n\t\t\tPofuduk Ev Bah&ccedil;e Teras \u0130pli Sandalye Minderleri<br \/>\n\t\t\tBalkon dizayn\u0131nda veya bah&ccedil;e mutfak teras sandalyelerinizde<br \/>\n\t\t\them dekor hemde konfor ama&ccedil;l\u0131 kullan\u0131lmaktad\u0131r.<br \/>\n\t\t\tPofuduk yumu\u015fak yap\u0131s\u0131 ile &uuml;st d&uuml;zey konfor sa\u011flar.<br \/>\n\t\t\tSandalyeye ba\u011flamak i&ccedil;in ba\u011flant\u0131 noktalar\u0131 mevcuttur.<br \/>\n\t\t\tBu sayede kayma veya d&uuml;\u015fme yapmaz \u015f\u0131k ve konforlu oturma alan\u0131 olu\u015fturur.<br \/>\n\t\t\tTeras dekorunuza, ev dekorunuza veya mutfak dekorunuza uygun olacak \u015fekilde desenleri mevcuttur.<br \/>\n\t\t\tHer alana uyumlu renk se&ccedil;ene\u011fi ile konforlu ya\u015fam alanlar\u0131 olu\u015fturabilirsiniz.<br \/>\n\t\t\t35&#215;35 cm &ouml;l&ccedil;&uuml;lerinde standart her sandalyeye uyumludur.<br \/>\n\t\t\tDeforme olmaz.<br \/>\n\t\t\tY\u0131kanabilir &ouml;zelliktedir.<br \/>\n\t\t\tMakinada veya elde y\u0131kanabilir.<br \/>\n\t\t\t30 derecede a\u011fart\u0131c\u0131 kullanmadan y\u0131kay\u0131n\u0131z.<br \/>\n\t\t\tRoyaleks ailesi olarak mutlu g&uuml;nlerde kullanman\u0131z\u0131 temenni ederiz.<br \/>\n\t\t\tPaket i&ccedil;eri\u011fi: 1 Adet Pofuduk Ev Bah&ccedil;e Teras \u0130pli Sandalye Minderi 35&#215;35 cm D4<\/span><\/span><\/span><\/span><\/span><\/span><\/td>\n<\/tr>\n<\/tbody>\n<\/table>\n","protected":false},"excerpt":{"rendered":"<p>Pofuduk Ev Bah\u00e7e Teras \u0130pli Sandalye Minderi 35&#215;35 cm D4<\/p>\n","protected":false},"featured_media":78357,"comment_status":"open","ping_status":"closed","template":"","meta":{"_kad_post_transparent":"","_kad_post_title":"","_kad_post_layout":"","_kad_post_sidebar_id":"","_kad_post_content_style":"","_kad_post_vertical_padding":"","_kad_post_feature":"","_kad_post_feature_position":"","_kad_post_header":false,"_kad_post_footer":false,"_kad_post_classname":""},"product_brand":[],"product_cat":[557,624,623],"product_tag":[],"class_list":{"0":"post-78358","1":"product","2":"type-product","3":"status-publish","4":"has-post-thumbnail","6":"product_cat-ev-yasam","7":"product_cat-minder","8":"product_cat-mobilya","10":"first","11":"instock","12":"shipping-taxable","13":"purchasable","14":"product-type-simple","15":"entry","16":"content-bg","17":"loop-entry"},"_links":{"self":[{"href":"https:\/\/www.hediyepazar.com\/index.php?rest_route=\/wp\/v2\/product\/78358","targetHints":{"allow":["GET"]}}],"collection":[{"href":"https:\/\/www.hediyepazar.com\/index.php?rest_route=\/wp\/v2\/product"}],"about":[{"href":"https:\/\/www.hediyepazar.com\/index.php?rest_route=\/wp\/v2\/types\/product"}],"replies":[{"embeddable":true,"href":"https:\/\/www.hediyepazar.com\/index.php?rest_route=%2Fwp%2Fv2%2Fcomments&post=78358"}],"wp:featuredmedia":[{"embeddable":true,"href":"https:\/\/www.hediyepazar.com\/index.php?rest_route=\/wp\/v2\/media\/78357"}],"wp:attachment":[{"href":"https:\/\/www.hediyepazar.com\/index.php?rest_route=%2Fwp%2Fv2%2Fmedia&parent=78358"}],"wp:term":[{"taxonomy":"product_brand","embeddable":true,"href":"https:\/\/www.hediyepazar.com\/index.php?rest_route=%2Fwp%2Fv2%2Fproduct_brand&post=78358"},{"taxonomy":"product_cat","embeddable":true,"href":"https:\/\/www.hediyepazar.com\/index.php?rest_route=%2Fwp%2Fv2%2Fproduct_cat&post=78358"},{"taxonomy":"product_tag","embeddable":true,"href":"https:\/\/www.hediyepazar.com\/index.php?rest_route=%2Fwp%2Fv2%2Fproduct_tag&post=78358"}],"curies":[{"name":"wp","href":"https:\/\/api.w.org\/{rel}","templated":true}]}}