{"id":78366,"date":"2026-04-30T00:48:29","date_gmt":"2026-04-30T03:48:29","guid":{"rendered":"https:\/\/www.hediyepazar.com\/?product=cup-silikonlu-emzirme-sutyen-beyaz"},"modified":"2026-04-30T00:48:29","modified_gmt":"2026-04-30T03:48:29","slug":"cup-silikonlu-emzirme-sutyen-beyaz","status":"publish","type":"product","link":"https:\/\/www.hediyepazar.com\/?product=cup-silikonlu-emzirme-sutyen-beyaz","title":{"rendered":"Cup Silikonlu Emzirme S\u00fctyen Beyaz"},"content":{"rendered":"<table style=\"border-collapse:collapse; width:65pt; border:none\" width=\"86\">\n<colgroup>\n<col style=\"width:65pt\" width=\"86\" \/>\n\t<\/colgroup>\n<tbody>\n<tr height=\"20\" style=\"height:15.0pt\">\n<td height=\"20\" style=\"border:none; height:15.0pt; width:65pt; padding-top:1px; padding-right:1px; padding-left:1px; vertical-align:bottom; white-space:nowrap\" width=\"86\"><span style=\"font-size:11pt\"><span style=\"color:black\"><span style=\"font-weight:400\"><span style=\"font-style:normal\"><span style=\"text-decoration:none\"><span style=\"font-family:Calibri,sans-serif\">Cup Silikonlu Emzirme S&uuml;tyen Beyaz<br \/>\n\t\t\tYumu\u015fak y&uuml;zeyli, s\u0131k dokuludur&nbsp; tahri\u015f etmez, ferahl\u0131k verir.<br \/>\n\t\t\tUzun &ouml;m&uuml;rl&uuml; ve sa\u011fl\u0131kl\u0131d\u0131r.<br \/>\n\t\t\tKolay a&ccedil;\u0131lan klipsleri, &ccedil;ama\u015f\u0131r\u0131n\u0131z\u0131 &ccedil;\u0131karmadan bebe\u011finizi kolay emzirmenizi sa\u011flar<br \/>\n\t\t\tRahat\u0131n\u0131z ve sa\u011fl\u0131\u011f\u0131n\u0131z i&ccedil;in esnek bir yap\u0131ya sahip pamuk iplikten &uuml;retilmi\u015ftir.<\/span><\/span><\/span><\/span><\/span><\/span><\/td>\n<\/tr>\n<tr>\n<td height=\"20\" style=\"border:none; height:15.0pt; width:65pt; padding-top:1px; padding-right:1px; padding-left:1px; vertical-align:bottom; white-space:nowrap\" width=\"86\">&nbsp;<\/td>\n<\/tr>\n<\/tbody>\n<\/table>\n","protected":false},"excerpt":{"rendered":"<p>Cup Silikonlu Emzirme S\u00fctyen Beyaz<\/p>\n","protected":false},"featured_media":78365,"comment_status":"open","ping_status":"closed","template":"","meta":{"_kad_post_transparent":"","_kad_post_title":"","_kad_post_layout":"","_kad_post_sidebar_id":"","_kad_post_content_style":"","_kad_post_vertical_padding":"","_kad_post_feature":"","_kad_post_feature_position":"","_kad_post_header":false,"_kad_post_footer":false,"_kad_post_classname":""},"product_brand":[],"product_cat":[538,537,613],"product_tag":[],"class_list":{"0":"post-78366","1":"product","2":"type-product","3":"status-publish","4":"has-post-thumbnail","6":"product_cat-ic-giyim","7":"product_cat-kadin","8":"product_cat-sutyen","10":"first","11":"instock","12":"shipping-taxable","13":"purchasable","14":"product-type-simple","15":"entry","16":"content-bg","17":"loop-entry"},"_links":{"self":[{"href":"https:\/\/www.hediyepazar.com\/index.php?rest_route=\/wp\/v2\/product\/78366","targetHints":{"allow":["GET"]}}],"collection":[{"href":"https:\/\/www.hediyepazar.com\/index.php?rest_route=\/wp\/v2\/product"}],"about":[{"href":"https:\/\/www.hediyepazar.com\/index.php?rest_route=\/wp\/v2\/types\/product"}],"replies":[{"embeddable":true,"href":"https:\/\/www.hediyepazar.com\/index.php?rest_route=%2Fwp%2Fv2%2Fcomments&post=78366"}],"wp:featuredmedia":[{"embeddable":true,"href":"https:\/\/www.hediyepazar.com\/index.php?rest_route=\/wp\/v2\/media\/78365"}],"wp:attachment":[{"href":"https:\/\/www.hediyepazar.com\/index.php?rest_route=%2Fwp%2Fv2%2Fmedia&parent=78366"}],"wp:term":[{"taxonomy":"product_brand","embeddable":true,"href":"https:\/\/www.hediyepazar.com\/index.php?rest_route=%2Fwp%2Fv2%2Fproduct_brand&post=78366"},{"taxonomy":"product_cat","embeddable":true,"href":"https:\/\/www.hediyepazar.com\/index.php?rest_route=%2Fwp%2Fv2%2Fproduct_cat&post=78366"},{"taxonomy":"product_tag","embeddable":true,"href":"https:\/\/www.hediyepazar.com\/index.php?rest_route=%2Fwp%2Fv2%2Fproduct_tag&post=78366"}],"curies":[{"name":"wp","href":"https:\/\/api.w.org\/{rel}","templated":true}]}}