{"id":78374,"date":"2026-04-30T00:48:55","date_gmt":"2026-04-30T03:48:55","guid":{"rendered":"https:\/\/www.hediyepazar.com\/?product=10-adet-dogal-bambu-pipet-vegan-pipeti-ve-temizleme-fircasi"},"modified":"2026-04-30T00:48:55","modified_gmt":"2026-04-30T03:48:55","slug":"10-adet-dogal-bambu-pipet-vegan-pipeti-ve-temizleme-fircasi","status":"publish","type":"product","link":"https:\/\/www.hediyepazar.com\/?product=10-adet-dogal-bambu-pipet-vegan-pipeti-ve-temizleme-fircasi","title":{"rendered":"10 Adet Do\u011fal Bambu Pipet Vegan Pipeti ve Temizleme F\u0131r\u00e7as\u0131"},"content":{"rendered":"<p>10 Adet Do\u011fal Bambu Pipet Vegan Pipeti ve Temizleme F\u0131r&ccedil;as\u0131<\/p>\n<p>Lastik pipetlerin aksine bambu pipetler kanserojen de\u011fildir ve sa\u011fl\u0131\u011fa zarar vermez.<br \/>\n&Ccedil;ocuklar\u0131n\u0131z\u0131n sa\u011fl\u0131\u011f\u0131 a&ccedil;\u0131s\u0131ndan plastik pipetlerin yerine do\u011fal bambu pipet , paslanmaz &ccedil;elik pipet veya cam pipet tercih ediniz.<br \/>\nTemizleme f\u0131r&ccedil;as\u0131 ile beraber g&ouml;nderilecektir.<br \/>\nUzun &ouml;m&uuml;rl&uuml;d&uuml;r. Temizli\u011fini yapt\u0131\u011f\u0131n\u0131zda uzun &ouml;m&uuml;rl&uuml; kullanabilirsiniz.<br \/>\nDo\u011faya zarar vermeyen bir i&ccedil;eri\u011fe sahip bambu pipet ekolojik faydas\u0131n\u0131n yan\u0131 s\u0131ra &ouml;zg&uuml;n tasar\u0131m\u0131 ile sizin i&ccedil;in &uuml;retildi.<br \/>\nPipetler 20 cm uzunlu\u011fundad\u0131r ve paket i&ccedil;erisinde 10 adet do\u011fal bambu pipet ile beraber 1 adet temizleme f\u0131r&ccedil;as\u0131 vard\u0131r.<br \/>\nPartilerinizde davetlerinizde misafirlerinizi &ouml;zel tasar\u0131m do\u011fal bambu pipetlerle etkileyin.<br \/>\nRoyaleks ailesi olarak sa\u011fl\u0131kl\u0131 g&uuml;nlerde kullanman\u0131z\u0131 temenni ederiz<\/p>\n","protected":false},"excerpt":{"rendered":"<p>10 Adet Do\u011fal Bambu Pipet Vegan Pipeti ve Temizleme F\u0131r\u00e7as\u0131<\/p>\n","protected":false},"featured_media":78373,"comment_status":"open","ping_status":"closed","template":"","meta":{"_kad_post_transparent":"","_kad_post_title":"","_kad_post_layout":"","_kad_post_sidebar_id":"","_kad_post_content_style":"","_kad_post_vertical_padding":"","_kad_post_feature":"","_kad_post_feature_position":"","_kad_post_header":false,"_kad_post_footer":false,"_kad_post_classname":""},"product_brand":[],"product_cat":[557,568,614],"product_tag":[],"class_list":{"0":"post-78374","1":"product","2":"type-product","3":"status-publish","4":"has-post-thumbnail","6":"product_cat-ev-yasam","7":"product_cat-hobi","8":"product_cat-parti-malzemeleri","10":"first","11":"instock","12":"shipping-taxable","13":"purchasable","14":"product-type-simple","15":"entry","16":"content-bg","17":"loop-entry"},"_links":{"self":[{"href":"https:\/\/www.hediyepazar.com\/index.php?rest_route=\/wp\/v2\/product\/78374","targetHints":{"allow":["GET"]}}],"collection":[{"href":"https:\/\/www.hediyepazar.com\/index.php?rest_route=\/wp\/v2\/product"}],"about":[{"href":"https:\/\/www.hediyepazar.com\/index.php?rest_route=\/wp\/v2\/types\/product"}],"replies":[{"embeddable":true,"href":"https:\/\/www.hediyepazar.com\/index.php?rest_route=%2Fwp%2Fv2%2Fcomments&post=78374"}],"wp:featuredmedia":[{"embeddable":true,"href":"https:\/\/www.hediyepazar.com\/index.php?rest_route=\/wp\/v2\/media\/78373"}],"wp:attachment":[{"href":"https:\/\/www.hediyepazar.com\/index.php?rest_route=%2Fwp%2Fv2%2Fmedia&parent=78374"}],"wp:term":[{"taxonomy":"product_brand","embeddable":true,"href":"https:\/\/www.hediyepazar.com\/index.php?rest_route=%2Fwp%2Fv2%2Fproduct_brand&post=78374"},{"taxonomy":"product_cat","embeddable":true,"href":"https:\/\/www.hediyepazar.com\/index.php?rest_route=%2Fwp%2Fv2%2Fproduct_cat&post=78374"},{"taxonomy":"product_tag","embeddable":true,"href":"https:\/\/www.hediyepazar.com\/index.php?rest_route=%2Fwp%2Fv2%2Fproduct_tag&post=78374"}],"curies":[{"name":"wp","href":"https:\/\/api.w.org\/{rel}","templated":true}]}}