{"id":78376,"date":"2026-04-30T00:49:03","date_gmt":"2026-04-30T03:49:03","guid":{"rendered":"https:\/\/www.hediyepazar.com\/?product=silikon-yapismaz-yuvarlak-form-kapakli-bas-cikar-buz-kalibi-buzluk"},"modified":"2026-04-30T00:49:03","modified_gmt":"2026-04-30T03:49:03","slug":"silikon-yapismaz-yuvarlak-form-kapakli-bas-cikar-buz-kalibi-buzluk","status":"publish","type":"product","link":"https:\/\/www.hediyepazar.com\/?product=silikon-yapismaz-yuvarlak-form-kapakli-bas-cikar-buz-kalibi-buzluk","title":{"rendered":"Silikon Yap\u0131\u015fmaz Yuvarlak Form Kapakl\u0131 Bas \u00c7\u0131kar Buz Kal\u0131b\u0131 Buzluk"},"content":{"rendered":"<p>Silikon Yap\u0131\u015fmaz Yuvarlak Form Kapakl\u0131 Bas &Ccedil;\u0131kar Buz Kal\u0131b\u0131 Buzluk<br \/>\nSilikon alt k\u0131sm\u0131 sayesinde kolayca basarak buzu kal\u0131ptan ay\u0131rabilirsiniz.<br \/>\nY&uuml;ksek kaliteli kanserojen madde i&ccedil;ermeyen silikondan &uuml;retilmi\u015ftir. ( BPA FREE)&nbsp;<br \/>\nKapa\u011f\u0131 sayesinde dolap kokusu i&ccedil;ine sinmemi\u015f buzlar &uuml;retebilirsiniz.<br \/>\nKapa\u011f\u0131n\u0131n &uuml;zerindeki doldurma haznesi sayesinde kapa\u011f\u0131 a&ccedil;madan suyu ekleyip dondurabilirsiniz.<br \/>\nKolay bas &ccedil;\u0131kar &ouml;zelli\u011fi sayesinde sadece buz de\u011fil kokteylleriniz ve yemekleriniz i&ccedil;in kahve veya limon sosu dondurup pratik kullan\u0131m sa\u011flayabilirsiniz.<br \/>\nRoyaleks ailesi olarak sa\u011fl\u0131kl\u0131 ve mutlu g&uuml;nlerde kullanman\u0131z dile\u011fiyle<br \/>\nRenk sto\u011fa g&ouml;re g&ouml;nderilecektir.<br \/>\nPaket i&ccedil;eri\u011fi : 1 adet kapakl\u0131 yap\u0131\u015fmaz bas &ccedil;\u0131kar buz kal\u0131b\u0131 buzluk<br \/>\n&nbsp;<\/p>\n","protected":false},"excerpt":{"rendered":"<p>Silikon Yap\u0131\u015fmaz Yuvarlak Form Kapakl\u0131 Bas \u00c7\u0131kar Buz Kal\u0131b\u0131 Buzluk<\/p>\n","protected":false},"featured_media":78375,"comment_status":"open","ping_status":"closed","template":"","meta":{"_kad_post_transparent":"","_kad_post_title":"","_kad_post_layout":"","_kad_post_sidebar_id":"","_kad_post_content_style":"","_kad_post_vertical_padding":"","_kad_post_feature":"","_kad_post_feature_position":"","_kad_post_header":false,"_kad_post_footer":false,"_kad_post_classname":""},"product_brand":[],"product_cat":[557,602,558],"product_tag":[],"class_list":{"0":"post-78376","1":"product","2":"type-product","3":"status-publish","4":"has-post-thumbnail","6":"product_cat-ev-yasam","7":"product_cat-mutfak-saklama-duzenleme","8":"product_cat-sofra-mutfak-2","10":"first","11":"instock","12":"shipping-taxable","13":"purchasable","14":"product-type-simple","15":"entry","16":"content-bg","17":"loop-entry"},"_links":{"self":[{"href":"https:\/\/www.hediyepazar.com\/index.php?rest_route=\/wp\/v2\/product\/78376","targetHints":{"allow":["GET"]}}],"collection":[{"href":"https:\/\/www.hediyepazar.com\/index.php?rest_route=\/wp\/v2\/product"}],"about":[{"href":"https:\/\/www.hediyepazar.com\/index.php?rest_route=\/wp\/v2\/types\/product"}],"replies":[{"embeddable":true,"href":"https:\/\/www.hediyepazar.com\/index.php?rest_route=%2Fwp%2Fv2%2Fcomments&post=78376"}],"wp:featuredmedia":[{"embeddable":true,"href":"https:\/\/www.hediyepazar.com\/index.php?rest_route=\/wp\/v2\/media\/78375"}],"wp:attachment":[{"href":"https:\/\/www.hediyepazar.com\/index.php?rest_route=%2Fwp%2Fv2%2Fmedia&parent=78376"}],"wp:term":[{"taxonomy":"product_brand","embeddable":true,"href":"https:\/\/www.hediyepazar.com\/index.php?rest_route=%2Fwp%2Fv2%2Fproduct_brand&post=78376"},{"taxonomy":"product_cat","embeddable":true,"href":"https:\/\/www.hediyepazar.com\/index.php?rest_route=%2Fwp%2Fv2%2Fproduct_cat&post=78376"},{"taxonomy":"product_tag","embeddable":true,"href":"https:\/\/www.hediyepazar.com\/index.php?rest_route=%2Fwp%2Fv2%2Fproduct_tag&post=78376"}],"curies":[{"name":"wp","href":"https:\/\/api.w.org\/{rel}","templated":true}]}}