{"id":78388,"date":"2026-04-30T00:49:48","date_gmt":"2026-04-30T03:49:48","guid":{"rendered":"https:\/\/www.hediyepazar.com\/?product=festival-simli-orgu-ipi-yunu-renk-no217"},"modified":"2026-04-30T00:49:48","modified_gmt":"2026-04-30T03:49:48","slug":"festival-simli-orgu-ipi-yunu-renk-no217","status":"publish","type":"product","link":"https:\/\/www.hediyepazar.com\/?product=festival-simli-orgu-ipi-yunu-renk-no217","title":{"rendered":"Festival Simli \u00d6rg\u00fc \u0130pi Y\u00fcn\u00fc Renk No:217"},"content":{"rendered":"<table style=\"border-collapse:collapse; width:98pt; border:none\" width=\"131\">\n<colgroup>\n<col style=\"width:98pt\" width=\"131\" \/>\n\t<\/colgroup>\n<tbody>\n<tr height=\"20\" style=\"height:15.0pt\">\n<td class=\"xl65\" height=\"20\" style=\"border:none; height:15.0pt; width:98pt; white-space:nowrap; padding-top:1px; padding-right:1px; padding-left:1px; vertical-align:bottom\" width=\"131\"><span style=\"font-size:11pt\"><span style=\"color:black\"><span style=\"font-weight:400\"><span style=\"font-style:normal\"><span style=\"text-decoration:none\"><span style=\"font-family:Calibri,sans-serif\">Festival Simli &Ouml;rg&uuml; \u0130pi Y&uuml;n&uuml; Renk No:217<br \/>\n\t\t\t\u015e\u0131k, &ouml;zel, farkl\u0131 bir y&uuml;n, Bonbon Festival ile muhte\u015fem &ouml;rg&uuml;ler sizi bekliyor.<br \/>\n\t\t\tGeni\u015f renk yelpazesi ve simli yap\u0131s\u0131 ile vazge&ccedil;ilmeziniz olacak.<br \/>\n\t\t\t&Uuml;R&Uuml;N &Ouml;ZELL\u0130KLER\u0130<br \/>\n\t\t\tKar\u0131\u015f\u0131m\u0131 (Hammaddesi): %94 Akrilik %6 Sim<br \/>\n\t\t\tYumak gramaj\u0131: 100 g<br \/>\n\t\t\tEtiket metraj\u0131: 300 m<br \/>\n\t\t\t\u0130lgili \u015fi\u015f numaralar\u0131: 3.5 &#8211; 4<br \/>\n\t\t\t\u0130lgili t\u0131\u011f numaralar\u0131: 3<br \/>\n\t\t\t\u0130lmek bilgisi: 10&#215;10 cm &ouml;l&ccedil;&uuml; i&ccedil;in 28 S\u0131ra 22 \u0130lmek<br \/>\n\t\t\tMevsim: \u0130lkbahar, Sonbahar<br \/>\n\t\t\tNerede kullan\u0131labilir?: H\u0131rka, kazak, \u015fal, ev tekstili, atk\u0131, bere vb. aksesuar malzemeleri<\/p>\n<p>\t\t\tPaket i&ccedil;eri\u011fi: 1 Adet Festival Simli &Ouml;rg&uuml; \u0130pi Y&uuml;n&uuml; Renk No:217<\/span><\/span><\/span><\/span><\/span><\/span><\/td>\n<\/tr>\n<\/tbody>\n<\/table>\n","protected":false},"excerpt":{"rendered":"<p>Festival Simli \u00d6rg\u00fc \u0130pi Y\u00fcn\u00fc Renk No:217<\/p>\n","protected":false},"featured_media":78387,"comment_status":"open","ping_status":"closed","template":"","meta":{"_kad_post_transparent":"","_kad_post_title":"","_kad_post_layout":"","_kad_post_sidebar_id":"","_kad_post_content_style":"","_kad_post_vertical_padding":"","_kad_post_feature":"","_kad_post_feature_position":"","_kad_post_header":false,"_kad_post_footer":false,"_kad_post_classname":""},"product_brand":[],"product_cat":[557,568,569],"product_tag":[],"class_list":{"0":"post-78388","1":"product","2":"type-product","3":"status-publish","4":"has-post-thumbnail","6":"product_cat-ev-yasam","7":"product_cat-hobi","8":"product_cat-hobi-malzemeleri","10":"first","11":"instock","12":"shipping-taxable","13":"purchasable","14":"product-type-simple","15":"entry","16":"content-bg","17":"loop-entry"},"_links":{"self":[{"href":"https:\/\/www.hediyepazar.com\/index.php?rest_route=\/wp\/v2\/product\/78388","targetHints":{"allow":["GET"]}}],"collection":[{"href":"https:\/\/www.hediyepazar.com\/index.php?rest_route=\/wp\/v2\/product"}],"about":[{"href":"https:\/\/www.hediyepazar.com\/index.php?rest_route=\/wp\/v2\/types\/product"}],"replies":[{"embeddable":true,"href":"https:\/\/www.hediyepazar.com\/index.php?rest_route=%2Fwp%2Fv2%2Fcomments&post=78388"}],"wp:featuredmedia":[{"embeddable":true,"href":"https:\/\/www.hediyepazar.com\/index.php?rest_route=\/wp\/v2\/media\/78387"}],"wp:attachment":[{"href":"https:\/\/www.hediyepazar.com\/index.php?rest_route=%2Fwp%2Fv2%2Fmedia&parent=78388"}],"wp:term":[{"taxonomy":"product_brand","embeddable":true,"href":"https:\/\/www.hediyepazar.com\/index.php?rest_route=%2Fwp%2Fv2%2Fproduct_brand&post=78388"},{"taxonomy":"product_cat","embeddable":true,"href":"https:\/\/www.hediyepazar.com\/index.php?rest_route=%2Fwp%2Fv2%2Fproduct_cat&post=78388"},{"taxonomy":"product_tag","embeddable":true,"href":"https:\/\/www.hediyepazar.com\/index.php?rest_route=%2Fwp%2Fv2%2Fproduct_tag&post=78388"}],"curies":[{"name":"wp","href":"https:\/\/api.w.org\/{rel}","templated":true}]}}