{"id":78442,"date":"2026-04-30T00:52:58","date_gmt":"2026-04-30T03:52:58","guid":{"rendered":"https:\/\/www.hediyepazar.com\/?product=dolgusuz-full-dantelli-sutyen-takimi-lacivert"},"modified":"2026-04-30T00:52:58","modified_gmt":"2026-04-30T03:52:58","slug":"dolgusuz-full-dantelli-sutyen-takimi-lacivert","status":"publish","type":"product","link":"https:\/\/www.hediyepazar.com\/?product=dolgusuz-full-dantelli-sutyen-takimi-lacivert","title":{"rendered":"Dolgusuz Full Dantelli S\u00fctyen Tak\u0131m\u0131 Lacivert"},"content":{"rendered":"<table style=\"border-collapse:collapse; width:65pt; border:none\" width=\"86\">\n<colgroup>\n<col style=\"width:65pt\" width=\"86\" \/>\n\t<\/colgroup>\n<tbody>\n<tr height=\"20\" style=\"height:15.0pt\">\n<td height=\"20\" style=\"border:none; height:15.0pt; width:65pt; padding-top:1px; padding-right:1px; padding-left:1px; vertical-align:bottom; white-space:nowrap\" width=\"86\"><span style=\"font-size:11pt\"><span style=\"color:black\"><span style=\"font-weight:400\"><span style=\"font-style:normal\"><span style=\"text-decoration:none\"><span style=\"font-family:Calibri,sans-serif\">Dolgusuz Full Dantelli S&uuml;tyen Tak\u0131m\u0131 Lacivert<br \/>\n\t\t\tRoyaleks olarak, hem &ouml;zel g&uuml;nlerinizde hem de g&uuml;nl&uuml;k hayat\u0131n\u0131zda giyebilece\u011finiz \u015f\u0131k, cesur ve rahat tasar\u0131ml\u0131 s&uuml;tyen modellerini,<br \/>\n\t\t\tkaliteli kuma\u015f, zengin renk &ccedil;e\u015fitleri ile birle\u015ftirerek sizlere sunmaktay\u0131z.<br \/>\n\t\t\t%90 Polyamide Kuma\u015f<br \/>\n\t\t\t%10 Elastane Kuma\u015f<br \/>\n\t\t\tDantelli S&uuml;tyen<br \/>\n\t\t\tDolgusuz S&uuml;tyen<br \/>\n\t\t\tBalenli<br \/>\n\t\t\tPush Up ve desteksiz se&ccedil;ene\u011fi ile<br \/>\n\t\t\tAyarlanabilir ve &ccedil;\u0131kar\u0131labilir ask\u0131l\u0131<br \/>\n\t\t\tStandart Dantelli K&uuml;lot<\/span><\/span><\/span><\/span><\/span><\/span><\/td>\n<\/tr>\n<\/tbody>\n<\/table>\n","protected":false},"excerpt":{"rendered":"<p>Dolgusuz Full Dantelli S\u00fctyen Tak\u0131m\u0131 Lacivert<\/p>\n","protected":false},"featured_media":78441,"comment_status":"open","ping_status":"closed","template":"","meta":{"_kad_post_transparent":"","_kad_post_title":"","_kad_post_layout":"","_kad_post_sidebar_id":"","_kad_post_content_style":"","_kad_post_vertical_padding":"","_kad_post_feature":"","_kad_post_feature_position":"","_kad_post_header":false,"_kad_post_footer":false,"_kad_post_classname":""},"product_brand":[],"product_cat":[538,537,613],"product_tag":[],"class_list":{"0":"post-78442","1":"product","2":"type-product","3":"status-publish","4":"has-post-thumbnail","6":"product_cat-ic-giyim","7":"product_cat-kadin","8":"product_cat-sutyen","10":"first","11":"instock","12":"shipping-taxable","13":"purchasable","14":"product-type-simple","15":"entry","16":"content-bg","17":"loop-entry"},"_links":{"self":[{"href":"https:\/\/www.hediyepazar.com\/index.php?rest_route=\/wp\/v2\/product\/78442","targetHints":{"allow":["GET"]}}],"collection":[{"href":"https:\/\/www.hediyepazar.com\/index.php?rest_route=\/wp\/v2\/product"}],"about":[{"href":"https:\/\/www.hediyepazar.com\/index.php?rest_route=\/wp\/v2\/types\/product"}],"replies":[{"embeddable":true,"href":"https:\/\/www.hediyepazar.com\/index.php?rest_route=%2Fwp%2Fv2%2Fcomments&post=78442"}],"wp:featuredmedia":[{"embeddable":true,"href":"https:\/\/www.hediyepazar.com\/index.php?rest_route=\/wp\/v2\/media\/78441"}],"wp:attachment":[{"href":"https:\/\/www.hediyepazar.com\/index.php?rest_route=%2Fwp%2Fv2%2Fmedia&parent=78442"}],"wp:term":[{"taxonomy":"product_brand","embeddable":true,"href":"https:\/\/www.hediyepazar.com\/index.php?rest_route=%2Fwp%2Fv2%2Fproduct_brand&post=78442"},{"taxonomy":"product_cat","embeddable":true,"href":"https:\/\/www.hediyepazar.com\/index.php?rest_route=%2Fwp%2Fv2%2Fproduct_cat&post=78442"},{"taxonomy":"product_tag","embeddable":true,"href":"https:\/\/www.hediyepazar.com\/index.php?rest_route=%2Fwp%2Fv2%2Fproduct_tag&post=78442"}],"curies":[{"name":"wp","href":"https:\/\/api.w.org\/{rel}","templated":true}]}}