{"id":78472,"date":"2026-04-30T00:55:17","date_gmt":"2026-04-30T03:55:17","guid":{"rendered":"https:\/\/www.hediyepazar.com\/?product=cin-yagi-20-ml"},"modified":"2026-04-30T00:55:17","modified_gmt":"2026-04-30T03:55:17","slug":"cin-yagi-20-ml","status":"publish","type":"product","link":"https:\/\/www.hediyepazar.com\/?product=cin-yagi-20-ml","title":{"rendered":"\u00c7in Ya\u011f\u0131 20 Ml."},"content":{"rendered":"<table style=\"border-collapse:collapse; width:139pt; border:none\" width=\"185\">\n<colgroup>\n<col style=\"width:139pt\" width=\"185\" \/>\n\t<\/colgroup>\n<tbody>\n<tr height=\"17\" style=\"height:12.75pt\">\n<td class=\"xl66\" height=\"17\" style=\"border:none; height:12.75pt; width:139pt; padding-top:1px; padding-right:1px; padding-left:1px; vertical-align:bottom; white-space:nowrap\" width=\"185\"><span style=\"font-size:10pt\"><span style=\"color:black\"><span style=\"font-family:Calibri,sans-serif\"><span style=\"font-weight:400\"><span style=\"font-style:normal\"><span style=\"text-decoration:none\">Orika &Ccedil;in Ya\u011f\u0131 20 Ml.<\/span><\/span><\/span><\/span><\/span><\/span><\/td>\n<\/tr>\n<\/tbody>\n<\/table>\n","protected":false},"excerpt":{"rendered":"<p>\u00c7in Ya\u011f\u0131 20 Ml.<\/p>\n","protected":false},"featured_media":78471,"comment_status":"open","ping_status":"closed","template":"","meta":{"_kad_post_transparent":"","_kad_post_title":"","_kad_post_layout":"","_kad_post_sidebar_id":"","_kad_post_content_style":"","_kad_post_vertical_padding":"","_kad_post_feature":"","_kad_post_feature_position":"","_kad_post_header":false,"_kad_post_footer":false,"_kad_post_classname":""},"product_brand":[],"product_cat":[626,625],"product_tag":[],"class_list":{"0":"post-78472","1":"product","2":"type-product","3":"status-publish","4":"has-post-thumbnail","6":"product_cat-bakim-yaglari","7":"product_cat-bitkisel-organik","9":"first","10":"instock","11":"shipping-taxable","12":"purchasable","13":"product-type-simple","14":"entry","15":"content-bg","16":"loop-entry"},"_links":{"self":[{"href":"https:\/\/www.hediyepazar.com\/index.php?rest_route=\/wp\/v2\/product\/78472","targetHints":{"allow":["GET"]}}],"collection":[{"href":"https:\/\/www.hediyepazar.com\/index.php?rest_route=\/wp\/v2\/product"}],"about":[{"href":"https:\/\/www.hediyepazar.com\/index.php?rest_route=\/wp\/v2\/types\/product"}],"replies":[{"embeddable":true,"href":"https:\/\/www.hediyepazar.com\/index.php?rest_route=%2Fwp%2Fv2%2Fcomments&post=78472"}],"wp:featuredmedia":[{"embeddable":true,"href":"https:\/\/www.hediyepazar.com\/index.php?rest_route=\/wp\/v2\/media\/78471"}],"wp:attachment":[{"href":"https:\/\/www.hediyepazar.com\/index.php?rest_route=%2Fwp%2Fv2%2Fmedia&parent=78472"}],"wp:term":[{"taxonomy":"product_brand","embeddable":true,"href":"https:\/\/www.hediyepazar.com\/index.php?rest_route=%2Fwp%2Fv2%2Fproduct_brand&post=78472"},{"taxonomy":"product_cat","embeddable":true,"href":"https:\/\/www.hediyepazar.com\/index.php?rest_route=%2Fwp%2Fv2%2Fproduct_cat&post=78472"},{"taxonomy":"product_tag","embeddable":true,"href":"https:\/\/www.hediyepazar.com\/index.php?rest_route=%2Fwp%2Fv2%2Fproduct_tag&post=78472"}],"curies":[{"name":"wp","href":"https:\/\/api.w.org\/{rel}","templated":true}]}}