{"id":78968,"date":"2026-04-30T01:30:25","date_gmt":"2026-04-30T04:30:25","guid":{"rendered":"https:\/\/www.hediyepazar.com\/?product=3-cift-file-siyah-kadin-bilek-corap"},"modified":"2026-04-30T01:30:25","modified_gmt":"2026-04-30T04:30:25","slug":"3-cift-file-siyah-kadin-bilek-corap","status":"publish","type":"product","link":"https:\/\/www.hediyepazar.com\/?product=3-cift-file-siyah-kadin-bilek-corap","title":{"rendered":"3 \u00e7ift File Siyah Kad\u0131n Bilek \u00c7orap"},"content":{"rendered":"<p>3 &ccedil;ift File Siyah Kad\u0131n Bilek &Ccedil;orap<br \/>\n\u0130&ccedil; giyimde \u015f\u0131kl\u0131\u011f\u0131n vazge&ccedil;ilmezi file bilek &ccedil;oraplar ile ferah ve \u015f\u0131k bir yaz ge&ccedil;irmeniz i&ccedil;in tasarlanm\u0131\u015ft\u0131r.<br \/>\nKad\u0131n file &ccedil;orap bilek boyutunda olup lastik k\u0131sm\u0131 s\u0131kmaz. G&uuml;n boyu rahat kullan\u0131m sa\u011flar.<br \/>\nPaket i&ccedil;eri\u011fi 3 adet kad\u0131n file bilek &ccedil;orap<\/p>\n","protected":false},"excerpt":{"rendered":"<p>3 \u00e7ift File Siyah Kad\u0131n Bilek \u00c7orap<\/p>\n","protected":false},"featured_media":78967,"comment_status":"open","ping_status":"closed","template":"","meta":{"_kad_post_transparent":"","_kad_post_title":"","_kad_post_layout":"","_kad_post_sidebar_id":"","_kad_post_content_style":"","_kad_post_vertical_padding":"","_kad_post_feature":"","_kad_post_feature_position":"","_kad_post_header":false,"_kad_post_footer":false,"_kad_post_classname":""},"product_brand":[],"product_cat":[540,538,537],"product_tag":[],"class_list":{"0":"post-78968","1":"product","2":"type-product","3":"status-publish","4":"has-post-thumbnail","6":"product_cat-corap","7":"product_cat-ic-giyim","8":"product_cat-kadin","10":"first","11":"instock","12":"shipping-taxable","13":"purchasable","14":"product-type-simple","15":"entry","16":"content-bg","17":"loop-entry"},"_links":{"self":[{"href":"https:\/\/www.hediyepazar.com\/index.php?rest_route=\/wp\/v2\/product\/78968","targetHints":{"allow":["GET"]}}],"collection":[{"href":"https:\/\/www.hediyepazar.com\/index.php?rest_route=\/wp\/v2\/product"}],"about":[{"href":"https:\/\/www.hediyepazar.com\/index.php?rest_route=\/wp\/v2\/types\/product"}],"replies":[{"embeddable":true,"href":"https:\/\/www.hediyepazar.com\/index.php?rest_route=%2Fwp%2Fv2%2Fcomments&post=78968"}],"wp:featuredmedia":[{"embeddable":true,"href":"https:\/\/www.hediyepazar.com\/index.php?rest_route=\/wp\/v2\/media\/78967"}],"wp:attachment":[{"href":"https:\/\/www.hediyepazar.com\/index.php?rest_route=%2Fwp%2Fv2%2Fmedia&parent=78968"}],"wp:term":[{"taxonomy":"product_brand","embeddable":true,"href":"https:\/\/www.hediyepazar.com\/index.php?rest_route=%2Fwp%2Fv2%2Fproduct_brand&post=78968"},{"taxonomy":"product_cat","embeddable":true,"href":"https:\/\/www.hediyepazar.com\/index.php?rest_route=%2Fwp%2Fv2%2Fproduct_cat&post=78968"},{"taxonomy":"product_tag","embeddable":true,"href":"https:\/\/www.hediyepazar.com\/index.php?rest_route=%2Fwp%2Fv2%2Fproduct_tag&post=78968"}],"curies":[{"name":"wp","href":"https:\/\/api.w.org\/{rel}","templated":true}]}}