{"id":78970,"date":"2026-04-30T01:30:31","date_gmt":"2026-04-30T04:30:31","guid":{"rendered":"https:\/\/www.hediyepazar.com\/?product=sallanan-ayakli-kedicik-saksida-yapay-cicek-beyaz"},"modified":"2026-04-30T01:30:31","modified_gmt":"2026-04-30T04:30:31","slug":"sallanan-ayakli-kedicik-saksida-yapay-cicek-beyaz","status":"publish","type":"product","link":"https:\/\/www.hediyepazar.com\/?product=sallanan-ayakli-kedicik-saksida-yapay-cicek-beyaz","title":{"rendered":"Sallanan Ayakl\u0131 Kedicik Saks\u0131da Yapay \u00c7i\u00e7ek Beyaz"},"content":{"rendered":"<p>Sallanan Ayakl\u0131 Kedicik Saks\u0131da Yapay &Ccedil;i&ccedil;ek Beyaz<br \/>\n&Uuml;r&uuml;n y&uuml;ksekli\u011fi yakla\u015f\u0131k 13 cm&#39;dir. -Yapay &ccedil;i&ccedil;ek i&ccedil;erir. -Saks\u0131 plastikir.<\/p>\n","protected":false},"excerpt":{"rendered":"<p>Sallanan Ayakl\u0131 Kedicik Saks\u0131da Yapay \u00c7i\u00e7ek Beyaz<\/p>\n","protected":false},"featured_media":78969,"comment_status":"open","ping_status":"closed","template":"","meta":{"_kad_post_transparent":"","_kad_post_title":"","_kad_post_layout":"","_kad_post_sidebar_id":"","_kad_post_content_style":"","_kad_post_vertical_padding":"","_kad_post_feature":"","_kad_post_feature_position":"","_kad_post_header":false,"_kad_post_footer":false,"_kad_post_classname":""},"product_brand":[],"product_cat":[557,621,630],"product_tag":[],"class_list":{"0":"post-78970","1":"product","2":"type-product","3":"status-publish","4":"has-post-thumbnail","6":"product_cat-ev-yasam","7":"product_cat-ev-dekorasyon","8":"product_cat-yapay-cicek","10":"first","11":"instock","12":"shipping-taxable","13":"purchasable","14":"product-type-simple","15":"entry","16":"content-bg","17":"loop-entry"},"_links":{"self":[{"href":"https:\/\/www.hediyepazar.com\/index.php?rest_route=\/wp\/v2\/product\/78970","targetHints":{"allow":["GET"]}}],"collection":[{"href":"https:\/\/www.hediyepazar.com\/index.php?rest_route=\/wp\/v2\/product"}],"about":[{"href":"https:\/\/www.hediyepazar.com\/index.php?rest_route=\/wp\/v2\/types\/product"}],"replies":[{"embeddable":true,"href":"https:\/\/www.hediyepazar.com\/index.php?rest_route=%2Fwp%2Fv2%2Fcomments&post=78970"}],"wp:featuredmedia":[{"embeddable":true,"href":"https:\/\/www.hediyepazar.com\/index.php?rest_route=\/wp\/v2\/media\/78969"}],"wp:attachment":[{"href":"https:\/\/www.hediyepazar.com\/index.php?rest_route=%2Fwp%2Fv2%2Fmedia&parent=78970"}],"wp:term":[{"taxonomy":"product_brand","embeddable":true,"href":"https:\/\/www.hediyepazar.com\/index.php?rest_route=%2Fwp%2Fv2%2Fproduct_brand&post=78970"},{"taxonomy":"product_cat","embeddable":true,"href":"https:\/\/www.hediyepazar.com\/index.php?rest_route=%2Fwp%2Fv2%2Fproduct_cat&post=78970"},{"taxonomy":"product_tag","embeddable":true,"href":"https:\/\/www.hediyepazar.com\/index.php?rest_route=%2Fwp%2Fv2%2Fproduct_tag&post=78970"}],"curies":[{"name":"wp","href":"https:\/\/api.w.org\/{rel}","templated":true}]}}