{"id":78974,"date":"2026-04-30T01:30:39","date_gmt":"2026-04-30T04:30:39","guid":{"rendered":"https:\/\/www.hediyepazar.com\/?product=mini-ucgen-3-lu-raf-28x20x34-cm"},"modified":"2026-04-30T01:30:39","modified_gmt":"2026-04-30T04:30:39","slug":"mini-ucgen-3-lu-raf-28x20x34-cm","status":"publish","type":"product","link":"https:\/\/www.hediyepazar.com\/?product=mini-ucgen-3-lu-raf-28x20x34-cm","title":{"rendered":"Mini \u00dc\u00e7gen 3 L\u00fc Raf 28x20x34 cm"},"content":{"rendered":"<p>Mini &Uuml;&ccedil;gen 3 L&uuml; Raf 28x20x34 cm<br \/>\n&Uuml;r&uuml;n Boyutlar\u0131 28x20x34 cm<\/p>\n<p>Plastik &uuml;r&uuml;nlerimiz birinci s\u0131n\u0131f malzemeden &uuml;retilmektedir.<br \/>\nSa\u011fl\u0131\u011fa zarar verecek madde i&ccedil;ermemektedir.<br \/>\nG&ouml;n&uuml;l rahatl\u0131\u011f\u0131yla kullanabilirsiniz.<br \/>\n&Uuml;r&uuml;nlerimiz hayat\u0131 kolayla\u015ft\u0131ran pratik ergonomik &uuml;r&uuml;nlerdir.<\/p>\n<p>Demonte olarak g&ouml;nderilmektedir<\/p>\n","protected":false},"excerpt":{"rendered":"<p>Mini \u00dc\u00e7gen 3 L\u00fc Raf 28x20x34 cm<\/p>\n","protected":false},"featured_media":78973,"comment_status":"open","ping_status":"closed","template":"","meta":{"_kad_post_transparent":"","_kad_post_title":"","_kad_post_layout":"","_kad_post_sidebar_id":"","_kad_post_content_style":"","_kad_post_vertical_padding":"","_kad_post_feature":"","_kad_post_feature_position":"","_kad_post_header":false,"_kad_post_footer":false,"_kad_post_classname":""},"product_brand":[],"product_cat":[604,557,603],"product_tag":[],"class_list":{"0":"post-78974","1":"product","2":"type-product","3":"status-publish","4":"has-post-thumbnail","6":"product_cat-duzenleyici","7":"product_cat-ev-yasam","8":"product_cat-ev-gerecleri","10":"first","11":"instock","12":"shipping-taxable","13":"purchasable","14":"product-type-simple","15":"entry","16":"content-bg","17":"loop-entry"},"_links":{"self":[{"href":"https:\/\/www.hediyepazar.com\/index.php?rest_route=\/wp\/v2\/product\/78974","targetHints":{"allow":["GET"]}}],"collection":[{"href":"https:\/\/www.hediyepazar.com\/index.php?rest_route=\/wp\/v2\/product"}],"about":[{"href":"https:\/\/www.hediyepazar.com\/index.php?rest_route=\/wp\/v2\/types\/product"}],"replies":[{"embeddable":true,"href":"https:\/\/www.hediyepazar.com\/index.php?rest_route=%2Fwp%2Fv2%2Fcomments&post=78974"}],"wp:featuredmedia":[{"embeddable":true,"href":"https:\/\/www.hediyepazar.com\/index.php?rest_route=\/wp\/v2\/media\/78973"}],"wp:attachment":[{"href":"https:\/\/www.hediyepazar.com\/index.php?rest_route=%2Fwp%2Fv2%2Fmedia&parent=78974"}],"wp:term":[{"taxonomy":"product_brand","embeddable":true,"href":"https:\/\/www.hediyepazar.com\/index.php?rest_route=%2Fwp%2Fv2%2Fproduct_brand&post=78974"},{"taxonomy":"product_cat","embeddable":true,"href":"https:\/\/www.hediyepazar.com\/index.php?rest_route=%2Fwp%2Fv2%2Fproduct_cat&post=78974"},{"taxonomy":"product_tag","embeddable":true,"href":"https:\/\/www.hediyepazar.com\/index.php?rest_route=%2Fwp%2Fv2%2Fproduct_tag&post=78974"}],"curies":[{"name":"wp","href":"https:\/\/api.w.org\/{rel}","templated":true}]}}