{"id":78976,"date":"2026-04-30T01:30:43","date_gmt":"2026-04-30T04:30:43","guid":{"rendered":"https:\/\/www.hediyepazar.com\/?product=kirilmaz-melamin-5-gozlu-mama-tabldot-tabagi-beyaz"},"modified":"2026-04-30T01:30:43","modified_gmt":"2026-04-30T04:30:43","slug":"kirilmaz-melamin-5-gozlu-mama-tabldot-tabagi-beyaz","status":"publish","type":"product","link":"https:\/\/www.hediyepazar.com\/?product=kirilmaz-melamin-5-gozlu-mama-tabldot-tabagi-beyaz","title":{"rendered":"K\u0131r\u0131lmaz Melamin 5 G\u00f6zl\u00fc Mama Tabldot Taba\u011f\u0131 Beyaz"},"content":{"rendered":"<p>K\u0131r\u0131lmaz Melamin 5 G&ouml;zl&uuml; Mama Tabldot Taba\u011f\u0131 Beyaz<br \/>\n&Ouml;zellikler<br \/>\n&bull; Kafe, lokanta, restoran, otellerde uzun y\u0131llar boyunca kullanabilirsiniz.<br \/>\n&bull; K\u0131r\u0131lmalara, &ccedil;izilmelere, sararmalara kar\u015f\u0131 dayan\u0131kl\u0131d\u0131r.<br \/>\n&bull; Seramik, cam ve porselen gibi muadillerine g&ouml;re daha hafif ve dayan\u0131kl\u0131d\u0131r.<br \/>\n&bull; Makinede y\u0131kamaya uygundur.<br \/>\n&bull; G\u0131da ile temas\u0131 herhangi bir sorun te\u015fkil etmemektedir.<br \/>\n&bull; Farkl\u0131 boyutlarda 5 adet b&ouml;lmesi bulunmaktad\u0131r.<br \/>\n&Uuml;r&uuml;n Materyali<br \/>\n&bull; 1. S\u0131n\u0131f Plastik Melamin<br \/>\nEbatlar\u0131<br \/>\n&bull; 34x22cm<\/p>\n","protected":false},"excerpt":{"rendered":"<p>K\u0131r\u0131lmaz Melamin 5 G\u00f6zl\u00fc Mama Tabldot Taba\u011f\u0131 Beyaz<\/p>\n","protected":false},"featured_media":78975,"comment_status":"open","ping_status":"closed","template":"","meta":{"_kad_post_transparent":"","_kad_post_title":"","_kad_post_layout":"","_kad_post_sidebar_id":"","_kad_post_content_style":"","_kad_post_vertical_padding":"","_kad_post_feature":"","_kad_post_feature_position":"","_kad_post_header":false,"_kad_post_footer":false,"_kad_post_classname":""},"product_brand":[],"product_cat":[631,632,570],"product_tag":[],"class_list":{"0":"post-78976","1":"product","2":"type-product","3":"status-publish","4":"has-post-thumbnail","6":"product_cat-anne-bebek-bakim","7":"product_cat-beslenme-emzirme","8":"product_cat-supermarket","10":"first","11":"instock","12":"shipping-taxable","13":"purchasable","14":"product-type-simple","15":"entry","16":"content-bg","17":"loop-entry"},"_links":{"self":[{"href":"https:\/\/www.hediyepazar.com\/index.php?rest_route=\/wp\/v2\/product\/78976","targetHints":{"allow":["GET"]}}],"collection":[{"href":"https:\/\/www.hediyepazar.com\/index.php?rest_route=\/wp\/v2\/product"}],"about":[{"href":"https:\/\/www.hediyepazar.com\/index.php?rest_route=\/wp\/v2\/types\/product"}],"replies":[{"embeddable":true,"href":"https:\/\/www.hediyepazar.com\/index.php?rest_route=%2Fwp%2Fv2%2Fcomments&post=78976"}],"wp:featuredmedia":[{"embeddable":true,"href":"https:\/\/www.hediyepazar.com\/index.php?rest_route=\/wp\/v2\/media\/78975"}],"wp:attachment":[{"href":"https:\/\/www.hediyepazar.com\/index.php?rest_route=%2Fwp%2Fv2%2Fmedia&parent=78976"}],"wp:term":[{"taxonomy":"product_brand","embeddable":true,"href":"https:\/\/www.hediyepazar.com\/index.php?rest_route=%2Fwp%2Fv2%2Fproduct_brand&post=78976"},{"taxonomy":"product_cat","embeddable":true,"href":"https:\/\/www.hediyepazar.com\/index.php?rest_route=%2Fwp%2Fv2%2Fproduct_cat&post=78976"},{"taxonomy":"product_tag","embeddable":true,"href":"https:\/\/www.hediyepazar.com\/index.php?rest_route=%2Fwp%2Fv2%2Fproduct_tag&post=78976"}],"curies":[{"name":"wp","href":"https:\/\/api.w.org\/{rel}","templated":true}]}}