{"id":79016,"date":"2026-04-30T01:32:20","date_gmt":"2026-04-30T04:32:20","guid":{"rendered":"https:\/\/www.hediyepazar.com\/?product=haftalik-ilac-kutusu-yuvarlak"},"modified":"2026-04-30T01:32:20","modified_gmt":"2026-04-30T04:32:20","slug":"haftalik-ilac-kutusu-yuvarlak","status":"publish","type":"product","link":"https:\/\/www.hediyepazar.com\/?product=haftalik-ilac-kutusu-yuvarlak","title":{"rendered":"Haftal\u0131k \u0130la\u00e7 Kutusu Yuvarlak"},"content":{"rendered":"<table style=\"border-collapse:collapse; width:65pt; border:none\" width=\"86\">\n<colgroup>\n<col style=\"width:65pt\" width=\"86\" \/>\n\t<\/colgroup>\n<tbody>\n<tr height=\"25\" style=\"height:18.75pt\">\n<td height=\"25\" style=\"border:none; height:18.75pt; width:65pt; padding-top:1px; padding-right:1px; padding-left:1px; vertical-align:bottom; white-space:nowrap\" width=\"86\"><span style=\"font-size:11pt\"><span style=\"color:black\"><span style=\"font-weight:400\"><span style=\"font-style:normal\"><span style=\"text-decoration:none\"><span style=\"font-family:Calibri,sans-serif\">Haftal\u0131k \u0130la&ccedil; Kutusu Yuvarlak<br \/>\n\t\t\tD&uuml;zenli olarak birden fazla ila&ccedil; kullananlar\u0131n en b&uuml;y&uuml;k sorunlar\u0131ndan bir tanesi ila&ccedil;lar\u0131n\u0131 almay\u0131 unutmak,<br \/>\n\t\t\thangi g&uuml;n hangi ilac\u0131 alaca\u011f\u0131n\u0131 unutmak olabiliyor bu durumu<br \/>\n\t\t\tengellemek i&ccedil;in g&uuml;nl&uuml;k, haftal\u0131k ila&ccedil; saklama, hat\u0131rlatma kab\u0131 yard\u0131m\u0131n\u0131za yeti\u015fiyor.<br \/>\n\t\t\t\u0130la&ccedil; d&uuml;zenleme kutusu ile ila&ccedil;lar\u0131n\u0131z hem d&uuml;zenli hem de yerli yerinde olacak.<br \/>\n\t\t\tHaftal\u0131k ila&ccedil; saklama aparat\u0131 &uuml;zerinde yaz\u0131l\u0131 olan g&uuml;nler sayesinde hangi g&uuml;n hangi ilac\u0131 alaca\u011f\u0131n\u0131z\u0131 bileceksiniz.<br \/>\n\t\t\tSa\u011fl\u0131\u011fa zarar\u0131 olmayan plastik malzemeden &uuml;retilmi\u015ftir.<br \/>\n\t\t\tBpa i&ccedil;ermez.<br \/>\n\t\t\t&Uuml;r&uuml;n Rengi: \u015eeffaf.<br \/>\n\t\t\t&Uuml;r&uuml;n Boyutu: 10,5cm x 10,5cm.<br \/>\n\t\t\tPaket \u0130&ccedil;eri&ccedil;i: 1 Adet \u0130la&ccedil; Kutusu.<\/span><\/span><\/span><\/span><\/span><\/span><\/td>\n<\/tr>\n<\/tbody>\n<\/table>\n","protected":false},"excerpt":{"rendered":"<p>Haftal\u0131k \u0130la\u00e7 Kutusu Yuvarlak<\/p>\n","protected":false},"featured_media":79015,"comment_status":"open","ping_status":"closed","template":"","meta":{"_kad_post_transparent":"","_kad_post_title":"","_kad_post_layout":"","_kad_post_sidebar_id":"","_kad_post_content_style":"","_kad_post_vertical_padding":"","_kad_post_feature":"","_kad_post_feature_position":"","_kad_post_header":false,"_kad_post_footer":false,"_kad_post_classname":""},"product_brand":[],"product_cat":[557,602,558],"product_tag":[],"class_list":{"0":"post-79016","1":"product","2":"type-product","3":"status-publish","4":"has-post-thumbnail","6":"product_cat-ev-yasam","7":"product_cat-mutfak-saklama-duzenleme","8":"product_cat-sofra-mutfak-2","10":"first","11":"instock","12":"shipping-taxable","13":"purchasable","14":"product-type-simple","15":"entry","16":"content-bg","17":"loop-entry"},"_links":{"self":[{"href":"https:\/\/www.hediyepazar.com\/index.php?rest_route=\/wp\/v2\/product\/79016","targetHints":{"allow":["GET"]}}],"collection":[{"href":"https:\/\/www.hediyepazar.com\/index.php?rest_route=\/wp\/v2\/product"}],"about":[{"href":"https:\/\/www.hediyepazar.com\/index.php?rest_route=\/wp\/v2\/types\/product"}],"replies":[{"embeddable":true,"href":"https:\/\/www.hediyepazar.com\/index.php?rest_route=%2Fwp%2Fv2%2Fcomments&post=79016"}],"wp:featuredmedia":[{"embeddable":true,"href":"https:\/\/www.hediyepazar.com\/index.php?rest_route=\/wp\/v2\/media\/79015"}],"wp:attachment":[{"href":"https:\/\/www.hediyepazar.com\/index.php?rest_route=%2Fwp%2Fv2%2Fmedia&parent=79016"}],"wp:term":[{"taxonomy":"product_brand","embeddable":true,"href":"https:\/\/www.hediyepazar.com\/index.php?rest_route=%2Fwp%2Fv2%2Fproduct_brand&post=79016"},{"taxonomy":"product_cat","embeddable":true,"href":"https:\/\/www.hediyepazar.com\/index.php?rest_route=%2Fwp%2Fv2%2Fproduct_cat&post=79016"},{"taxonomy":"product_tag","embeddable":true,"href":"https:\/\/www.hediyepazar.com\/index.php?rest_route=%2Fwp%2Fv2%2Fproduct_tag&post=79016"}],"curies":[{"name":"wp","href":"https:\/\/api.w.org\/{rel}","templated":true}]}}