{"id":79018,"date":"2026-04-30T01:32:24","date_gmt":"2026-04-30T04:32:24","guid":{"rendered":"https:\/\/www.hediyepazar.com\/?product=carliston-biber-tohumu-10-gr"},"modified":"2026-04-30T01:32:24","modified_gmt":"2026-04-30T04:32:24","slug":"carliston-biber-tohumu-10-gr","status":"publish","type":"product","link":"https:\/\/www.hediyepazar.com\/?product=carliston-biber-tohumu-10-gr","title":{"rendered":"\u00c7arliston Biber Tohumu 10 Gr"},"content":{"rendered":"<table style=\"border-collapse:collapse; width:159pt; border:none\" width=\"212\">\n<colgroup>\n<col style=\"width:159pt\" width=\"212\" \/>\n\t<\/colgroup>\n<tbody>\n<tr height=\"20\" style=\"height:15.0pt\">\n<td height=\"20\" style=\"border:none; height:15.0pt; width:159pt; padding-top:1px; padding-right:1px; padding-left:1px; vertical-align:bottom; white-space:nowrap\" width=\"212\"><span style=\"font-size:11pt\"><span style=\"color:black\"><span style=\"font-weight:400\"><span style=\"font-style:normal\"><span style=\"text-decoration:none\"><span style=\"font-family:Calibri,sans-serif\">&Ccedil;aliston Biber Tohumu 10 Gr<br \/>\n\t\t\tBiber t&uuml;rleri &ccedil;imlenme i&ccedil;in di\u011fer sebzelere g&ouml;re daha y&uuml;ksek s\u0131cakl\u0131k isterler.<br \/>\n\t\t\t&Ccedil;imlenme ger&ccedil;ekle\u015fip ilk s&uuml;rg&uuml;nler g&ouml;z&uuml;kene dek ekim alan\u0131 nemli, havadar ve 18-24 derecede tutulmal\u0131d\u0131r.<br \/>\n\t\t\tTohumlar &ouml;nce s\u0131cak yast\u0131klara, fide viyol&uuml;ne veya kasalara ekilir.<br \/>\n\t\t\tTohumlar &ccedil;imlenip ilk ger&ccedil;ek yapraklar g&ouml;r&uuml;ld&uuml;kten sonra plastik torbalara \u015fa\u015f\u0131rt\u0131l\u0131r.<br \/>\n\t\t\t6-7 yaprak olunca araziye \u015fa\u015f\u0131rt\u0131l\u0131r.<br \/>\n\t\t\tViyollere de ekim yap\u0131lmaktad\u0131r ve tohumlar direkt olarak viyollere ekilmektedir.<br \/>\n\t\t\tViyollerde yeti\u015fen fideler do\u011frudan araziye dikilir.<br \/>\n\t\t\tG&uuml;ne\u015f alan, s\u0131cak bir yerde kapal\u0131 mek&acirc;nda, donlar\u0131n ge&ccedil;mesinden 8 hafta &ouml;nce ekiniz.<br \/>\n\t\t\tTohumlar\u0131n &uuml;st&uuml;n&uuml; birka&ccedil; mm toprakla &ouml;rt&uuml;p elinizle hafif&ccedil;e bast\u0131r\u0131n\u0131z.<br \/>\n\t\t\tTopra\u011f\u0131 devaml\u0131 nemli tutunuz.<br \/>\n\t\t\tBunun i&ccedil;in minisera uygulamas\u0131ndan yararlanabilirsiniz.<br \/>\n\t\t\tFilizlenme 10-21 g&uuml;nde, toprak s\u0131cakl\u0131\u011f\u0131 24-28 &deg;C de ger&ccedil;ekle\u015fir.<br \/>\n\t\t\tFilizlenme ger&ccedil;ekle\u015fince seradan &ccedil;\u0131kart\u0131p daha geni\u015f 8 cm &ccedil;apl\u0131 bir saks\u0131ya yerle\u015ftirin.<br \/>\n\t\t\tSon donlar ge&ccedil;tikten sonra d\u0131\u015f mek&acirc;na g&uuml;ne\u015f g&ouml;ren bir yere al\u0131n.<br \/>\n\t\t\tDo\u011frudan d\u0131\u015far\u0131 ekimlerde, ayn\u0131 uygulamay\u0131 d\u0131\u015far\u0131da ancak havalar \u0131s\u0131n\u0131nca yap\u0131n.<br \/>\n\t\t\tSaks\u0131da yeti\u015ftirirken b&uuml;y&uuml;k&ccedil;e bir saks\u0131 se&ccedil;meli, bitkiye dayanak yapmal\u0131s\u0131n\u0131z.<br \/>\n\t\t\tAyda bir organik g&uuml;bre takviyesi bol biber demek unutmay\u0131n.<br \/>\n\t\t\tHavadar bir mek&acirc;nda yeti\u015ftirin.<br \/>\n\t\t\tBiber hava ak\u0131m\u0131 olmayan yerde sa\u011fl\u0131kl\u0131 yeti\u015fmez.<\/span><\/span><\/span><\/span><\/span><\/span><\/td>\n<\/tr>\n<\/tbody>\n<\/table>\n","protected":false},"excerpt":{"rendered":"<p>\u00c7arliston Biber Tohumu 10 Gr<\/p>\n","protected":false},"featured_media":79017,"comment_status":"open","ping_status":"closed","template":"","meta":{"_kad_post_transparent":"","_kad_post_title":"","_kad_post_layout":"","_kad_post_sidebar_id":"","_kad_post_content_style":"","_kad_post_vertical_padding":"","_kad_post_feature":"","_kad_post_feature_position":"","_kad_post_header":false,"_kad_post_footer":false,"_kad_post_classname":""},"product_brand":[],"product_cat":[628,625],"product_tag":[],"class_list":{"0":"post-79018","1":"product","2":"type-product","3":"status-publish","4":"has-post-thumbnail","6":"product_cat-bitki-ve-tohum","7":"product_cat-bitkisel-organik","9":"first","10":"instock","11":"shipping-taxable","12":"purchasable","13":"product-type-simple","14":"entry","15":"content-bg","16":"loop-entry"},"_links":{"self":[{"href":"https:\/\/www.hediyepazar.com\/index.php?rest_route=\/wp\/v2\/product\/79018","targetHints":{"allow":["GET"]}}],"collection":[{"href":"https:\/\/www.hediyepazar.com\/index.php?rest_route=\/wp\/v2\/product"}],"about":[{"href":"https:\/\/www.hediyepazar.com\/index.php?rest_route=\/wp\/v2\/types\/product"}],"replies":[{"embeddable":true,"href":"https:\/\/www.hediyepazar.com\/index.php?rest_route=%2Fwp%2Fv2%2Fcomments&post=79018"}],"wp:featuredmedia":[{"embeddable":true,"href":"https:\/\/www.hediyepazar.com\/index.php?rest_route=\/wp\/v2\/media\/79017"}],"wp:attachment":[{"href":"https:\/\/www.hediyepazar.com\/index.php?rest_route=%2Fwp%2Fv2%2Fmedia&parent=79018"}],"wp:term":[{"taxonomy":"product_brand","embeddable":true,"href":"https:\/\/www.hediyepazar.com\/index.php?rest_route=%2Fwp%2Fv2%2Fproduct_brand&post=79018"},{"taxonomy":"product_cat","embeddable":true,"href":"https:\/\/www.hediyepazar.com\/index.php?rest_route=%2Fwp%2Fv2%2Fproduct_cat&post=79018"},{"taxonomy":"product_tag","embeddable":true,"href":"https:\/\/www.hediyepazar.com\/index.php?rest_route=%2Fwp%2Fv2%2Fproduct_tag&post=79018"}],"curies":[{"name":"wp","href":"https:\/\/api.w.org\/{rel}","templated":true}]}}