{"id":79022,"date":"2026-04-30T01:32:32","date_gmt":"2026-04-30T04:32:32","guid":{"rendered":"https:\/\/www.hediyepazar.com\/?product=roka-tohumu-10-gr"},"modified":"2026-04-30T01:32:32","modified_gmt":"2026-04-30T04:32:32","slug":"roka-tohumu-10-gr","status":"publish","type":"product","link":"https:\/\/www.hediyepazar.com\/?product=roka-tohumu-10-gr","title":{"rendered":"Roka Tohumu 10 Gr"},"content":{"rendered":"<table style=\"border-collapse:collapse; width:159pt; border:none\" width=\"212\">\n<colgroup>\n<col style=\"width:159pt\" width=\"212\" \/>\n\t<\/colgroup>\n<tbody>\n<tr height=\"20\" style=\"height:15.0pt\">\n<td height=\"20\" style=\"border:none; height:15.0pt; width:159pt; padding-top:1px; padding-right:1px; padding-left:1px; vertical-align:bottom; white-space:nowrap\" width=\"212\"><span style=\"font-size:11pt\"><span style=\"color:black\"><span style=\"font-weight:400\"><span style=\"font-style:normal\"><span style=\"text-decoration:none\"><span style=\"font-family:Calibri,sans-serif\">Roka Tohumu 10 Gr<br \/>\n\t\t\tROKA B&uuml;t&uuml;n b&ouml;lgelere uyum sa\u011flayabilen, ilkbahar ve sonbahar ekimine uygun,<br \/>\n\t\t\ttaze t&uuml;ketime uygun roka &ccedil;e\u015fididir.<br \/>\n\t\t\tBitkisi otsu yap\u0131l\u0131d\u0131r.<br \/>\n\t\t\tGeni\u015f,uzun yaprakl\u0131, yaprak rengi ye\u015fildir.<br \/>\n\t\t\tYaprak &uuml;st yap\u0131s\u0131 oval ve loblu geni\u015f kenarl\u0131 yaprak alt\u0131na do\u011fru di\u015fli, tad\u0131 aramal\u0131d\u0131r.<br \/>\n\t\t\tC vitamini de\u011feri y&uuml;ksektir.<br \/>\n\t\t\tHasat zaman\u0131 ortalama 40-50 g&uuml;n aras\u0131nda ve hasat s&uuml;resi uzundur.<\/span><\/span><\/span><\/span><\/span><\/span><\/td>\n<\/tr>\n<\/tbody>\n<\/table>\n","protected":false},"excerpt":{"rendered":"<p>Roka Tohumu 10 Gr<\/p>\n","protected":false},"featured_media":79021,"comment_status":"open","ping_status":"closed","template":"","meta":{"_kad_post_transparent":"","_kad_post_title":"","_kad_post_layout":"","_kad_post_sidebar_id":"","_kad_post_content_style":"","_kad_post_vertical_padding":"","_kad_post_feature":"","_kad_post_feature_position":"","_kad_post_header":false,"_kad_post_footer":false,"_kad_post_classname":""},"product_brand":[],"product_cat":[628,625],"product_tag":[],"class_list":{"0":"post-79022","1":"product","2":"type-product","3":"status-publish","4":"has-post-thumbnail","6":"product_cat-bitki-ve-tohum","7":"product_cat-bitkisel-organik","9":"first","10":"instock","11":"shipping-taxable","12":"purchasable","13":"product-type-simple","14":"entry","15":"content-bg","16":"loop-entry"},"_links":{"self":[{"href":"https:\/\/www.hediyepazar.com\/index.php?rest_route=\/wp\/v2\/product\/79022","targetHints":{"allow":["GET"]}}],"collection":[{"href":"https:\/\/www.hediyepazar.com\/index.php?rest_route=\/wp\/v2\/product"}],"about":[{"href":"https:\/\/www.hediyepazar.com\/index.php?rest_route=\/wp\/v2\/types\/product"}],"replies":[{"embeddable":true,"href":"https:\/\/www.hediyepazar.com\/index.php?rest_route=%2Fwp%2Fv2%2Fcomments&post=79022"}],"wp:featuredmedia":[{"embeddable":true,"href":"https:\/\/www.hediyepazar.com\/index.php?rest_route=\/wp\/v2\/media\/79021"}],"wp:attachment":[{"href":"https:\/\/www.hediyepazar.com\/index.php?rest_route=%2Fwp%2Fv2%2Fmedia&parent=79022"}],"wp:term":[{"taxonomy":"product_brand","embeddable":true,"href":"https:\/\/www.hediyepazar.com\/index.php?rest_route=%2Fwp%2Fv2%2Fproduct_brand&post=79022"},{"taxonomy":"product_cat","embeddable":true,"href":"https:\/\/www.hediyepazar.com\/index.php?rest_route=%2Fwp%2Fv2%2Fproduct_cat&post=79022"},{"taxonomy":"product_tag","embeddable":true,"href":"https:\/\/www.hediyepazar.com\/index.php?rest_route=%2Fwp%2Fv2%2Fproduct_tag&post=79022"}],"curies":[{"name":"wp","href":"https:\/\/api.w.org\/{rel}","templated":true}]}}