{"id":79024,"date":"2026-04-30T01:32:36","date_gmt":"2026-04-30T04:32:36","guid":{"rendered":"https:\/\/www.hediyepazar.com\/?product=dere-otu-tohumu-10-gr"},"modified":"2026-04-30T01:32:36","modified_gmt":"2026-04-30T04:32:36","slug":"dere-otu-tohumu-10-gr","status":"publish","type":"product","link":"https:\/\/www.hediyepazar.com\/?product=dere-otu-tohumu-10-gr","title":{"rendered":"Dere Otu Tohumu 10 Gr"},"content":{"rendered":"<table style=\"border-collapse:collapse; width:159pt; border:none\" width=\"212\">\n<colgroup>\n<col style=\"width:159pt\" width=\"212\" \/>\n\t<\/colgroup>\n<tbody>\n<tr height=\"20\" style=\"height:15.0pt\">\n<td height=\"20\" style=\"border:none; height:15.0pt; width:159pt; padding-top:1px; padding-right:1px; padding-left:1px; vertical-align:bottom; white-space:nowrap\" width=\"212\"><span style=\"font-size:11pt\"><span style=\"color:black\"><span style=\"font-weight:400\"><span style=\"font-style:normal\"><span style=\"text-decoration:none\"><span style=\"font-family:Calibri,sans-serif\">Dere Otu Tohumu 10 Gr<br \/>\n\t\t\tDere otu tohumu 10 gr paket &ouml;nceden s&uuml;r&uuml;lm&uuml;\u015f ya da bellenmi\u015f olan<br \/>\n\t\t\ttoprak t\u0131rm\u0131k veya benzeri bir alet yard\u0131m\u0131 ile topra\u011f\u0131 ekim yap\u0131labilecek bir hale getirilir.<br \/>\n\t\t\tEkim yap\u0131lacak alan ihtiyaca g&ouml;re g&uuml;brelenir ve son olarak keseksiz d&uuml;zg&uuml;n bir toprak y&uuml;zeyi olu\u015fturulur.<br \/>\n\t\t\tdereotu \u0131l\u0131man iklim sebzesidir.<br \/>\n\t\t\t&nbsp;Il\u0131man iklim b&ouml;lgelerinde t&uuml;m y\u0131l boyunca,<br \/>\n\t\t\tso\u011fuk b&ouml;lgelerde ilkbahar ve sonbahar d&ouml;nemleri aras\u0131nda yeti\u015ftirilebilir.<br \/>\n\t\t\tA\u015f\u0131r\u0131 s\u0131caklarda tohuma kalkabilir.<br \/>\n\t\t\tTohum tavl\u0131 topra\u011fa, elenmi\u015f toprak ile kar\u0131\u015ft\u0131r\u0131larak serpme usul&uuml; ile ekilebilir.<br \/>\n\t\t\tTohumun &uuml;zeri kapanacak kadar ince bir tabaka toprak at\u0131l\u0131r. ata tohumu&#39;dur.<br \/>\n\t\t\tNemli topra\u011fa ekim yapmak tohumun h\u0131zla &ccedil;imlenmesini sa\u011flar.<br \/>\n\t\t\t&Ouml;zellikle y&uuml;zlek ekilen k&uuml;&ccedil;&uuml;k taneli tohumlar\u0131 ekildi\u011fi yerlerinden hareket ettirebilecek<br \/>\n\t\t\ttazyikli sulama yap\u0131lmamal\u0131d\u0131r ve toprak y&uuml;zeyinde g&ouml;llenme olu\u015fturulmamal\u0131d\u0131r.<br \/>\n\t\t\ts\u0131cak havalarda sulama s\u0131kl\u0131\u011f\u0131 artt\u0131r\u0131lmal\u0131, topra\u011f\u0131n nemli kalmas\u0131na &ouml;zen g&ouml;sterilmelidir.<br \/>\n\t\t\tYabanc\u0131 ot ve zararl\u0131larla ile m&uuml;cadele edilmelidir.<br \/>\n\t\t\tDere otu tohumu genel &ouml;zellikler koyu ye\u015fil renkli ipeksi bir g&ouml;r&uuml;n&uuml;\u015f&uuml; vard\u0131r<br \/>\n\t\t\tho\u015f aromal\u0131 yap\u0131s\u0131 ile pazarda aran\u0131lan bir &ccedil;e\u015fittir ilkbahar, sonbahar aylar\u0131nda ekimi tavsiye edilir.<\/span><\/span><\/span><\/span><\/span><\/span><\/td>\n<\/tr>\n<\/tbody>\n<\/table>\n","protected":false},"excerpt":{"rendered":"<p>Dere Otu Tohumu 10 Gr<\/p>\n","protected":false},"featured_media":79023,"comment_status":"open","ping_status":"closed","template":"","meta":{"_kad_post_transparent":"","_kad_post_title":"","_kad_post_layout":"","_kad_post_sidebar_id":"","_kad_post_content_style":"","_kad_post_vertical_padding":"","_kad_post_feature":"","_kad_post_feature_position":"","_kad_post_header":false,"_kad_post_footer":false,"_kad_post_classname":""},"product_brand":[],"product_cat":[628,625],"product_tag":[],"class_list":{"0":"post-79024","1":"product","2":"type-product","3":"status-publish","4":"has-post-thumbnail","6":"product_cat-bitki-ve-tohum","7":"product_cat-bitkisel-organik","9":"first","10":"instock","11":"shipping-taxable","12":"purchasable","13":"product-type-simple","14":"entry","15":"content-bg","16":"loop-entry"},"_links":{"self":[{"href":"https:\/\/www.hediyepazar.com\/index.php?rest_route=\/wp\/v2\/product\/79024","targetHints":{"allow":["GET"]}}],"collection":[{"href":"https:\/\/www.hediyepazar.com\/index.php?rest_route=\/wp\/v2\/product"}],"about":[{"href":"https:\/\/www.hediyepazar.com\/index.php?rest_route=\/wp\/v2\/types\/product"}],"replies":[{"embeddable":true,"href":"https:\/\/www.hediyepazar.com\/index.php?rest_route=%2Fwp%2Fv2%2Fcomments&post=79024"}],"wp:featuredmedia":[{"embeddable":true,"href":"https:\/\/www.hediyepazar.com\/index.php?rest_route=\/wp\/v2\/media\/79023"}],"wp:attachment":[{"href":"https:\/\/www.hediyepazar.com\/index.php?rest_route=%2Fwp%2Fv2%2Fmedia&parent=79024"}],"wp:term":[{"taxonomy":"product_brand","embeddable":true,"href":"https:\/\/www.hediyepazar.com\/index.php?rest_route=%2Fwp%2Fv2%2Fproduct_brand&post=79024"},{"taxonomy":"product_cat","embeddable":true,"href":"https:\/\/www.hediyepazar.com\/index.php?rest_route=%2Fwp%2Fv2%2Fproduct_cat&post=79024"},{"taxonomy":"product_tag","embeddable":true,"href":"https:\/\/www.hediyepazar.com\/index.php?rest_route=%2Fwp%2Fv2%2Fproduct_tag&post=79024"}],"curies":[{"name":"wp","href":"https:\/\/api.w.org\/{rel}","templated":true}]}}