{"id":79028,"date":"2026-04-30T01:32:41","date_gmt":"2026-04-30T04:32:41","guid":{"rendered":"https:\/\/www.hediyepazar.com\/?product=misket-biberiye-biber-tohumu-5-gr"},"modified":"2026-04-30T01:32:41","modified_gmt":"2026-04-30T04:32:41","slug":"misket-biberiye-biber-tohumu-5-gr","status":"publish","type":"product","link":"https:\/\/www.hediyepazar.com\/?product=misket-biberiye-biber-tohumu-5-gr","title":{"rendered":"Misket Biberiye Biber Tohumu 5 gr"},"content":{"rendered":"<table style=\"border-collapse:collapse; width:159pt; border:none\" width=\"212\">\n<colgroup>\n<col style=\"width:159pt\" width=\"212\" \/>\n\t<\/colgroup>\n<tbody>\n<tr height=\"20\" style=\"height:15.0pt\">\n<td height=\"20\" style=\"border:none; height:15.0pt; width:159pt; padding-top:1px; padding-right:1px; padding-left:1px; vertical-align:bottom; white-space:nowrap\" width=\"212\"><span style=\"font-size:11pt\"><span style=\"color:black\"><span style=\"font-weight:400\"><span style=\"font-style:normal\"><span style=\"text-decoration:none\"><span style=\"font-family:Calibri,sans-serif\">Misket Biberiye Biber Tohumu 5 gr<br \/>\n\t\t\tBol verimli i&ccedil;inde sert damar\u0131 olmayan, &ccedil;ekirde\u011fi az olan bir &ccedil;e\u015fittir.<br \/>\n\t\t\tPazar ve manavlarda aranan albenisi &ccedil;ok g&uuml;zel bir &uuml;r&uuml;nd&uuml;r.<br \/>\n\t\t\tTohumdan fide yap\u0131l\u0131p \u015fa\u015f\u0131rtma usul&uuml; ile dikilir.<br \/>\n\t\t\tEK\u0130M B\u0130LG\u0130S\u0130 Her bir tohumu 1 pet barda\u011fa &ccedil;i&ccedil;ek topra\u011f\u0131na 3 cm derine ekip ilk sulamay\u0131 yap\u0131n\u0131z.<br \/>\n\t\t\tG&uuml;nl&uuml;k 1 saat kadar g&uuml;ne\u015f alan bir yere b\u0131rak\u0131p 3 g&uuml;nde bir p&uuml;sk&uuml;rtme usul&uuml; sulay\u0131n\u0131z.<br \/>\n\t\t\tTohumlar\u0131n\u0131z\u0131 &ccedil;imlenip toprak &uuml;zerinde g&ouml;rmeye ba\u015flad\u0131\u011f\u0131n\u0131zda ise g&uuml;ne\u015fli bir yere al\u0131n\u0131z ve<br \/>\n\t\t\t3 g&uuml;nde bir su vermeye devam ediniz.<br \/>\n\t\t\t10 cm kadar oldu\u011funda ise bardaklardan topraklar\u0131 ile &ccedil;\u0131kartarak<br \/>\n\t\t\tta\u015f\u0131mak istedi\u011finiz yere ta\u015f\u0131yarak dikebilirsiniz efendim.<\/span><\/span><\/span><\/span><\/span><\/span><\/td>\n<\/tr>\n<\/tbody>\n<\/table>\n","protected":false},"excerpt":{"rendered":"<p>Misket Biberiye Biber Tohumu 5 gr<\/p>\n","protected":false},"featured_media":79027,"comment_status":"open","ping_status":"closed","template":"","meta":{"_kad_post_transparent":"","_kad_post_title":"","_kad_post_layout":"","_kad_post_sidebar_id":"","_kad_post_content_style":"","_kad_post_vertical_padding":"","_kad_post_feature":"","_kad_post_feature_position":"","_kad_post_header":false,"_kad_post_footer":false,"_kad_post_classname":""},"product_brand":[],"product_cat":[628,625],"product_tag":[],"class_list":{"0":"post-79028","1":"product","2":"type-product","3":"status-publish","4":"has-post-thumbnail","6":"product_cat-bitki-ve-tohum","7":"product_cat-bitkisel-organik","9":"first","10":"instock","11":"shipping-taxable","12":"purchasable","13":"product-type-simple","14":"entry","15":"content-bg","16":"loop-entry"},"_links":{"self":[{"href":"https:\/\/www.hediyepazar.com\/index.php?rest_route=\/wp\/v2\/product\/79028","targetHints":{"allow":["GET"]}}],"collection":[{"href":"https:\/\/www.hediyepazar.com\/index.php?rest_route=\/wp\/v2\/product"}],"about":[{"href":"https:\/\/www.hediyepazar.com\/index.php?rest_route=\/wp\/v2\/types\/product"}],"replies":[{"embeddable":true,"href":"https:\/\/www.hediyepazar.com\/index.php?rest_route=%2Fwp%2Fv2%2Fcomments&post=79028"}],"wp:featuredmedia":[{"embeddable":true,"href":"https:\/\/www.hediyepazar.com\/index.php?rest_route=\/wp\/v2\/media\/79027"}],"wp:attachment":[{"href":"https:\/\/www.hediyepazar.com\/index.php?rest_route=%2Fwp%2Fv2%2Fmedia&parent=79028"}],"wp:term":[{"taxonomy":"product_brand","embeddable":true,"href":"https:\/\/www.hediyepazar.com\/index.php?rest_route=%2Fwp%2Fv2%2Fproduct_brand&post=79028"},{"taxonomy":"product_cat","embeddable":true,"href":"https:\/\/www.hediyepazar.com\/index.php?rest_route=%2Fwp%2Fv2%2Fproduct_cat&post=79028"},{"taxonomy":"product_tag","embeddable":true,"href":"https:\/\/www.hediyepazar.com\/index.php?rest_route=%2Fwp%2Fv2%2Fproduct_tag&post=79028"}],"curies":[{"name":"wp","href":"https:\/\/api.w.org\/{rel}","templated":true}]}}