{"id":79030,"date":"2026-04-30T01:32:44","date_gmt":"2026-04-30T04:32:44","guid":{"rendered":"https:\/\/www.hediyepazar.com\/?product=yazlik-kivircik-marul-tohumu-10-gr"},"modified":"2026-04-30T01:32:44","modified_gmt":"2026-04-30T04:32:44","slug":"yazlik-kivircik-marul-tohumu-10-gr","status":"publish","type":"product","link":"https:\/\/www.hediyepazar.com\/?product=yazlik-kivircik-marul-tohumu-10-gr","title":{"rendered":"Yazl\u0131k K\u0131v\u0131rc\u0131k Marul Tohumu 10 Gr"},"content":{"rendered":"<table style=\"border-collapse:collapse; width:159pt; border:none\" width=\"212\">\n<colgroup>\n<col style=\"width:159pt\" width=\"212\" \/>\n\t<\/colgroup>\n<tbody>\n<tr height=\"20\" style=\"height:15.0pt\">\n<td height=\"20\" style=\"border:none; height:15.0pt; width:159pt; padding-top:1px; padding-right:1px; padding-left:1px; vertical-align:bottom; white-space:nowrap\" width=\"212\"><span style=\"font-size:11pt\"><span style=\"color:black\"><span style=\"font-weight:400\"><span style=\"font-style:normal\"><span style=\"text-decoration:none\"><span style=\"font-family:Calibri,sans-serif\">Yazl\u0131k K\u0131v\u0131rc\u0131k Marul Tohumu 10 Gr<br \/>\n\t\t\tT\u0131rm\u0131k veya benzeri bir alet yard\u0131m\u0131 ile topra\u011f\u0131 ekim yap\u0131labilecek bir hale getirilir.<br \/>\n\t\t\tEkim yap\u0131lacak alan ihtiyaca g&ouml;re g&uuml;brelenir ve son olarak keseksiz d&uuml;zg&uuml;n bir toprak y&uuml;zeyi olu\u015fturulur.<br \/>\n\t\t\tMarul \u0131l\u0131man iklim sebzesidir.<br \/>\n\t\t\t\u0130lkbahar ve sonbahar d&ouml;neminde ekilmesi tavsiye edilir.<br \/>\n\t\t\tDirekt tohumdan ekilebilece\u011fi gibi fidesi de yap\u0131labilir.<br \/>\n\t\t\tFide yap\u0131l\u0131p aktar\u0131l\u0131rsa meyvesi daha iri (dolgun) olur.<br \/>\n\t\t\tUzun g&uuml;n ko\u015fullar\u0131, s\u0131cakl\u0131k ve kurakl\u0131k ile birle\u015fti\u011fi zaman bitki tohuma kalkabilir.<br \/>\n\t\t\tBitki geli\u015fim d&ouml;neminde optimum 15-20 &deg;C s\u0131cakl\u0131k uygundur.<br \/>\n\t\t\t2 &#8211; 3 ay sonra hasat yap\u0131labilir.<br \/>\n\t\t\tNemli topra\u011fa ekim yapmak tohumun h\u0131zla &ccedil;imlenmesini sa\u011flar.<br \/>\n\t\t\t&Ouml;zellikle y&uuml;ksek ekilen k&uuml;&ccedil;&uuml;k taneli tohumlar\u0131 ekildi\u011fi yerlerinden hareket ettirebilecek tazyikli sulama<br \/>\n\t\t\tyap\u0131lmamal\u0131d\u0131r ve toprak y&uuml;zeyinde g&ouml;llenme olu\u015fturulmamal\u0131d\u0131r.<br \/>\n\t\t\tS\u0131cak havalarda sulama s\u0131kl\u0131\u011f\u0131 artt\u0131r\u0131lmal\u0131, topra\u011f\u0131n nemli kalmas\u0131na &ouml;zen g&ouml;sterilmelidir.<br \/>\n\t\t\tYabanc\u0131 ot ve zararl\u0131larla ile m&uuml;cadele edilmelidir.<\/span><\/span><\/span><\/span><\/span><\/span><\/td>\n<\/tr>\n<\/tbody>\n<\/table>\n","protected":false},"excerpt":{"rendered":"<p>Yazl\u0131k K\u0131v\u0131rc\u0131k Marul Tohumu 10 Gr<\/p>\n","protected":false},"featured_media":79029,"comment_status":"open","ping_status":"closed","template":"","meta":{"_kad_post_transparent":"","_kad_post_title":"","_kad_post_layout":"","_kad_post_sidebar_id":"","_kad_post_content_style":"","_kad_post_vertical_padding":"","_kad_post_feature":"","_kad_post_feature_position":"","_kad_post_header":false,"_kad_post_footer":false,"_kad_post_classname":""},"product_brand":[],"product_cat":[628,625],"product_tag":[],"class_list":{"0":"post-79030","1":"product","2":"type-product","3":"status-publish","4":"has-post-thumbnail","6":"product_cat-bitki-ve-tohum","7":"product_cat-bitkisel-organik","9":"first","10":"instock","11":"shipping-taxable","12":"purchasable","13":"product-type-simple","14":"entry","15":"content-bg","16":"loop-entry"},"_links":{"self":[{"href":"https:\/\/www.hediyepazar.com\/index.php?rest_route=\/wp\/v2\/product\/79030","targetHints":{"allow":["GET"]}}],"collection":[{"href":"https:\/\/www.hediyepazar.com\/index.php?rest_route=\/wp\/v2\/product"}],"about":[{"href":"https:\/\/www.hediyepazar.com\/index.php?rest_route=\/wp\/v2\/types\/product"}],"replies":[{"embeddable":true,"href":"https:\/\/www.hediyepazar.com\/index.php?rest_route=%2Fwp%2Fv2%2Fcomments&post=79030"}],"wp:featuredmedia":[{"embeddable":true,"href":"https:\/\/www.hediyepazar.com\/index.php?rest_route=\/wp\/v2\/media\/79029"}],"wp:attachment":[{"href":"https:\/\/www.hediyepazar.com\/index.php?rest_route=%2Fwp%2Fv2%2Fmedia&parent=79030"}],"wp:term":[{"taxonomy":"product_brand","embeddable":true,"href":"https:\/\/www.hediyepazar.com\/index.php?rest_route=%2Fwp%2Fv2%2Fproduct_brand&post=79030"},{"taxonomy":"product_cat","embeddable":true,"href":"https:\/\/www.hediyepazar.com\/index.php?rest_route=%2Fwp%2Fv2%2Fproduct_cat&post=79030"},{"taxonomy":"product_tag","embeddable":true,"href":"https:\/\/www.hediyepazar.com\/index.php?rest_route=%2Fwp%2Fv2%2Fproduct_tag&post=79030"}],"curies":[{"name":"wp","href":"https:\/\/api.w.org\/{rel}","templated":true}]}}