{"id":79032,"date":"2026-04-30T01:32:47","date_gmt":"2026-04-30T04:32:47","guid":{"rendered":"https:\/\/www.hediyepazar.com\/?product=ispanak-tohumu-25-gr"},"modified":"2026-04-30T01:32:47","modified_gmt":"2026-04-30T04:32:47","slug":"ispanak-tohumu-25-gr","status":"publish","type":"product","link":"https:\/\/www.hediyepazar.com\/?product=ispanak-tohumu-25-gr","title":{"rendered":"Ispanak Tohumu 25 Gr"},"content":{"rendered":"<table style=\"border-collapse:collapse; width:159pt; border:none\" width=\"212\">\n<colgroup>\n<col style=\"width:159pt\" width=\"212\" \/>\n\t<\/colgroup>\n<tbody>\n<tr height=\"20\" style=\"height:15.0pt\">\n<td height=\"20\" style=\"border:none; height:15.0pt; width:159pt; padding-top:1px; padding-right:1px; padding-left:1px; vertical-align:bottom; white-space:nowrap\" width=\"212\"><span style=\"font-size:11pt\"><span style=\"color:black\"><span style=\"font-weight:400\"><span style=\"font-style:normal\"><span style=\"text-decoration:none\"><span style=\"font-family:Calibri,sans-serif\">Ispanak Tohumu 25 Gr<br \/>\n\t\t\tYapraklar\u0131 geni\u015f, koyu ye\u015fil ve parlakt\u0131r<br \/>\n\t\t\tGevrek olan yaprak y&uuml;zeyi olduk&ccedil;a d&uuml;zg&uuml;nd&uuml;r<br \/>\n\t\t\tVerimli olup &ccedil;abuk tohuma kalkmaz<br \/>\n\t\t\tLezzeti ve yap\u0131s\u0131 m&uuml;kemmeldir<br \/>\n\t\t\t&Ouml;rt&uuml; alt\u0131 ve a&ccedil;\u0131k tarla yeti\u015ftiricili\u011fine uygundur<br \/>\n\t\t\tOlgunla\u015fma g&uuml;n&uuml; ortalama 45-50 g&uuml;n d&uuml;r<br \/>\n\t\t\tEkim i&ccedil;in sonbahar ve ilkbahar uygundur, s\u0131cakl\u0131\u011fa hassast\u0131r.<\/span><\/span><\/span><\/span><\/span><\/span><\/td>\n<\/tr>\n<\/tbody>\n<\/table>\n","protected":false},"excerpt":{"rendered":"<p>Ispanak Tohumu 25 Gr<\/p>\n","protected":false},"featured_media":79031,"comment_status":"open","ping_status":"closed","template":"","meta":{"_kad_post_transparent":"","_kad_post_title":"","_kad_post_layout":"","_kad_post_sidebar_id":"","_kad_post_content_style":"","_kad_post_vertical_padding":"","_kad_post_feature":"","_kad_post_feature_position":"","_kad_post_header":false,"_kad_post_footer":false,"_kad_post_classname":""},"product_brand":[],"product_cat":[628,625],"product_tag":[],"class_list":{"0":"post-79032","1":"product","2":"type-product","3":"status-publish","4":"has-post-thumbnail","6":"product_cat-bitki-ve-tohum","7":"product_cat-bitkisel-organik","9":"first","10":"instock","11":"shipping-taxable","12":"purchasable","13":"product-type-simple","14":"entry","15":"content-bg","16":"loop-entry"},"_links":{"self":[{"href":"https:\/\/www.hediyepazar.com\/index.php?rest_route=\/wp\/v2\/product\/79032","targetHints":{"allow":["GET"]}}],"collection":[{"href":"https:\/\/www.hediyepazar.com\/index.php?rest_route=\/wp\/v2\/product"}],"about":[{"href":"https:\/\/www.hediyepazar.com\/index.php?rest_route=\/wp\/v2\/types\/product"}],"replies":[{"embeddable":true,"href":"https:\/\/www.hediyepazar.com\/index.php?rest_route=%2Fwp%2Fv2%2Fcomments&post=79032"}],"wp:featuredmedia":[{"embeddable":true,"href":"https:\/\/www.hediyepazar.com\/index.php?rest_route=\/wp\/v2\/media\/79031"}],"wp:attachment":[{"href":"https:\/\/www.hediyepazar.com\/index.php?rest_route=%2Fwp%2Fv2%2Fmedia&parent=79032"}],"wp:term":[{"taxonomy":"product_brand","embeddable":true,"href":"https:\/\/www.hediyepazar.com\/index.php?rest_route=%2Fwp%2Fv2%2Fproduct_brand&post=79032"},{"taxonomy":"product_cat","embeddable":true,"href":"https:\/\/www.hediyepazar.com\/index.php?rest_route=%2Fwp%2Fv2%2Fproduct_cat&post=79032"},{"taxonomy":"product_tag","embeddable":true,"href":"https:\/\/www.hediyepazar.com\/index.php?rest_route=%2Fwp%2Fv2%2Fproduct_tag&post=79032"}],"curies":[{"name":"wp","href":"https:\/\/api.w.org\/{rel}","templated":true}]}}