{"id":79034,"date":"2026-04-30T01:32:50","date_gmt":"2026-04-30T04:32:50","guid":{"rendered":"https:\/\/www.hediyepazar.com\/?product=semizotu-tohumu-10-gr"},"modified":"2026-04-30T01:32:50","modified_gmt":"2026-04-30T04:32:50","slug":"semizotu-tohumu-10-gr","status":"publish","type":"product","link":"https:\/\/www.hediyepazar.com\/?product=semizotu-tohumu-10-gr","title":{"rendered":"Semizotu Tohumu 10 Gr"},"content":{"rendered":"<table style=\"border-collapse:collapse; width:159pt; border:none\" width=\"212\">\n<colgroup>\n<col style=\"width:159pt\" width=\"212\" \/>\n\t<\/colgroup>\n<tbody>\n<tr height=\"20\" style=\"height:15.0pt\">\n<td height=\"20\" style=\"border:none; height:15.0pt; width:159pt; padding-top:1px; padding-right:1px; padding-left:1px; vertical-align:bottom; white-space:nowrap\" width=\"212\"><span style=\"font-size:11pt\"><span style=\"color:black\"><span style=\"font-weight:400\"><span style=\"font-style:normal\"><span style=\"text-decoration:none\"><span style=\"font-family:Calibri,sans-serif\">Semizotu Tohumu 10 Gr<br \/>\n\t\t\tSemizotu \u0130ri yaprakl\u0131, &ccedil;abuk tohuma kalkmayan bir &ccedil;e\u015fittir<br \/>\n\t\t\tTek y\u0131ll\u0131k, \u0131l\u0131man iklim sebzesidir<br \/>\n\t\t\tSalata olarak taze t&uuml;ketilir<br \/>\n\t\t\tYapraklar yuvarla\u011fa yak\u0131n \u015fekilli, etli ve suludur<br \/>\n\t\t\tHasada gelim s&uuml;resi 50-60 g&uuml;nd&uuml;r<br \/>\n\t\t\tErken ilkbahar en iyi geli\u015fme mevsimidir<br \/>\n\t\t\tS\u0131cakl\u0131k, g&uuml;n uzunlu\u011fu ve susuzluk &ccedil;i&ccedil;eklenme sebebidir<br \/>\n\t\t\tNemli ve \u0131l\u0131k b&ouml;lgelerde ba\u015far\u0131l\u0131 olarak yeti\u015ftirilir<br \/>\n\t\t\tSemiz Otu Tohumunun Yeti\u015ftiricili\u011fi<br \/>\n\t\t\tToprak Haz\u0131rl\u0131\u011f\u0131: Semizotu ekilecek arazi ekimden &ouml;nce 15-20 cm derinlikte s&uuml;r&uuml;l&uuml;r.<br \/>\n\t\t\tDaha sonras\u0131nda ekime uygun gelecek halde t\u0131rm\u0131klan\u0131r.<br \/>\n\t\t\tToprak se&ccedil;icili\u011fi olmayan semizotu, organik maddece zengin topraklar\u0131 ve suyu sever.<br \/>\n\t\t\tEkimi: Ege ve Akdeniz b&ouml;lgelerinde Ocak-\u015eubat di\u011fer b&ouml;lgelerde ise A\u011fustos-Eyl&uuml;l aylar\u0131nda ekimi yap\u0131labilir.<br \/>\n\t\t\tEkim i\u015flemi s\u0131ra aras\u0131 20 cm aral\u0131klarla veya serpme \u015fekilde yap\u0131labilir.<br \/>\n\t\t\tEkim Derinli\u011fi: 1 &#8211; 2 Cm S\u0131ra &Uuml;zeri<br \/>\n\t\t\tEkim Mesafesi: 1 &#8211; 2 Cm<br \/>\n\t\t\tS\u0131ra Aras\u0131 Ekim Mesafesi: 10 &#8211; 15 Cm<br \/>\n\t\t\tTahmini &Ccedil;imlenme S&uuml;resi: 10 &#8211; 15 G&uuml;n<br \/>\n\t\t\tSulama: Suyu seven semizotunda d&uuml;zenli sulama yap\u0131lmas\u0131 %90 \u0131 su olan bu bitki t&uuml;r&uuml; i&ccedil;in &ouml;nemlidir.<br \/>\n\t\t\tG&uuml;breleme: Organik maddeyi seven semizotu i&ccedil;in ekim i\u015fleminden &ouml;nce yanm\u0131\u015f hayvan g&uuml;bresi at\u0131lmas\u0131 yeterli olacakt\u0131r.<br \/>\n\t\t\tSemiz Otu Yeti\u015ftiricili\u011finde Verim Ve Hasat Semizotu hasad\u0131 yeterli b&uuml;y&uuml;kl&uuml;\u011fe gelen semizotlar\u0131n\u0131n<br \/>\n\t\t\ttohumla\u015fma s&uuml;recinden &ouml;nce k&ouml;kten s&ouml;k&uuml;m&uuml; veya dallar\u0131ndan k\u0131r\u0131larak toplanmas\u0131yla hasat i\u015flemi yap\u0131lmal\u0131d\u0131r.<\/span><\/span><\/span><\/span><\/span><\/span><\/td>\n<\/tr>\n<\/tbody>\n<\/table>\n","protected":false},"excerpt":{"rendered":"<p>Semizotu Tohumu 10 Gr<\/p>\n","protected":false},"featured_media":79033,"comment_status":"open","ping_status":"closed","template":"","meta":{"_kad_post_transparent":"","_kad_post_title":"","_kad_post_layout":"","_kad_post_sidebar_id":"","_kad_post_content_style":"","_kad_post_vertical_padding":"","_kad_post_feature":"","_kad_post_feature_position":"","_kad_post_header":false,"_kad_post_footer":false,"_kad_post_classname":""},"product_brand":[],"product_cat":[628,625],"product_tag":[],"class_list":{"0":"post-79034","1":"product","2":"type-product","3":"status-publish","4":"has-post-thumbnail","6":"product_cat-bitki-ve-tohum","7":"product_cat-bitkisel-organik","9":"first","10":"instock","11":"shipping-taxable","12":"purchasable","13":"product-type-simple","14":"entry","15":"content-bg","16":"loop-entry"},"_links":{"self":[{"href":"https:\/\/www.hediyepazar.com\/index.php?rest_route=\/wp\/v2\/product\/79034","targetHints":{"allow":["GET"]}}],"collection":[{"href":"https:\/\/www.hediyepazar.com\/index.php?rest_route=\/wp\/v2\/product"}],"about":[{"href":"https:\/\/www.hediyepazar.com\/index.php?rest_route=\/wp\/v2\/types\/product"}],"replies":[{"embeddable":true,"href":"https:\/\/www.hediyepazar.com\/index.php?rest_route=%2Fwp%2Fv2%2Fcomments&post=79034"}],"wp:featuredmedia":[{"embeddable":true,"href":"https:\/\/www.hediyepazar.com\/index.php?rest_route=\/wp\/v2\/media\/79033"}],"wp:attachment":[{"href":"https:\/\/www.hediyepazar.com\/index.php?rest_route=%2Fwp%2Fv2%2Fmedia&parent=79034"}],"wp:term":[{"taxonomy":"product_brand","embeddable":true,"href":"https:\/\/www.hediyepazar.com\/index.php?rest_route=%2Fwp%2Fv2%2Fproduct_brand&post=79034"},{"taxonomy":"product_cat","embeddable":true,"href":"https:\/\/www.hediyepazar.com\/index.php?rest_route=%2Fwp%2Fv2%2Fproduct_cat&post=79034"},{"taxonomy":"product_tag","embeddable":true,"href":"https:\/\/www.hediyepazar.com\/index.php?rest_route=%2Fwp%2Fv2%2Fproduct_tag&post=79034"}],"curies":[{"name":"wp","href":"https:\/\/api.w.org\/{rel}","templated":true}]}}