{"id":79040,"date":"2026-04-30T01:32:58","date_gmt":"2026-04-30T04:32:58","guid":{"rendered":"https:\/\/www.hediyepazar.com\/?product=maydanoz-tohumu-25-gr"},"modified":"2026-04-30T01:32:58","modified_gmt":"2026-04-30T04:32:58","slug":"maydanoz-tohumu-25-gr","status":"publish","type":"product","link":"https:\/\/www.hediyepazar.com\/?product=maydanoz-tohumu-25-gr","title":{"rendered":"Maydanoz Tohumu 25 Gr"},"content":{"rendered":"<table style=\"border-collapse:collapse; width:159pt; border:none\" width=\"212\">\n<colgroup>\n<col style=\"width:159pt\" width=\"212\" \/>\n\t<\/colgroup>\n<tbody>\n<tr height=\"20\" style=\"height:15.0pt\">\n<td height=\"20\" style=\"border:none; height:15.0pt; width:159pt; padding-top:1px; padding-right:1px; padding-left:1px; vertical-align:bottom; white-space:nowrap\" width=\"212\"><span style=\"font-size:11pt\"><span style=\"color:black\"><span style=\"font-weight:400\"><span style=\"font-style:normal\"><span style=\"text-decoration:none\"><span style=\"font-family:Calibri,sans-serif\">Maydanoz Tohumu 25 Gr<br \/>\n\t\t\tBah&ccedil;ede iri yaprak maydanoz yeti\u015ftiricili\u011fi<br \/>\n\t\t\tBah&ccedil;emizde iri yaprak maydanoz tohumu yeti\u015ftirmek i&ccedil;in<br \/>\n\t\t\t&ouml;ncelikle ekim yapaca\u011f\u0131m\u0131z topra\u011f\u0131 haz\u0131rlamam\u0131z gerekiyor.<br \/>\n\t\t\t\u0130lk olarak yabanc\u0131 otlar\u0131 tohum ekece\u011fimiz alandan temizleyerek ba\u015fl\u0131yoruz.<br \/>\n\t\t\tDaha sonra topra\u011f\u0131m\u0131z\u0131 &ccedil;apalayarak havaland\u0131r\u0131yoruz ki bu bitkimizin iyi geli\u015fim g&ouml;stermesi i&ccedil;in<br \/>\n\t\t\tolduk&ccedil;a &ouml;nemlidir.<br \/>\n\t\t\t&Ccedil;apa yapt\u0131\u011f\u0131m\u0131z topra\u011f\u0131 6 ila 7 g&uuml;n bekletiyoruz ve<br \/>\n\t\t\tb&ouml;ylece topra\u011f\u0131m\u0131z iri yaprak maydanoz tohumu ekimine haz\u0131r hale geliyor.<br \/>\n\t\t\tHaz\u0131r olan topra\u011f\u0131m\u0131za a\u015fa\u011f\u0131daki bilgilere g&ouml;re ekim yapabiliriz.<br \/>\n\t\t\t\u0130ri yaprak maydanoz tohumlar\u0131m\u0131z\u0131 ekmeden &ouml;nce k\u0131sa bir s&uuml;re suda bekletmemiz veya<br \/>\n\t\t\ttohumlar\u0131m\u0131z\u0131 f\u0131sf\u0131s yard\u0131m\u0131 ile nemlendirmemiz &ccedil;imlenme h\u0131zlar\u0131n\u0131 ve y&uuml;zdelerini artt\u0131racakt\u0131r.<br \/>\n\t\t\tTohumlar\u0131m\u0131z\u0131 haz\u0131r olan topra\u011f\u0131m\u0131za ektikten sonra yapmam\u0131z gereken<br \/>\n\t\t\td&uuml;zenli olarak nemlendirmemizdir.<br \/>\n\t\t\tArt\u0131k bah&ccedil;emizde sa\u011fl\u0131kl\u0131 sebze yeti\u015ftirmenin tad\u0131n\u0131 &ccedil;\u0131karabiliriz.<br \/>\n\t\t\tEkim zaman\u0131m\u0131z: Mart<br \/>\n\t\t\tekim derinli\u011fimiz: 1 ila 1.5 cm<br \/>\n\t\t\tS\u0131ra aras\u0131 mesafemiz: 35 ila 40 cm<br \/>\n\t\t\tEvde, balkonda ve saks\u0131da iri yaprak maydanoz yeti\u015ftiricili\u011fi<br \/>\n\t\t\tEvimizde sebze yeti\u015ftirmek art\u0131k &ccedil;ok kolay.<br \/>\n\t\t\t&Ouml;ncelikle saks\u0131m\u0131z\u0131 haz\u0131rlamak ile ba\u015flayabiliriz.<br \/>\n\t\t\tAlt\u0131 tabakl\u0131 saks\u0131m\u0131z\u0131 al\u0131r\u0131z daha sonra saks\u0131m\u0131z\u0131n i&ccedil;erisine (saks\u0131m\u0131z\u0131n b&uuml;y&uuml;kl&uuml;\u011f&uuml;ne g&ouml;re)<br \/>\n\t\t\t2 ila 3 cm y&uuml;ksekli\u011finde &ccedil;ak\u0131l ta\u015flar\u0131n\u0131 doldururuz,<br \/>\n\t\t\t&ccedil;ak\u0131l ta\u015f\u0131n\u0131n &uuml;zerine de sadece torf (&ccedil;i&ccedil;ek topra\u011f\u0131) veya imkan\u0131m\u0131z varsa<br \/>\n\t\t\ttoprak ile torfu (&ccedil;i&ccedil;ek topra\u011f\u0131) kar\u0131\u015ft\u0131r\u0131r\u0131z ve saks\u0131m\u0131z\u0131n i&ccedil;erisine doldururuz.<br \/>\n\t\t\tHaz\u0131rlam\u0131\u015f oldu\u011fumuz saks\u0131m\u0131z art\u0131k iri yaprak maydanoz tohumlar\u0131m\u0131z\u0131n ekimi i&ccedil;in haz\u0131rd\u0131r.<br \/>\n\t\t\tEkimden &ouml;nce nemlendirdi\u011fimiz iri yaprak maydanoz tohumlar\u0131n\u0131<br \/>\n\t\t\thaz\u0131r olan saks\u0131m\u0131z\u0131n topra\u011f\u0131na tohum b&uuml;y&uuml;kl&uuml;\u011f&uuml;n&uuml;n 2 &ndash; 3 kat\u0131 derinli\u011finde ekiyoruz ve<br \/>\n\t\t\t&uuml;zerlerini de en fazla 1 cm y&uuml;ksekli\u011finde topra\u011f\u0131m\u0131zla &ouml;rt&uuml;yoruz.<br \/>\n\t\t\tSon olarak topra\u011f\u0131m\u0131z\u0131 g&uuml;n i&ccedil;erisinden bir vakit se&ccedil;ip her g&uuml;n se&ccedil;ti\u011fimiz<br \/>\n\t\t\tvakitte f\u0131sf\u0131s yard\u0131m\u0131 ile nemlendiriyoruz (a\u015f\u0131r\u0131 nemlendirme yapt\u0131\u011f\u0131m\u0131zda<br \/>\n\t\t\t&nbsp;tohumlar\u0131m\u0131z\u0131n &ccedil;&uuml;r&uuml;yece\u011fini unutmamal\u0131y\u0131z).<br \/>\n\t\t\tArt\u0131k saks\u0131m\u0131z\u0131 g&uuml;n \u0131\u015f\u0131\u011f\u0131n\u0131 g&ouml;rebilecek bir yere koyup evimizde<br \/>\n\t\t\tsa\u011fl\u0131kl\u0131 iri yaprak maydanoz yeti\u015ftirmenin tad\u0131n\u0131 &ccedil;\u0131karabiliriz.<\/span><\/span><\/span><\/span><\/span><\/span><\/td>\n<\/tr>\n<\/tbody>\n<\/table>\n","protected":false},"excerpt":{"rendered":"<p>Maydanoz Tohumu 25 Gr<\/p>\n","protected":false},"featured_media":79039,"comment_status":"open","ping_status":"closed","template":"","meta":{"_kad_post_transparent":"","_kad_post_title":"","_kad_post_layout":"","_kad_post_sidebar_id":"","_kad_post_content_style":"","_kad_post_vertical_padding":"","_kad_post_feature":"","_kad_post_feature_position":"","_kad_post_header":false,"_kad_post_footer":false,"_kad_post_classname":""},"product_brand":[],"product_cat":[628,625],"product_tag":[],"class_list":{"0":"post-79040","1":"product","2":"type-product","3":"status-publish","4":"has-post-thumbnail","6":"product_cat-bitki-ve-tohum","7":"product_cat-bitkisel-organik","9":"first","10":"instock","11":"shipping-taxable","12":"purchasable","13":"product-type-simple","14":"entry","15":"content-bg","16":"loop-entry"},"_links":{"self":[{"href":"https:\/\/www.hediyepazar.com\/index.php?rest_route=\/wp\/v2\/product\/79040","targetHints":{"allow":["GET"]}}],"collection":[{"href":"https:\/\/www.hediyepazar.com\/index.php?rest_route=\/wp\/v2\/product"}],"about":[{"href":"https:\/\/www.hediyepazar.com\/index.php?rest_route=\/wp\/v2\/types\/product"}],"replies":[{"embeddable":true,"href":"https:\/\/www.hediyepazar.com\/index.php?rest_route=%2Fwp%2Fv2%2Fcomments&post=79040"}],"wp:featuredmedia":[{"embeddable":true,"href":"https:\/\/www.hediyepazar.com\/index.php?rest_route=\/wp\/v2\/media\/79039"}],"wp:attachment":[{"href":"https:\/\/www.hediyepazar.com\/index.php?rest_route=%2Fwp%2Fv2%2Fmedia&parent=79040"}],"wp:term":[{"taxonomy":"product_brand","embeddable":true,"href":"https:\/\/www.hediyepazar.com\/index.php?rest_route=%2Fwp%2Fv2%2Fproduct_brand&post=79040"},{"taxonomy":"product_cat","embeddable":true,"href":"https:\/\/www.hediyepazar.com\/index.php?rest_route=%2Fwp%2Fv2%2Fproduct_cat&post=79040"},{"taxonomy":"product_tag","embeddable":true,"href":"https:\/\/www.hediyepazar.com\/index.php?rest_route=%2Fwp%2Fv2%2Fproduct_tag&post=79040"}],"curies":[{"name":"wp","href":"https:\/\/api.w.org\/{rel}","templated":true}]}}