{"id":79048,"date":"2026-04-30T01:33:17","date_gmt":"2026-04-30T04:33:17","guid":{"rendered":"https:\/\/www.hediyepazar.com\/?product=fasulye-tohumu-50-gr"},"modified":"2026-04-30T01:33:17","modified_gmt":"2026-04-30T04:33:17","slug":"fasulye-tohumu-50-gr","status":"publish","type":"product","link":"https:\/\/www.hediyepazar.com\/?product=fasulye-tohumu-50-gr","title":{"rendered":"Fasulye Tohumu 50 Gr"},"content":{"rendered":"<table style=\"border-collapse:collapse; width:159pt; border:none\" width=\"212\">\n<colgroup>\n<col style=\"width:159pt\" width=\"212\" \/>\n\t<\/colgroup>\n<tbody>\n<tr height=\"20\" style=\"height:15.0pt\">\n<td height=\"20\" style=\"border:none; height:15.0pt; width:159pt; padding-top:1px; padding-right:1px; padding-left:1px; vertical-align:bottom; white-space:nowrap\" width=\"212\"><span style=\"font-size:11pt\"><span style=\"color:black\"><span style=\"font-weight:400\"><span style=\"font-style:normal\"><span style=\"text-decoration:none\"><span style=\"font-family:Calibri,sans-serif\">Fasulye Tohumu 50 Gr<br \/>\n\t\t\tOturak yer tipi bir fasulye &ccedil;e\u015fididir.<br \/>\n\t\t\tMeyve ye\u015fil, Yass\u0131, uzun ve k\u0131l&ccedil;\u0131ks\u0131zd\u0131r.<br \/>\n\t\t\tMeyve uzunlu\u011fu 15-17 cm&#39;dir.<br \/>\n\t\t\tTaze t&uuml;ketim ve konserve sanayi i&ccedil;in tavsiye edilen, y&uuml;ksek verimli bir &ccedil;e\u015fittir.<\/span><\/span><\/span><\/span><\/span><\/span><\/td>\n<\/tr>\n<\/tbody>\n<\/table>\n","protected":false},"excerpt":{"rendered":"<p>Fasulye Tohumu 50 Gr<\/p>\n","protected":false},"featured_media":79047,"comment_status":"open","ping_status":"closed","template":"","meta":{"_kad_post_transparent":"","_kad_post_title":"","_kad_post_layout":"","_kad_post_sidebar_id":"","_kad_post_content_style":"","_kad_post_vertical_padding":"","_kad_post_feature":"","_kad_post_feature_position":"","_kad_post_header":false,"_kad_post_footer":false,"_kad_post_classname":""},"product_brand":[],"product_cat":[628,625],"product_tag":[],"class_list":{"0":"post-79048","1":"product","2":"type-product","3":"status-publish","4":"has-post-thumbnail","6":"product_cat-bitki-ve-tohum","7":"product_cat-bitkisel-organik","9":"first","10":"instock","11":"shipping-taxable","12":"purchasable","13":"product-type-simple","14":"entry","15":"content-bg","16":"loop-entry"},"_links":{"self":[{"href":"https:\/\/www.hediyepazar.com\/index.php?rest_route=\/wp\/v2\/product\/79048","targetHints":{"allow":["GET"]}}],"collection":[{"href":"https:\/\/www.hediyepazar.com\/index.php?rest_route=\/wp\/v2\/product"}],"about":[{"href":"https:\/\/www.hediyepazar.com\/index.php?rest_route=\/wp\/v2\/types\/product"}],"replies":[{"embeddable":true,"href":"https:\/\/www.hediyepazar.com\/index.php?rest_route=%2Fwp%2Fv2%2Fcomments&post=79048"}],"wp:featuredmedia":[{"embeddable":true,"href":"https:\/\/www.hediyepazar.com\/index.php?rest_route=\/wp\/v2\/media\/79047"}],"wp:attachment":[{"href":"https:\/\/www.hediyepazar.com\/index.php?rest_route=%2Fwp%2Fv2%2Fmedia&parent=79048"}],"wp:term":[{"taxonomy":"product_brand","embeddable":true,"href":"https:\/\/www.hediyepazar.com\/index.php?rest_route=%2Fwp%2Fv2%2Fproduct_brand&post=79048"},{"taxonomy":"product_cat","embeddable":true,"href":"https:\/\/www.hediyepazar.com\/index.php?rest_route=%2Fwp%2Fv2%2Fproduct_cat&post=79048"},{"taxonomy":"product_tag","embeddable":true,"href":"https:\/\/www.hediyepazar.com\/index.php?rest_route=%2Fwp%2Fv2%2Fproduct_tag&post=79048"}],"curies":[{"name":"wp","href":"https:\/\/api.w.org\/{rel}","templated":true}]}}