{"id":79050,"date":"2026-04-30T01:33:23","date_gmt":"2026-04-30T04:33:23","guid":{"rendered":"https:\/\/www.hediyepazar.com\/?product=domates-tohumu-h-2274-5-gr"},"modified":"2026-04-30T01:33:23","modified_gmt":"2026-04-30T04:33:23","slug":"domates-tohumu-h-2274-5-gr","status":"publish","type":"product","link":"https:\/\/www.hediyepazar.com\/?product=domates-tohumu-h-2274-5-gr","title":{"rendered":"Domates Tohumu H.2274 5 Gr"},"content":{"rendered":"<table style=\"border-collapse:collapse; width:159pt; border:none\" width=\"212\">\n<colgroup>\n<col style=\"width:159pt\" width=\"212\" \/>\n\t<\/colgroup>\n<tbody>\n<tr height=\"20\" style=\"height:15.0pt\">\n<td height=\"20\" style=\"border:none; height:15.0pt; width:159pt; padding-top:1px; padding-right:1px; padding-left:1px; vertical-align:bottom; white-space:nowrap\" width=\"212\"><span style=\"font-size:11pt\"><span style=\"color:black\"><span style=\"font-weight:400\"><span style=\"font-style:normal\"><span style=\"text-decoration:none\"><span style=\"font-family:Calibri,sans-serif\">Domates Tohumu H.2274 5 Gr<br \/>\n\t\t\tOturak, sofral\u0131k, a&ccedil;\u0131k tarla domates &ccedil;e\u015fididir.<br \/>\n\t\t\tYemeklik ve sal&ccedil;a sanayinde kullan\u0131l\u0131r.<br \/>\n\t\t\tT&uuml;m toprak &ccedil;e\u015fitlerine uygundur.<br \/>\n\t\t\tG&uuml;&ccedil;l&uuml; bitki yap\u0131s\u0131 vard\u0131r. Yapraklar\u0131 meyveyi iyi &ouml;rtmektedir.<br \/>\n\t\t\tOrta erkenci kal\u0131n kabuklu olgunla\u015ft\u0131\u011f\u0131nda bile dal\u0131nda sert olarak kalabilmektedir.<br \/>\n\t\t\tMeyveler hafif oval, koyu k\u0131rm\u0131zd\u0131r.<br \/>\n\t\t\tNakliyeye son derece dayan\u0131kl\u0131d\u0131r.<br \/>\n\t\t\tOrtalama meyve a\u011f\u0131rl\u0131\u011f\u0131 140-160 gr&rsquo; d\u0131r.<br \/>\n\t\t\t\u0130yi bak\u0131m \u015fartlar\u0131nda dekara 6-8 ton verimi olan ilk ve son tufanda da yeti\u015ftirilebilen bir &ccedil;e\u015fittir.<\/span><\/span><\/span><\/span><\/span><\/span><\/td>\n<\/tr>\n<\/tbody>\n<\/table>\n","protected":false},"excerpt":{"rendered":"<p>Domates Tohumu H.2274 5 Gr<\/p>\n","protected":false},"featured_media":79049,"comment_status":"open","ping_status":"closed","template":"","meta":{"_kad_post_transparent":"","_kad_post_title":"","_kad_post_layout":"","_kad_post_sidebar_id":"","_kad_post_content_style":"","_kad_post_vertical_padding":"","_kad_post_feature":"","_kad_post_feature_position":"","_kad_post_header":false,"_kad_post_footer":false,"_kad_post_classname":""},"product_brand":[],"product_cat":[628,625],"product_tag":[],"class_list":{"0":"post-79050","1":"product","2":"type-product","3":"status-publish","4":"has-post-thumbnail","6":"product_cat-bitki-ve-tohum","7":"product_cat-bitkisel-organik","9":"first","10":"instock","11":"shipping-taxable","12":"purchasable","13":"product-type-simple","14":"entry","15":"content-bg","16":"loop-entry"},"_links":{"self":[{"href":"https:\/\/www.hediyepazar.com\/index.php?rest_route=\/wp\/v2\/product\/79050","targetHints":{"allow":["GET"]}}],"collection":[{"href":"https:\/\/www.hediyepazar.com\/index.php?rest_route=\/wp\/v2\/product"}],"about":[{"href":"https:\/\/www.hediyepazar.com\/index.php?rest_route=\/wp\/v2\/types\/product"}],"replies":[{"embeddable":true,"href":"https:\/\/www.hediyepazar.com\/index.php?rest_route=%2Fwp%2Fv2%2Fcomments&post=79050"}],"wp:featuredmedia":[{"embeddable":true,"href":"https:\/\/www.hediyepazar.com\/index.php?rest_route=\/wp\/v2\/media\/79049"}],"wp:attachment":[{"href":"https:\/\/www.hediyepazar.com\/index.php?rest_route=%2Fwp%2Fv2%2Fmedia&parent=79050"}],"wp:term":[{"taxonomy":"product_brand","embeddable":true,"href":"https:\/\/www.hediyepazar.com\/index.php?rest_route=%2Fwp%2Fv2%2Fproduct_brand&post=79050"},{"taxonomy":"product_cat","embeddable":true,"href":"https:\/\/www.hediyepazar.com\/index.php?rest_route=%2Fwp%2Fv2%2Fproduct_cat&post=79050"},{"taxonomy":"product_tag","embeddable":true,"href":"https:\/\/www.hediyepazar.com\/index.php?rest_route=%2Fwp%2Fv2%2Fproduct_tag&post=79050"}],"curies":[{"name":"wp","href":"https:\/\/api.w.org\/{rel}","templated":true}]}}