{"id":79064,"date":"2026-04-30T01:33:48","date_gmt":"2026-04-30T04:33:48","guid":{"rendered":"https:\/\/www.hediyepazar.com\/?product=organik-taze-dokme-fajita-baharati-250-gr"},"modified":"2026-04-30T01:33:48","modified_gmt":"2026-04-30T04:33:48","slug":"organik-taze-dokme-fajita-baharati-250-gr","status":"publish","type":"product","link":"https:\/\/www.hediyepazar.com\/?product=organik-taze-dokme-fajita-baharati-250-gr","title":{"rendered":"Organik Taze D\u00f6kme Fajita Baharat\u0131 250 Gr"},"content":{"rendered":"<table style=\"border-collapse:collapse; width:159pt; border:none\" width=\"212\">\n<colgroup>\n<col style=\"width:159pt\" width=\"212\" \/>\n\t<\/colgroup>\n<tbody>\n<tr height=\"20\" style=\"height:15.0pt\">\n<td height=\"20\" style=\"border:none; height:15.0pt; width:159pt; padding-top:1px; padding-right:1px; padding-left:1px; vertical-align:bottom; white-space:nowrap\" width=\"212\"><span style=\"font-size:11pt\"><span style=\"color:black\"><span style=\"font-weight:400\"><span style=\"font-style:normal\"><span style=\"text-decoration:none\"><span style=\"font-family:Calibri,sans-serif\">Fajita Baharat\u0131 D&ouml;kme Organik 250 Gr<br \/>\n\t\t\tNedir?<br \/>\n\t\t\tHayfene Fajita Baharat\u0131 k\u0131rm\u0131z\u0131 et veya tavuk ile haz\u0131rlanabilen bir ana yemek olan fajitan\u0131n<br \/>\n\t\t\tdo\u011fru baharat oranlar\u0131yla ve pratik bir \u015fekilde haz\u0131rlanmas\u0131 i&ccedil;in &ouml;zel olarak harmanlanm\u0131\u015ft\u0131r.<br \/>\n\t\t\t\u0130&ccedil;erisinde bu yemek i&ccedil;in klasikle\u015fmi\u015f so\u011fan, sar\u0131msak, m\u0131s\u0131r unu, deniz tuzu,<br \/>\n\t\t\tnane ve tatl\u0131 toz biber gibi baharatlar bar\u0131nd\u0131rmaktad\u0131r.<br \/>\n\t\t\tAz say\u0131da yo\u011fun lezzetli baharatlar\u0131n bir araya getirildi\u011fi bu kar\u0131\u015f\u0131m,<br \/>\n\t\t\tfajita ba\u015fta olmak &uuml;zere hemen her yeme\u011fe uygulanabilir aromalara sahiptir.<br \/>\n\t\t\tNerelerde Kullan\u0131l\u0131r?<br \/>\n\t\t\tEsas olarak fajita yap\u0131m\u0131 g&ouml;z &ouml;n&uuml;ne al\u0131narak olu\u015fturulan bu lezzetli kar\u0131\u015f\u0131m\u0131,<br \/>\n\t\t\t&ccedil;e\u015fitli sebzelerle birlikte sotelenen k\u0131rm\u0131z\u0131 et ve tavuk yemeklerinde,<br \/>\n\t\t\ttencere yemeklerinde, f\u0131r\u0131nlad\u0131\u011f\u0131n\u0131z sebzelerde, \u0131zgara sosunuzda kullanabilirsiniz.<br \/>\n\t\t\tOlduk&ccedil;a sade ve lezzetli bir baharat birle\u015fimi sunan fajita baharat\u0131 salata ve &ccedil;orbalarda da<br \/>\n\t\t\tlezzetli bir dokunu\u015f sunar.<br \/>\n\t\t\tBirinci s\u0131n\u0131f do\u011fal baharatlar\u0131m\u0131z organiktir &ouml;zenle &ccedil;ekilir.<br \/>\n\t\t\tKatk\u0131 koruyucu madde eklenmez.<br \/>\n\t\t\tD&ouml;kme &uuml;r&uuml;nlerde tazelik her zaman garantidir.<br \/>\n\t\t\t&Uuml;r&uuml;nlerimizin do\u011fall\u0131\u011f\u0131 ve aromas\u0131 en &uuml;st seviyededir.<br \/>\n\t\t\tBaharatlar\u0131m\u0131z geleneksel y&ouml;ntemlerle birinci s\u0131n\u0131f organik &uuml;r&uuml;nlerden elde edilir.<br \/>\n\t\t\t&Uuml;r&uuml;nler sipari\u015f verdi\u011finizde taze taze paketlenir.<br \/>\n\t\t\tKargo s&uuml;recinde zarar g&ouml;rmemesi i&ccedil;in ekstra koruyucu ambalaj malzemeleri kullan\u0131l\u0131r.&nbsp;<\/span><\/span><\/span><\/span><\/span><\/span><\/td>\n<\/tr>\n<\/tbody>\n<\/table>\n","protected":false},"excerpt":{"rendered":"<p>Organik Taze D\u00f6kme Fajita Baharat\u0131 250 Gr<\/p>\n","protected":false},"featured_media":79063,"comment_status":"open","ping_status":"closed","template":"","meta":{"_kad_post_transparent":"","_kad_post_title":"","_kad_post_layout":"","_kad_post_sidebar_id":"","_kad_post_content_style":"","_kad_post_vertical_padding":"","_kad_post_feature":"","_kad_post_feature_position":"","_kad_post_header":false,"_kad_post_footer":false,"_kad_post_classname":""},"product_brand":[],"product_cat":[633,625],"product_tag":[],"class_list":{"0":"post-79064","1":"product","2":"type-product","3":"status-publish","4":"has-post-thumbnail","6":"product_cat-baharat","7":"product_cat-bitkisel-organik","9":"first","10":"instock","11":"shipping-taxable","12":"purchasable","13":"product-type-simple","14":"entry","15":"content-bg","16":"loop-entry"},"_links":{"self":[{"href":"https:\/\/www.hediyepazar.com\/index.php?rest_route=\/wp\/v2\/product\/79064","targetHints":{"allow":["GET"]}}],"collection":[{"href":"https:\/\/www.hediyepazar.com\/index.php?rest_route=\/wp\/v2\/product"}],"about":[{"href":"https:\/\/www.hediyepazar.com\/index.php?rest_route=\/wp\/v2\/types\/product"}],"replies":[{"embeddable":true,"href":"https:\/\/www.hediyepazar.com\/index.php?rest_route=%2Fwp%2Fv2%2Fcomments&post=79064"}],"wp:featuredmedia":[{"embeddable":true,"href":"https:\/\/www.hediyepazar.com\/index.php?rest_route=\/wp\/v2\/media\/79063"}],"wp:attachment":[{"href":"https:\/\/www.hediyepazar.com\/index.php?rest_route=%2Fwp%2Fv2%2Fmedia&parent=79064"}],"wp:term":[{"taxonomy":"product_brand","embeddable":true,"href":"https:\/\/www.hediyepazar.com\/index.php?rest_route=%2Fwp%2Fv2%2Fproduct_brand&post=79064"},{"taxonomy":"product_cat","embeddable":true,"href":"https:\/\/www.hediyepazar.com\/index.php?rest_route=%2Fwp%2Fv2%2Fproduct_cat&post=79064"},{"taxonomy":"product_tag","embeddable":true,"href":"https:\/\/www.hediyepazar.com\/index.php?rest_route=%2Fwp%2Fv2%2Fproduct_tag&post=79064"}],"curies":[{"name":"wp","href":"https:\/\/api.w.org\/{rel}","templated":true}]}}