{"id":79068,"date":"2026-04-30T01:33:55","date_gmt":"2026-04-30T04:33:55","guid":{"rendered":"https:\/\/www.hediyepazar.com\/?product=organik-taze-dokme-cajun-baharati-250-gr"},"modified":"2026-04-30T01:33:55","modified_gmt":"2026-04-30T04:33:55","slug":"organik-taze-dokme-cajun-baharati-250-gr","status":"publish","type":"product","link":"https:\/\/www.hediyepazar.com\/?product=organik-taze-dokme-cajun-baharati-250-gr","title":{"rendered":"Organik Taze D\u00f6kme Cajun Baharat\u0131 250 Gr"},"content":{"rendered":"<table style=\"border-collapse:collapse; width:159pt; border:none\" width=\"212\">\n<colgroup>\n<col style=\"width:159pt\" width=\"212\" \/>\n\t<\/colgroup>\n<tbody>\n<tr height=\"20\" style=\"height:15.0pt\">\n<td height=\"20\" style=\"border:none; height:15.0pt; width:159pt; padding-top:1px; padding-right:1px; padding-left:1px; vertical-align:bottom; white-space:nowrap\" width=\"212\"><span style=\"font-size:11pt\"><span style=\"color:black\"><span style=\"font-weight:400\"><span style=\"font-style:normal\"><span style=\"text-decoration:none\"><span style=\"font-family:Calibri,sans-serif\">Organik Taze D&ouml;kme Cajun Baharat\u0131 250 Gr<br \/>\n\t\t\t1.S\u0131n\u0131f D&ouml;kme Kajun (Cajun) Baharat\u0131 250 Gr.<br \/>\n\t\t\tPatates baharat\u0131 ya da di\u011fer ad\u0131yla kajun (cajun) baharat\u0131,<br \/>\n\t\t\tAmerika ba\u015fta olmak &uuml;zere bir&ccedil;ok &uuml;lkenin mutfa\u011f\u0131nda kullan\u0131lan bir baharat kar\u0131\u015f\u0131m\u0131.<br \/>\n\t\t\tBu baharat kar\u0131\u015f\u0131m\u0131n\u0131n i&ccedil;erisinde hepimizin yak\u0131nda tan\u0131d\u0131\u011f\u0131 bir&ccedil;ok baharat var.<br \/>\n\t\t\tK&ouml;ri baharat\u0131 gibi yo\u011fun bir lezzeti oldu\u011fu i&ccedil;in &ouml;zellikle<br \/>\n\t\t\tbaharatl\u0131 lezzetleri &ccedil;ok sevenlerin favorilerinden olaca\u011f\u0131 kesin.<br \/>\n\t\t\tCajun baharat\u0131, patatese en &ccedil;ok yak\u0131\u015fan baharatlar\u0131n ba\u015f\u0131nda geliyor.<br \/>\n\t\t\t&Ouml;zellikle f\u0131r\u0131nlanm\u0131\u015f patatese adeta cips lezzeti veren,<br \/>\n\t\t\tbol baharatl\u0131 tad\u0131yla yedik&ccedil;e yediren \u015fahane bir lezzete d&ouml;n&uuml;\u015f&uuml;yor.<br \/>\n\t\t\tBu nedenle cajun baharat\u0131 en &ccedil;ok f\u0131r\u0131nlanm\u0131\u015f ya da k\u0131zarm\u0131\u015f patateslere yak\u0131\u015f\u0131yor.<br \/>\n\t\t\tBirinci s\u0131n\u0131f do\u011fal baharatlar\u0131m\u0131z organiktir &ouml;zenle &ccedil;ekilir.<br \/>\n\t\t\tKatk\u0131 koruyucu madde eklenmez.<br \/>\n\t\t\tD&ouml;kme &uuml;r&uuml;nlerde tazelik her zaman garantidir.<br \/>\n\t\t\t&Uuml;r&uuml;nlerimizin do\u011fall\u0131\u011f\u0131 ve aromas\u0131 en &uuml;st seviyededir.<br \/>\n\t\t\tBaharatlar\u0131m\u0131z geleneksel y&ouml;ntemlerle birinci s\u0131n\u0131f organik &uuml;r&uuml;nlerden elde edilir.<br \/>\n\t\t\t&Uuml;r&uuml;nler sipari\u015f verdi\u011finizde taze taze paketlenir.<br \/>\n\t\t\tKargo s&uuml;recinde zarar g&ouml;rmemesi i&ccedil;in ekstra koruyucu ambalaj malzemeleri kullan\u0131l\u0131r.&nbsp;<\/span><\/span><\/span><\/span><\/span><\/span><\/td>\n<\/tr>\n<\/tbody>\n<\/table>\n","protected":false},"excerpt":{"rendered":"<p>Organik Taze D\u00f6kme Cajun Baharat\u0131 250 Gr<\/p>\n","protected":false},"featured_media":79067,"comment_status":"open","ping_status":"closed","template":"","meta":{"_kad_post_transparent":"","_kad_post_title":"","_kad_post_layout":"","_kad_post_sidebar_id":"","_kad_post_content_style":"","_kad_post_vertical_padding":"","_kad_post_feature":"","_kad_post_feature_position":"","_kad_post_header":false,"_kad_post_footer":false,"_kad_post_classname":""},"product_brand":[],"product_cat":[633,625],"product_tag":[],"class_list":{"0":"post-79068","1":"product","2":"type-product","3":"status-publish","4":"has-post-thumbnail","6":"product_cat-baharat","7":"product_cat-bitkisel-organik","9":"first","10":"instock","11":"shipping-taxable","12":"purchasable","13":"product-type-simple","14":"entry","15":"content-bg","16":"loop-entry"},"_links":{"self":[{"href":"https:\/\/www.hediyepazar.com\/index.php?rest_route=\/wp\/v2\/product\/79068","targetHints":{"allow":["GET"]}}],"collection":[{"href":"https:\/\/www.hediyepazar.com\/index.php?rest_route=\/wp\/v2\/product"}],"about":[{"href":"https:\/\/www.hediyepazar.com\/index.php?rest_route=\/wp\/v2\/types\/product"}],"replies":[{"embeddable":true,"href":"https:\/\/www.hediyepazar.com\/index.php?rest_route=%2Fwp%2Fv2%2Fcomments&post=79068"}],"wp:featuredmedia":[{"embeddable":true,"href":"https:\/\/www.hediyepazar.com\/index.php?rest_route=\/wp\/v2\/media\/79067"}],"wp:attachment":[{"href":"https:\/\/www.hediyepazar.com\/index.php?rest_route=%2Fwp%2Fv2%2Fmedia&parent=79068"}],"wp:term":[{"taxonomy":"product_brand","embeddable":true,"href":"https:\/\/www.hediyepazar.com\/index.php?rest_route=%2Fwp%2Fv2%2Fproduct_brand&post=79068"},{"taxonomy":"product_cat","embeddable":true,"href":"https:\/\/www.hediyepazar.com\/index.php?rest_route=%2Fwp%2Fv2%2Fproduct_cat&post=79068"},{"taxonomy":"product_tag","embeddable":true,"href":"https:\/\/www.hediyepazar.com\/index.php?rest_route=%2Fwp%2Fv2%2Fproduct_tag&post=79068"}],"curies":[{"name":"wp","href":"https:\/\/api.w.org\/{rel}","templated":true}]}}