{"id":79074,"date":"2026-04-30T01:34:08","date_gmt":"2026-04-30T04:34:08","guid":{"rendered":"https:\/\/www.hediyepazar.com\/?product=kaffka-halep-kahvaltilik-zahter-250-gr"},"modified":"2026-04-30T01:34:08","modified_gmt":"2026-04-30T04:34:08","slug":"kaffka-halep-kahvaltilik-zahter-250-gr","status":"publish","type":"product","link":"https:\/\/www.hediyepazar.com\/?product=kaffka-halep-kahvaltilik-zahter-250-gr","title":{"rendered":"Kaffka Halep Kahvalt\u0131l\u0131k Zahter 250 Gr"},"content":{"rendered":"<table style=\"border-collapse:collapse; width:159pt; border:none\" width=\"212\">\n<colgroup>\n<col style=\"width:159pt\" width=\"212\" \/>\n\t<\/colgroup>\n<tbody>\n<tr height=\"20\" style=\"height:15.0pt\">\n<td height=\"20\" style=\"border:none; height:15.0pt; width:159pt; padding-top:1px; padding-right:1px; padding-left:1px; vertical-align:bottom; white-space:nowrap\" width=\"212\"><span style=\"font-size:11pt\"><span style=\"color:black\"><span style=\"font-weight:400\"><span style=\"font-style:normal\"><span style=\"text-decoration:none\"><span style=\"font-family:Calibri,sans-serif\">Kaffka Halep Kahvalt\u0131l\u0131k Zahter 250 Gr<br \/>\n\t\t\t\u0130&ccedil;indekiler:<br \/>\n\t\t\tBu\u011fday, Susam, Leblebi, Menengi&ccedil;, Yer Fst\u0131\u011f\u0131, Kavun &Ccedil;ekirde\u011fi, Karpuz &Ccedil;ekirde\u011fi,<br \/>\n\t\t\tKekik, K\u0131rm\u0131z\u0131 Pul Biber, Kimyon, Tuz, Ki\u015fni\u015f,Rezene, (Mayana) Sitrik Asit E330<br \/>\n\t\t\tKahvalt\u0131l\u0131k zahter y\u0131llard\u0131r sevilerek t&uuml;ketilen y&ouml;resel bir tatt\u0131r.<br \/>\n\t\t\tLeblebi, karpuz &ccedil;ekirde\u011fi, kavun &ccedil;ekirde\u011fi, menengi&ccedil;, yer f\u0131st\u0131\u011f\u0131, ha\u015flanm\u0131\u015f bu\u011fday,<br \/>\n\t\t\tsusam, rezene, ki\u015fni\u015f, sumak, kimyon, k\u0131rm\u0131z\u0131 biber ve tuz i&ccedil;eren toz halindeki kahvalt\u0131l\u0131k zahterinizi<br \/>\n\t\t\tk&uuml;&ccedil;&uuml;k derin bir kaba koyarak yan\u0131na da farkl\u0131 bir kapta zeytinya\u011f\u0131 ile servis ediniz.<br \/>\n\t\t\tToz haline getirilmi\u015f zahter Gaziantep&rsquo;te y&ouml;resel kahvalt\u0131lar\u0131n vazge&ccedil;ilmezidir.<br \/>\n\t\t\tToz halindeki kahvalt\u0131l\u0131k zahterinizi k&uuml;&ccedil;&uuml;k derin bir kaba koyarak yan\u0131na da<br \/>\n\t\t\tfarkl\u0131 bir kapta zeytinya\u011f\u0131 ile servis ediniz.<br \/>\n\t\t\tEkme\u011fi &ouml;nce zeytinya\u011f\u0131na bat\u0131r\u0131p daha sonra zahtere bat\u0131rarak keyifle yiyebilirsiniz.<br \/>\n\t\t\tZahter zengin i&ccedil;eri\u011fi ile b&ouml;brekleri korur, hazm\u0131 kolayla\u015ft\u0131r\u0131r, tansiyonu d&uuml;zenler.<br \/>\n\t\t\tKahvalt\u0131 sofralar\u0131n\u0131za farkl\u0131 bir tat ve sa\u011fl\u0131kl\u0131 bir besin istiyorsan\u0131z<br \/>\n\t\t\tKahvalt\u0131l\u0131k Zahter&rsquo;imiz tam size g&ouml;re.<\/span><\/span><\/span><\/span><\/span><\/span><\/td>\n<\/tr>\n<\/tbody>\n<\/table>\n","protected":false},"excerpt":{"rendered":"<p>Kaffka Halep Kahvalt\u0131l\u0131k Zahter 250 Gr<\/p>\n","protected":false},"featured_media":79073,"comment_status":"open","ping_status":"closed","template":"","meta":{"_kad_post_transparent":"","_kad_post_title":"","_kad_post_layout":"","_kad_post_sidebar_id":"","_kad_post_content_style":"","_kad_post_vertical_padding":"","_kad_post_feature":"","_kad_post_feature_position":"","_kad_post_header":false,"_kad_post_footer":false,"_kad_post_classname":""},"product_brand":[],"product_cat":[633,625],"product_tag":[],"class_list":{"0":"post-79074","1":"product","2":"type-product","3":"status-publish","4":"has-post-thumbnail","6":"product_cat-baharat","7":"product_cat-bitkisel-organik","9":"first","10":"instock","11":"shipping-taxable","12":"purchasable","13":"product-type-simple","14":"entry","15":"content-bg","16":"loop-entry"},"_links":{"self":[{"href":"https:\/\/www.hediyepazar.com\/index.php?rest_route=\/wp\/v2\/product\/79074","targetHints":{"allow":["GET"]}}],"collection":[{"href":"https:\/\/www.hediyepazar.com\/index.php?rest_route=\/wp\/v2\/product"}],"about":[{"href":"https:\/\/www.hediyepazar.com\/index.php?rest_route=\/wp\/v2\/types\/product"}],"replies":[{"embeddable":true,"href":"https:\/\/www.hediyepazar.com\/index.php?rest_route=%2Fwp%2Fv2%2Fcomments&post=79074"}],"wp:featuredmedia":[{"embeddable":true,"href":"https:\/\/www.hediyepazar.com\/index.php?rest_route=\/wp\/v2\/media\/79073"}],"wp:attachment":[{"href":"https:\/\/www.hediyepazar.com\/index.php?rest_route=%2Fwp%2Fv2%2Fmedia&parent=79074"}],"wp:term":[{"taxonomy":"product_brand","embeddable":true,"href":"https:\/\/www.hediyepazar.com\/index.php?rest_route=%2Fwp%2Fv2%2Fproduct_brand&post=79074"},{"taxonomy":"product_cat","embeddable":true,"href":"https:\/\/www.hediyepazar.com\/index.php?rest_route=%2Fwp%2Fv2%2Fproduct_cat&post=79074"},{"taxonomy":"product_tag","embeddable":true,"href":"https:\/\/www.hediyepazar.com\/index.php?rest_route=%2Fwp%2Fv2%2Fproduct_tag&post=79074"}],"curies":[{"name":"wp","href":"https:\/\/api.w.org\/{rel}","templated":true}]}}