{"id":79078,"date":"2026-04-30T01:34:14","date_gmt":"2026-04-30T04:34:14","guid":{"rendered":"https:\/\/www.hediyepazar.com\/?product=organik-taze-dokme-halis-pulbiber-250-gr"},"modified":"2026-04-30T01:34:14","modified_gmt":"2026-04-30T04:34:14","slug":"organik-taze-dokme-halis-pulbiber-250-gr","status":"publish","type":"product","link":"https:\/\/www.hediyepazar.com\/?product=organik-taze-dokme-halis-pulbiber-250-gr","title":{"rendered":"Organik Taze D\u00f6kme Halis Pulbiber 250 Gr"},"content":{"rendered":"<table style=\"border-collapse:collapse; width:159pt; border:none\" width=\"212\">\n<colgroup>\n<col style=\"width:159pt\" width=\"212\" \/>\n\t<\/colgroup>\n<tbody>\n<tr height=\"20\" style=\"height:15.0pt\">\n<td height=\"20\" style=\"border:none; height:15.0pt; width:159pt; padding-top:1px; padding-right:1px; padding-left:1px; vertical-align:bottom; white-space:nowrap\" width=\"212\"><span style=\"font-size:11pt\"><span style=\"color:black\"><span style=\"font-weight:400\"><span style=\"font-style:normal\"><span style=\"text-decoration:none\"><span style=\"font-family:Calibri,sans-serif\">Organik Taze D&ouml;kme Halis Pulbiber 250 Gr<br \/>\n\t\t\tHalis-Do\u011fal olarak kurutulan biberler fabrika ortam\u0131nda saplar\u0131ndan ve<br \/>\n\t\t\t&ccedil;&uuml;r&uuml;k tanelerinden ayr\u0131ld\u0131ktan sonra, par&ccedil;alanarak f\u0131r\u0131n veya do\u011fal g&uuml;ne\u015f enerjisinde<br \/>\n\t\t\tkurutulan biberler ise se&ccedil;me i\u015flemine tabi tutulmadan,<br \/>\n\t\t\tpul biber yap\u0131lmak &uuml;zere kepertme makinelerinden ge&ccedil;irilir.<br \/>\n\t\t\tKepertilerek 3,00mm olarak k\u0131r\u0131lm\u0131\u015f biberler devlip ta\u015f\u0131 alt\u0131nda t&uuml;rk g\u0131da kodeksinde<br \/>\n\t\t\tbelirtilen oranlarda bitkisel s\u0131v\u0131 ya\u011f(%8) ve tuz(%7) ilave edilerek tavlan\u0131r.<br \/>\n\t\t\tTavlama i\u015fleminden sonra eleklerden ge&ccedil;irilen yaprak pul biberler tasniflenir ve<br \/>\n\t\t\tambalajlanarak t&uuml;ketime sunulur.<br \/>\n\t\t\tIsot-Do\u011fal olarak kurutulan biberler fabrika ortam\u0131nda saplar\u0131ndan ve<br \/>\n\t\t\t&ccedil;&uuml;r&uuml;k tanelerinden ayr\u0131ld\u0131ktan sonra, par&ccedil;alanarak f\u0131r\u0131n veya<br \/>\n\t\t\tdo\u011fal g&uuml;ne\u015f enerjisinde kurutulan biberler \u0131s\u0131tma i\u015fleminden ge&ccedil;irilerek &ouml;zel kaplarda<br \/>\n\t\t\t1 hafta , 10 g&uuml;n fermante edilir, dahasonra siyah pul biber(isot) yap\u0131lmak &uuml;zere<br \/>\n\t\t\tkepertme makinelerinden ge&ccedil;irilir.<br \/>\n\t\t\tKepertilerek 3,00mm olarak k\u0131r\u0131lm\u0131\u015f biberler devlip ta\u015f\u0131 alt\u0131nda t&uuml;rk gida kodeksinde<br \/>\n\t\t\tbelirtilen oranlarda bitkisel sivi ya\u011f(%8) ve tuz(%7) ilave edilerek tavlan\u0131r.<br \/>\n\t\t\tTavlama i\u015fleminden sonra eleklerden ge&ccedil;irilen siyah yaprak pul biberler(isot) tasniflenir ve<br \/>\n\t\t\tambalajlanarak t&uuml;ketime sunulur.<br \/>\n\t\t\tBirinci s\u0131n\u0131f do\u011fal baharatlar\u0131m\u0131z organiktir &ouml;zenle &ccedil;ekilir.<br \/>\n\t\t\tKatk\u0131 koruyucu madde eklenmez.<br \/>\n\t\t\tD&ouml;kme &uuml;r&uuml;nlerde Taze D&ouml;kmelik her zaman garantidir.<br \/>\n\t\t\t&Uuml;r&uuml;nlerimizin do\u011fall\u0131\u011f\u0131 ve aromas\u0131 en &uuml;st seviyededir.<br \/>\n\t\t\tBaharatlar\u0131m\u0131z geleneksel y&ouml;ntemlerle birinci s\u0131n\u0131f organik &uuml;r&uuml;nlerden elde edilir.<br \/>\n\t\t\t&Uuml;r&uuml;nler sipari\u015f verdi\u011finizde Taze D&ouml;kme Taze D&ouml;kme paketlenir.<br \/>\n\t\t\tKargo s&uuml;recinde zarar g&ouml;rmemesi i&ccedil;in ekstra koruyucu ambalaj malzemeleri kullan\u0131l\u0131r.&nbsp;<\/span><\/span><\/span><\/span><\/span><\/span><\/td>\n<\/tr>\n<\/tbody>\n<\/table>\n","protected":false},"excerpt":{"rendered":"<p>Organik Taze D\u00f6kme Halis Pulbiber 250 Gr<\/p>\n","protected":false},"featured_media":79077,"comment_status":"open","ping_status":"closed","template":"","meta":{"_kad_post_transparent":"","_kad_post_title":"","_kad_post_layout":"","_kad_post_sidebar_id":"","_kad_post_content_style":"","_kad_post_vertical_padding":"","_kad_post_feature":"","_kad_post_feature_position":"","_kad_post_header":false,"_kad_post_footer":false,"_kad_post_classname":""},"product_brand":[],"product_cat":[633,625],"product_tag":[],"class_list":{"0":"post-79078","1":"product","2":"type-product","3":"status-publish","4":"has-post-thumbnail","6":"product_cat-baharat","7":"product_cat-bitkisel-organik","9":"first","10":"instock","11":"shipping-taxable","12":"purchasable","13":"product-type-simple","14":"entry","15":"content-bg","16":"loop-entry"},"_links":{"self":[{"href":"https:\/\/www.hediyepazar.com\/index.php?rest_route=\/wp\/v2\/product\/79078","targetHints":{"allow":["GET"]}}],"collection":[{"href":"https:\/\/www.hediyepazar.com\/index.php?rest_route=\/wp\/v2\/product"}],"about":[{"href":"https:\/\/www.hediyepazar.com\/index.php?rest_route=\/wp\/v2\/types\/product"}],"replies":[{"embeddable":true,"href":"https:\/\/www.hediyepazar.com\/index.php?rest_route=%2Fwp%2Fv2%2Fcomments&post=79078"}],"wp:featuredmedia":[{"embeddable":true,"href":"https:\/\/www.hediyepazar.com\/index.php?rest_route=\/wp\/v2\/media\/79077"}],"wp:attachment":[{"href":"https:\/\/www.hediyepazar.com\/index.php?rest_route=%2Fwp%2Fv2%2Fmedia&parent=79078"}],"wp:term":[{"taxonomy":"product_brand","embeddable":true,"href":"https:\/\/www.hediyepazar.com\/index.php?rest_route=%2Fwp%2Fv2%2Fproduct_brand&post=79078"},{"taxonomy":"product_cat","embeddable":true,"href":"https:\/\/www.hediyepazar.com\/index.php?rest_route=%2Fwp%2Fv2%2Fproduct_cat&post=79078"},{"taxonomy":"product_tag","embeddable":true,"href":"https:\/\/www.hediyepazar.com\/index.php?rest_route=%2Fwp%2Fv2%2Fproduct_tag&post=79078"}],"curies":[{"name":"wp","href":"https:\/\/api.w.org\/{rel}","templated":true}]}}