{"id":79092,"date":"2026-04-30T01:34:45","date_gmt":"2026-04-30T04:34:45","guid":{"rendered":"https:\/\/www.hediyepazar.com\/?product=organik-taze-dokme-tatli-toz-biber-250-gr"},"modified":"2026-04-30T01:34:45","modified_gmt":"2026-04-30T04:34:45","slug":"organik-taze-dokme-tatli-toz-biber-250-gr","status":"publish","type":"product","link":"https:\/\/www.hediyepazar.com\/?product=organik-taze-dokme-tatli-toz-biber-250-gr","title":{"rendered":"Organik Taze D\u00f6kme Tatl\u0131 Toz Biber 250 Gr"},"content":{"rendered":"<table style=\"border-collapse:collapse; width:159pt; border:none\" width=\"212\">\n<colgroup>\n<col style=\"width:159pt\" width=\"212\" \/>\n\t<\/colgroup>\n<tbody>\n<tr height=\"20\" style=\"height:15.0pt\">\n<td height=\"20\" style=\"border:none; height:15.0pt; width:159pt; padding-top:1px; padding-right:1px; padding-left:1px; vertical-align:bottom; white-space:nowrap\" width=\"212\"><span style=\"font-size:11pt\"><span style=\"color:black\"><span style=\"font-weight:400\"><span style=\"font-style:normal\"><span style=\"text-decoration:none\"><span style=\"font-family:Calibri,sans-serif\">Organik Taze D&ouml;kme Tatl\u0131 Toz Biber 250 Gr<br \/>\n\t\t\tT&uuml;rkiye&rsquo;nin k\u0131rm\u0131z\u0131 biber &uuml;retiminin b&uuml;y&uuml;k bir k\u0131sm\u0131n\u0131n ger&ccedil;ekle\u015fti\u011fi Gaziantep&rsquo;te yeti\u015fen<br \/>\n\t\t\ten kaliteli tatl\u0131 biberlerin yaz aylar\u0131n\u0131n en s\u0131cak g&uuml;nlerinde bin bir zahmetle haz\u0131rlan\u0131p<br \/>\n\t\t\tkurutulmas\u0131 ile haz\u0131rlanan tatl\u0131 toz biberlerimizi Taze D&ouml;kmeli\u011fi, do\u011fal\u0131\u011f\u0131 ve lezzetiyle yemeklerinizde<br \/>\n\t\t\tg&ouml;n&uuml;l rahatl\u0131\u011f\u0131yla kullanabilirsiniz.<br \/>\n\t\t\tToz biberlerimiz herhangi bir katk\u0131 maddesi i&ccedil;ermez ve uzun s&uuml;re Taze D&ouml;kmeli\u011fini korur.<br \/>\n\t\t\tToz biberleri kulland\u0131\u011f\u0131n\u0131z yemeklerde biberlerin, tad\u0131, kokusu ve rengi ile kalitesini fark edebilirsiniz.<br \/>\n\t\t\tBiberlerimizin kalitesi ve herhangi bir katk\u0131 maddesi i&ccedil;ermemesinden dolay\u0131<br \/>\n\t\t\tyemeklerinizde kullanaca\u011f\u0131n\u0131z az miktarda toz biber ile bile bu farkl\u0131l\u0131\u011f\u0131 hissedebilirsiniz.<br \/>\n\t\t\tBiberlerinizi cam kavanozda saklaman\u0131z\u0131 ve nemden uzak tutman\u0131z\u0131 tavsiye ederiz.<br \/>\n\t\t\tBirinci s\u0131n\u0131f do\u011fal baharatlar\u0131m\u0131z organiktir &ouml;zenle &ccedil;ekilir.<br \/>\n\t\t\tKatk\u0131 koruyucu madde eklenmez.<br \/>\n\t\t\tD&ouml;kme &uuml;r&uuml;nlerde Taze D&ouml;kmelik her zaman garantidir.<br \/>\n\t\t\t&Uuml;r&uuml;nlerimizin do\u011fall\u0131\u011f\u0131 ve aromas\u0131 en &uuml;st seviyededir.<br \/>\n\t\t\tBaharatlar\u0131m\u0131z geleneksel y&ouml;ntemlerle birinci s\u0131n\u0131f organik &uuml;r&uuml;nlerden elde edilir.<br \/>\n\t\t\t&Uuml;r&uuml;nler sipari\u015f verdi\u011finizde Taze D&ouml;kme Taze D&ouml;kme paketlenir.<br \/>\n\t\t\tKargo s&uuml;recinde zarar g&ouml;rmemesi i&ccedil;in ekstra koruyucu ambalaj malzemeleri kullan\u0131l\u0131r.&nbsp;<\/span><\/span><\/span><\/span><\/span><\/span><\/td>\n<\/tr>\n<\/tbody>\n<\/table>\n","protected":false},"excerpt":{"rendered":"<p>Organik Taze D\u00f6kme Tatl\u0131 Toz Biber 250 Gr<\/p>\n","protected":false},"featured_media":79091,"comment_status":"open","ping_status":"closed","template":"","meta":{"_kad_post_transparent":"","_kad_post_title":"","_kad_post_layout":"","_kad_post_sidebar_id":"","_kad_post_content_style":"","_kad_post_vertical_padding":"","_kad_post_feature":"","_kad_post_feature_position":"","_kad_post_header":false,"_kad_post_footer":false,"_kad_post_classname":""},"product_brand":[],"product_cat":[633,625],"product_tag":[],"class_list":{"0":"post-79092","1":"product","2":"type-product","3":"status-publish","4":"has-post-thumbnail","6":"product_cat-baharat","7":"product_cat-bitkisel-organik","9":"first","10":"instock","11":"shipping-taxable","12":"purchasable","13":"product-type-simple","14":"entry","15":"content-bg","16":"loop-entry"},"_links":{"self":[{"href":"https:\/\/www.hediyepazar.com\/index.php?rest_route=\/wp\/v2\/product\/79092","targetHints":{"allow":["GET"]}}],"collection":[{"href":"https:\/\/www.hediyepazar.com\/index.php?rest_route=\/wp\/v2\/product"}],"about":[{"href":"https:\/\/www.hediyepazar.com\/index.php?rest_route=\/wp\/v2\/types\/product"}],"replies":[{"embeddable":true,"href":"https:\/\/www.hediyepazar.com\/index.php?rest_route=%2Fwp%2Fv2%2Fcomments&post=79092"}],"wp:featuredmedia":[{"embeddable":true,"href":"https:\/\/www.hediyepazar.com\/index.php?rest_route=\/wp\/v2\/media\/79091"}],"wp:attachment":[{"href":"https:\/\/www.hediyepazar.com\/index.php?rest_route=%2Fwp%2Fv2%2Fmedia&parent=79092"}],"wp:term":[{"taxonomy":"product_brand","embeddable":true,"href":"https:\/\/www.hediyepazar.com\/index.php?rest_route=%2Fwp%2Fv2%2Fproduct_brand&post=79092"},{"taxonomy":"product_cat","embeddable":true,"href":"https:\/\/www.hediyepazar.com\/index.php?rest_route=%2Fwp%2Fv2%2Fproduct_cat&post=79092"},{"taxonomy":"product_tag","embeddable":true,"href":"https:\/\/www.hediyepazar.com\/index.php?rest_route=%2Fwp%2Fv2%2Fproduct_tag&post=79092"}],"curies":[{"name":"wp","href":"https:\/\/api.w.org\/{rel}","templated":true}]}}