{"id":79118,"date":"2026-04-30T01:36:04","date_gmt":"2026-04-30T04:36:04","guid":{"rendered":"https:\/\/www.hediyepazar.com\/?product=2-adet-dark-temptation-erkek-deodorant-sprey-150-ml"},"modified":"2026-04-30T01:36:04","modified_gmt":"2026-04-30T04:36:04","slug":"2-adet-dark-temptation-erkek-deodorant-sprey-150-ml","status":"publish","type":"product","link":"https:\/\/www.hediyepazar.com\/?product=2-adet-dark-temptation-erkek-deodorant-sprey-150-ml","title":{"rendered":"2 Adet Dark Temptation Erkek Deodorant Sprey 150 ml"},"content":{"rendered":"<table style=\"border-collapse:collapse; width:78pt; border:none\" width=\"104\">\n<colgroup>\n<col style=\"width:78pt\" width=\"104\" \/>\n\t<\/colgroup>\n<tbody>\n<tr height=\"20\" style=\"height:15.0pt\">\n<td height=\"20\" style=\"border:none; height:15.0pt; width:78pt; padding-top:1px; padding-right:1px; padding-left:1px; vertical-align:bottom; white-space:nowrap\" width=\"104\"><span style=\"font-size:11pt\"><span style=\"color:black\"><span style=\"font-weight:400\"><span style=\"font-style:normal\"><span style=\"text-decoration:none\"><span style=\"font-family:Calibri,sans-serif\">2 Adet Dark Temptation Erkek Deodorant Sprey 150 ml<br \/>\n\t\t\tAXE benzersiz performans\u0131 ile senin, enfes kokusuyla da &ccedil;evrendekilerin kalbini &ccedil;almaya geliyor.<br \/>\n\t\t\tBitter &ccedil;ikolata zevkini AXE body Sprey ile doruklar\u0131nda ya\u015fa, s\u0131n\u0131rs\u0131z ferahl\u0131k hissinin keyfine var.<br \/>\n\t\t\tK&ouml;t&uuml; kokulara yol a&ccedil;an bakterileri durdurmak i&ccedil;in geli\u015ftirilen Dual Action teknolojisi ile<br \/>\n\t\t\tyenilenen form&uuml;l&uuml; ve tarz tasar\u0131m\u0131 sayesinde AXE Dark Temptation 48 saat harika kokman\u0131 sa\u011flar.<br \/>\n\t\t\tAXE ile g&uuml;nl&uuml;k rutininden asla &ouml;d&uuml;n verme,<br \/>\n\t\t\t&ccedil;ikolatan\u0131n kar\u015f\u0131 konulamaz etkisi ile &ccedil;ekicili\u011finden hi&ccedil;bir \u015fey kaybetme.<br \/>\n\t\t\tGelece\u011fe ho\u015f geldin, harika kokuyor.<br \/>\n\t\t\t&bull; Yeni Axe. Axe Dark Temptation Erkek Deodorant &amp; BodySprey 150 ml.<br \/>\n\t\t\t&bull; Ter kokusunu durdur, &ccedil;ekicili\u011fini ikiye katla.<br \/>\n\t\t\t&bull; Axe Dark Temptation&#39;un zengin &ccedil;ikolata kokusu ile cazibene cazibe kat.<br \/>\n\t\t\t&bull; Dual Action teknolojili ilk deodorant olan Axe ile 48 saat etkileyici koku seninle.<br \/>\n\t\t\t&bull; Dual Action teknojisi ve yeni tasar\u0131m\u0131 ile \u015fimdiye kadarki en iyi Axe.<br \/>\n\t\t\t&bull; &Ccedil;alkala, kapa\u011f\u0131 &ccedil;evir ve t&uuml;m v&uuml;cuduna uygula.<br \/>\n\t\t\tPaket i&ccedil;eri\u011fi: 2 Adet Dark Temptation Erkek Deodorant Sprey 150 ml<\/span><\/span><\/span><\/span><\/span><\/span><\/td>\n<\/tr>\n<\/tbody>\n<\/table>\n","protected":false},"excerpt":{"rendered":"<p>2 Adet Dark Temptation Erkek Deodorant Sprey 150 ml<\/p>\n","protected":false},"featured_media":79117,"comment_status":"open","ping_status":"closed","template":"","meta":{"_kad_post_transparent":"","_kad_post_title":"","_kad_post_layout":"","_kad_post_sidebar_id":"","_kad_post_content_style":"","_kad_post_vertical_padding":"","_kad_post_feature":"","_kad_post_feature_position":"","_kad_post_header":false,"_kad_post_footer":false,"_kad_post_classname":""},"product_brand":[],"product_cat":[634,452,584],"product_tag":[],"class_list":{"0":"post-79118","1":"product","2":"type-product","3":"status-publish","4":"has-post-thumbnail","6":"product_cat-deodorant","7":"product_cat-kozmetik","8":"product_cat-parfum-deodorant","10":"first","11":"instock","12":"shipping-taxable","13":"purchasable","14":"product-type-simple","15":"entry","16":"content-bg","17":"loop-entry"},"_links":{"self":[{"href":"https:\/\/www.hediyepazar.com\/index.php?rest_route=\/wp\/v2\/product\/79118","targetHints":{"allow":["GET"]}}],"collection":[{"href":"https:\/\/www.hediyepazar.com\/index.php?rest_route=\/wp\/v2\/product"}],"about":[{"href":"https:\/\/www.hediyepazar.com\/index.php?rest_route=\/wp\/v2\/types\/product"}],"replies":[{"embeddable":true,"href":"https:\/\/www.hediyepazar.com\/index.php?rest_route=%2Fwp%2Fv2%2Fcomments&post=79118"}],"wp:featuredmedia":[{"embeddable":true,"href":"https:\/\/www.hediyepazar.com\/index.php?rest_route=\/wp\/v2\/media\/79117"}],"wp:attachment":[{"href":"https:\/\/www.hediyepazar.com\/index.php?rest_route=%2Fwp%2Fv2%2Fmedia&parent=79118"}],"wp:term":[{"taxonomy":"product_brand","embeddable":true,"href":"https:\/\/www.hediyepazar.com\/index.php?rest_route=%2Fwp%2Fv2%2Fproduct_brand&post=79118"},{"taxonomy":"product_cat","embeddable":true,"href":"https:\/\/www.hediyepazar.com\/index.php?rest_route=%2Fwp%2Fv2%2Fproduct_cat&post=79118"},{"taxonomy":"product_tag","embeddable":true,"href":"https:\/\/www.hediyepazar.com\/index.php?rest_route=%2Fwp%2Fv2%2Fproduct_tag&post=79118"}],"curies":[{"name":"wp","href":"https:\/\/api.w.org\/{rel}","templated":true}]}}