{"id":79144,"date":"2026-04-30T01:38:01","date_gmt":"2026-04-30T04:38:01","guid":{"rendered":"https:\/\/www.hediyepazar.com\/?product=2-adet-natural-bloom-kadin-deodorant-sprey-150-ml"},"modified":"2026-04-30T01:38:01","modified_gmt":"2026-04-30T04:38:01","slug":"2-adet-natural-bloom-kadin-deodorant-sprey-150-ml","status":"publish","type":"product","link":"https:\/\/www.hediyepazar.com\/?product=2-adet-natural-bloom-kadin-deodorant-sprey-150-ml","title":{"rendered":"2 Adet Natural Bloom Kad\u0131n Deodorant Sprey 150 ml"},"content":{"rendered":"<table style=\"border-collapse:collapse; width:78pt; border:none\" width=\"104\">\n<colgroup>\n<col style=\"width:78pt\" width=\"104\" \/>\n\t<\/colgroup>\n<tbody>\n<tr height=\"20\" style=\"height:15.0pt\">\n<td height=\"20\" style=\"border:none; height:15.0pt; width:78pt; padding-top:1px; padding-right:1px; padding-left:1px; vertical-align:bottom; white-space:nowrap\" width=\"104\"><span style=\"font-size:11pt\"><span style=\"color:black\"><span style=\"font-weight:400\"><span style=\"font-style:normal\"><span style=\"text-decoration:none\"><span style=\"font-family:Calibri,sans-serif\">2 Adet Natural Bloom Kad\u0131n Deodorant Sprey 150 ml<br \/>\n\t\t\tAloe Vera&rsquo;n\u0131n sulu tazeli\u011fi ile propolisin &ouml;zenli zenginli\u011fi aras\u0131nda harika bir bulu\u015fma.<br \/>\n\t\t\tEmotion EDT parf&uuml;mler dikkat &ccedil;ekici notalar\u0131 ve kal\u0131c\u0131 etkisiyle g&uuml;n boyu hissedilir.<br \/>\n\t\t\tEmotion deodorantlar &ouml;zel formul&uuml; sayesinde ter kokusuna kar\u015f\u0131 24 saat korur.<br \/>\n\t\t\tBu &uuml;r&uuml;n vegan sertifikal\u0131d\u0131r.<br \/>\n\t\t\tPaket i&ccedil;eri\u011fi: 2 Adet Natural Bloom Kad\u0131n Deodorant Sprey 150 ml<\/span><\/span><\/span><\/span><\/span><\/span><\/td>\n<\/tr>\n<\/tbody>\n<\/table>\n","protected":false},"excerpt":{"rendered":"<p>2 Adet Natural Bloom Kad\u0131n Deodorant Sprey 150 ml<\/p>\n","protected":false},"featured_media":79143,"comment_status":"open","ping_status":"closed","template":"","meta":{"_kad_post_transparent":"","_kad_post_title":"","_kad_post_layout":"","_kad_post_sidebar_id":"","_kad_post_content_style":"","_kad_post_vertical_padding":"","_kad_post_feature":"","_kad_post_feature_position":"","_kad_post_header":false,"_kad_post_footer":false,"_kad_post_classname":""},"product_brand":[],"product_cat":[634,452,584],"product_tag":[],"class_list":{"0":"post-79144","1":"product","2":"type-product","3":"status-publish","4":"has-post-thumbnail","6":"product_cat-deodorant","7":"product_cat-kozmetik","8":"product_cat-parfum-deodorant","10":"first","11":"instock","12":"shipping-taxable","13":"purchasable","14":"product-type-simple","15":"entry","16":"content-bg","17":"loop-entry"},"_links":{"self":[{"href":"https:\/\/www.hediyepazar.com\/index.php?rest_route=\/wp\/v2\/product\/79144","targetHints":{"allow":["GET"]}}],"collection":[{"href":"https:\/\/www.hediyepazar.com\/index.php?rest_route=\/wp\/v2\/product"}],"about":[{"href":"https:\/\/www.hediyepazar.com\/index.php?rest_route=\/wp\/v2\/types\/product"}],"replies":[{"embeddable":true,"href":"https:\/\/www.hediyepazar.com\/index.php?rest_route=%2Fwp%2Fv2%2Fcomments&post=79144"}],"wp:featuredmedia":[{"embeddable":true,"href":"https:\/\/www.hediyepazar.com\/index.php?rest_route=\/wp\/v2\/media\/79143"}],"wp:attachment":[{"href":"https:\/\/www.hediyepazar.com\/index.php?rest_route=%2Fwp%2Fv2%2Fmedia&parent=79144"}],"wp:term":[{"taxonomy":"product_brand","embeddable":true,"href":"https:\/\/www.hediyepazar.com\/index.php?rest_route=%2Fwp%2Fv2%2Fproduct_brand&post=79144"},{"taxonomy":"product_cat","embeddable":true,"href":"https:\/\/www.hediyepazar.com\/index.php?rest_route=%2Fwp%2Fv2%2Fproduct_cat&post=79144"},{"taxonomy":"product_tag","embeddable":true,"href":"https:\/\/www.hediyepazar.com\/index.php?rest_route=%2Fwp%2Fv2%2Fproduct_tag&post=79144"}],"curies":[{"name":"wp","href":"https:\/\/api.w.org\/{rel}","templated":true}]}}