{"id":79154,"date":"2026-04-30T01:38:48","date_gmt":"2026-04-30T04:38:48","guid":{"rendered":"https:\/\/www.hediyepazar.com\/?product=2-adet-caldion-night-erkek-deodorant-150-ml"},"modified":"2026-04-30T01:38:48","modified_gmt":"2026-04-30T04:38:48","slug":"2-adet-caldion-night-erkek-deodorant-150-ml","status":"publish","type":"product","link":"https:\/\/www.hediyepazar.com\/?product=2-adet-caldion-night-erkek-deodorant-150-ml","title":{"rendered":"2 Adet Caldion Night Erkek Deodorant 150 ml"},"content":{"rendered":"<table style=\"border-collapse:collapse; width:78pt; border:none\" width=\"104\">\n<colgroup>\n<col style=\"width:78pt\" width=\"104\" \/>\n\t<\/colgroup>\n<tbody>\n<tr height=\"20\" style=\"height:15.0pt\">\n<td height=\"20\" style=\"border:none; height:15.0pt; width:78pt; padding-top:1px; padding-right:1px; padding-left:1px; vertical-align:bottom; white-space:nowrap\" width=\"104\"><span style=\"font-size:11pt\"><span style=\"color:black\"><span style=\"font-weight:400\"><span style=\"font-style:normal\"><span style=\"text-decoration:none\"><span style=\"font-family:Calibri,sans-serif\">2 Adet Caldion Night Erkek Deodorant 150 ml<br \/>\n\t\t\tRomantizmin ve e\u011flencenin en &uuml;st notalar\u0131nda &ccedil;i&ccedil;eklerin kehribar ve sandal a\u011fac\u0131 ile m&uuml;kemmel uyumu&hellip;<br \/>\n\t\t\tCaldion Night, modern zaman\u0131n sofistike ve entellekt&uuml;el ki\u015filerine hitap eden &ccedil;ekici, kal\u0131c\u0131 ve \u015f\u0131k parf&uuml;m&#8230;<br \/>\n\t\t\tRomantizmin ve e\u011flencenin en &uuml;st notalar\u0131nda &ccedil;i&ccedil;eklerin kehribar ve sandal a\u011fac\u0131 ile m&uuml;kemmel uyumu&#8230;<br \/>\n\t\t\tGecenin parlakl\u0131\u011f\u0131n\u0131, gizemini ve &ccedil;ekicili\u011fini Caldion Night for Men ile ya\u015fay\u0131n&hellip;<br \/>\n\t\t\tPaket i&ccedil;eri\u011fi: 2 Adet Caldion Night Erkek Deodorant 150 ml<\/span><\/span><\/span><\/span><\/span><\/span><\/td>\n<\/tr>\n<\/tbody>\n<\/table>\n","protected":false},"excerpt":{"rendered":"<p>2 Adet Caldion Night Erkek Deodorant 150 ml<\/p>\n","protected":false},"featured_media":79153,"comment_status":"open","ping_status":"closed","template":"","meta":{"_kad_post_transparent":"","_kad_post_title":"","_kad_post_layout":"","_kad_post_sidebar_id":"","_kad_post_content_style":"","_kad_post_vertical_padding":"","_kad_post_feature":"","_kad_post_feature_position":"","_kad_post_header":false,"_kad_post_footer":false,"_kad_post_classname":""},"product_brand":[],"product_cat":[634,452,584],"product_tag":[],"class_list":{"0":"post-79154","1":"product","2":"type-product","3":"status-publish","4":"has-post-thumbnail","6":"product_cat-deodorant","7":"product_cat-kozmetik","8":"product_cat-parfum-deodorant","10":"first","11":"instock","12":"shipping-taxable","13":"purchasable","14":"product-type-simple","15":"entry","16":"content-bg","17":"loop-entry"},"_links":{"self":[{"href":"https:\/\/www.hediyepazar.com\/index.php?rest_route=\/wp\/v2\/product\/79154","targetHints":{"allow":["GET"]}}],"collection":[{"href":"https:\/\/www.hediyepazar.com\/index.php?rest_route=\/wp\/v2\/product"}],"about":[{"href":"https:\/\/www.hediyepazar.com\/index.php?rest_route=\/wp\/v2\/types\/product"}],"replies":[{"embeddable":true,"href":"https:\/\/www.hediyepazar.com\/index.php?rest_route=%2Fwp%2Fv2%2Fcomments&post=79154"}],"wp:featuredmedia":[{"embeddable":true,"href":"https:\/\/www.hediyepazar.com\/index.php?rest_route=\/wp\/v2\/media\/79153"}],"wp:attachment":[{"href":"https:\/\/www.hediyepazar.com\/index.php?rest_route=%2Fwp%2Fv2%2Fmedia&parent=79154"}],"wp:term":[{"taxonomy":"product_brand","embeddable":true,"href":"https:\/\/www.hediyepazar.com\/index.php?rest_route=%2Fwp%2Fv2%2Fproduct_brand&post=79154"},{"taxonomy":"product_cat","embeddable":true,"href":"https:\/\/www.hediyepazar.com\/index.php?rest_route=%2Fwp%2Fv2%2Fproduct_cat&post=79154"},{"taxonomy":"product_tag","embeddable":true,"href":"https:\/\/www.hediyepazar.com\/index.php?rest_route=%2Fwp%2Fv2%2Fproduct_tag&post=79154"}],"curies":[{"name":"wp","href":"https:\/\/api.w.org\/{rel}","templated":true}]}}