{"id":79168,"date":"2026-04-30T01:39:40","date_gmt":"2026-04-30T04:39:40","guid":{"rendered":"https:\/\/www.hediyepazar.com\/?product=2-adet-men-classic-150-ml-deo-sprey"},"modified":"2026-04-30T01:39:40","modified_gmt":"2026-04-30T04:39:40","slug":"2-adet-men-classic-150-ml-deo-sprey","status":"publish","type":"product","link":"https:\/\/www.hediyepazar.com\/?product=2-adet-men-classic-150-ml-deo-sprey","title":{"rendered":"2 Adet Men Classic 150 ml Deo Sprey"},"content":{"rendered":"<table style=\"border-collapse:collapse; width:78pt; border:none\" width=\"104\">\n<colgroup>\n<col style=\"width:78pt\" width=\"104\" \/>\n\t<\/colgroup>\n<tbody>\n<tr height=\"20\" style=\"height:15.0pt\">\n<td height=\"20\" style=\"border:none; height:15.0pt; width:78pt; padding-top:1px; padding-right:1px; padding-left:1px; vertical-align:bottom; white-space:nowrap\" width=\"104\"><span style=\"font-size:11pt\"><span style=\"color:black\"><span style=\"font-weight:400\"><span style=\"font-style:normal\"><span style=\"text-decoration:none\"><span style=\"font-family:Calibri,sans-serif\">2 Adet Men Classic 150 ml Deo Sprey<br \/>\n\t\t\tAl\u0131\u015fkanl\u0131klar\u0131ndan vazge&ccedil;emeyen erkeklerin k&uuml;lt kokusu Jagler Classic&#8230;<br \/>\n\t\t\tLimonun ferahl\u0131\u011f\u0131n\u0131n ve enerjisinin, romantik g&uuml;l, enerjik portakal &ccedil;i&ccedil;e\u011fi,<br \/>\n\t\t\t&ccedil;ekici yasemin ve etkileyici vanilya ile bulu\u015ftu\u011fu Jagler Classic<br \/>\n\t\t\tmisk ekstreleriyle efsanele\u015fiyor ve y\u0131llard\u0131r;<br \/>\n\t\t\tbeylerin ilk ve tek tercihi olmaya devam ediyor&#8230;<br \/>\n\t\t\t&Uuml;st notalar\u0131nda: Limon<br \/>\n\t\t\tOrta notalar\u0131nda: G&uuml;l, portakal &ccedil;i&ccedil;e\u011fi, yasemin, vanilya<br \/>\n\t\t\tAlt notalar\u0131nda: Misk Limon ferahl\u0131\u011f\u0131n\u0131n seksi &ccedil;ekicili\u011fi efsane bir kokuyla bulu\u015fuyor.<br \/>\n\t\t\tPaket i&ccedil;eri\u011fi: 2 Adet Men Classic 150 ml Deo Sprey<\/span><\/span><\/span><\/span><\/span><\/span><\/td>\n<\/tr>\n<\/tbody>\n<\/table>\n","protected":false},"excerpt":{"rendered":"<p>2 Adet Men Classic 150 ml Deo Sprey<\/p>\n","protected":false},"featured_media":79167,"comment_status":"open","ping_status":"closed","template":"","meta":{"_kad_post_transparent":"","_kad_post_title":"","_kad_post_layout":"","_kad_post_sidebar_id":"","_kad_post_content_style":"","_kad_post_vertical_padding":"","_kad_post_feature":"","_kad_post_feature_position":"","_kad_post_header":false,"_kad_post_footer":false,"_kad_post_classname":""},"product_brand":[],"product_cat":[634,452,584],"product_tag":[],"class_list":{"0":"post-79168","1":"product","2":"type-product","3":"status-publish","4":"has-post-thumbnail","6":"product_cat-deodorant","7":"product_cat-kozmetik","8":"product_cat-parfum-deodorant","10":"first","11":"instock","12":"shipping-taxable","13":"purchasable","14":"product-type-simple","15":"entry","16":"content-bg","17":"loop-entry"},"_links":{"self":[{"href":"https:\/\/www.hediyepazar.com\/index.php?rest_route=\/wp\/v2\/product\/79168","targetHints":{"allow":["GET"]}}],"collection":[{"href":"https:\/\/www.hediyepazar.com\/index.php?rest_route=\/wp\/v2\/product"}],"about":[{"href":"https:\/\/www.hediyepazar.com\/index.php?rest_route=\/wp\/v2\/types\/product"}],"replies":[{"embeddable":true,"href":"https:\/\/www.hediyepazar.com\/index.php?rest_route=%2Fwp%2Fv2%2Fcomments&post=79168"}],"wp:featuredmedia":[{"embeddable":true,"href":"https:\/\/www.hediyepazar.com\/index.php?rest_route=\/wp\/v2\/media\/79167"}],"wp:attachment":[{"href":"https:\/\/www.hediyepazar.com\/index.php?rest_route=%2Fwp%2Fv2%2Fmedia&parent=79168"}],"wp:term":[{"taxonomy":"product_brand","embeddable":true,"href":"https:\/\/www.hediyepazar.com\/index.php?rest_route=%2Fwp%2Fv2%2Fproduct_brand&post=79168"},{"taxonomy":"product_cat","embeddable":true,"href":"https:\/\/www.hediyepazar.com\/index.php?rest_route=%2Fwp%2Fv2%2Fproduct_cat&post=79168"},{"taxonomy":"product_tag","embeddable":true,"href":"https:\/\/www.hediyepazar.com\/index.php?rest_route=%2Fwp%2Fv2%2Fproduct_tag&post=79168"}],"curies":[{"name":"wp","href":"https:\/\/api.w.org\/{rel}","templated":true}]}}