{"id":79226,"date":"2026-04-30T01:45:07","date_gmt":"2026-04-30T04:45:07","guid":{"rendered":"https:\/\/www.hediyepazar.com\/?product=2-adet-is-sexy-kadin-deodorant-150-ml"},"modified":"2026-04-30T01:45:07","modified_gmt":"2026-04-30T04:45:07","slug":"2-adet-is-sexy-kadin-deodorant-150-ml","status":"publish","type":"product","link":"https:\/\/www.hediyepazar.com\/?product=2-adet-is-sexy-kadin-deodorant-150-ml","title":{"rendered":"2 Adet Is Sexy Kad\u0131n Deodorant 150 ML"},"content":{"rendered":"<table style=\"border-collapse:collapse; width:78pt; border:none\" width=\"104\">\n<colgroup>\n<col style=\"width:78pt\" width=\"104\" \/>\n\t<\/colgroup>\n<tbody>\n<tr height=\"20\" style=\"height:15.0pt\">\n<td height=\"20\" style=\"border:none; height:15.0pt; width:78pt; padding-top:1px; padding-right:1px; padding-left:1px; vertical-align:bottom; white-space:nowrap\" width=\"104\"><span style=\"font-size:11pt\"><span style=\"color:black\"><span style=\"font-weight:400\"><span style=\"font-style:normal\"><span style=\"text-decoration:none\"><span style=\"font-family:Calibri,sans-serif\">2 Adet Is Sexy Kad\u0131n Deodorant 150 ML<br \/>\n\t\t\tSadelikteki masumiyeti vurgulayan She is Sweet; ne\u015fe sa&ccedil;an, k\u0131p\u0131r k\u0131p\u0131r gen&ccedil; k\u0131zlar\u0131n kokusu.<br \/>\n\t\t\tZarafetin, gen&ccedil;li\u011fin ve tatl\u0131l\u0131\u011f\u0131n muhte\u015fem bir dengede bulu\u015ftu\u011fu kokusuyla kendinizi zarif ve<br \/>\n\t\t\tgizemli hissetmenin avantaj\u0131n\u0131 ya\u015fay\u0131n!<br \/>\n\t\t\t&Uuml;st notalar\u0131ndaki &ccedil;i&ccedil;ek &ouml;zleri, orta notalarda meyvelerle bulu\u015fuyor.<br \/>\n\t\t\tAlt notalar\u0131nda vanilya, sandal a\u011fac\u0131 ile sarmalanan koku musk ile masumiyetin izlerini b\u0131rak\u0131yor.<br \/>\n\t\t\tTemiz tene ve k\u0131yafete istenilen s\u0131kl\u0131kta uygulanabilir.<br \/>\n\t\t\tPaket i&ccedil;eri\u011fi: 2 Adet Is Sexy Kad\u0131n Deodorant 150 ML<\/span><\/span><\/span><\/span><\/span><\/span><\/td>\n<\/tr>\n<\/tbody>\n<\/table>\n","protected":false},"excerpt":{"rendered":"<p>2 Adet Is Sexy Kad\u0131n Deodorant 150 ML<\/p>\n","protected":false},"featured_media":79225,"comment_status":"open","ping_status":"closed","template":"","meta":{"_kad_post_transparent":"","_kad_post_title":"","_kad_post_layout":"","_kad_post_sidebar_id":"","_kad_post_content_style":"","_kad_post_vertical_padding":"","_kad_post_feature":"","_kad_post_feature_position":"","_kad_post_header":false,"_kad_post_footer":false,"_kad_post_classname":""},"product_brand":[],"product_cat":[634,452,584],"product_tag":[],"class_list":{"0":"post-79226","1":"product","2":"type-product","3":"status-publish","4":"has-post-thumbnail","6":"product_cat-deodorant","7":"product_cat-kozmetik","8":"product_cat-parfum-deodorant","10":"first","11":"instock","12":"shipping-taxable","13":"purchasable","14":"product-type-simple","15":"entry","16":"content-bg","17":"loop-entry"},"_links":{"self":[{"href":"https:\/\/www.hediyepazar.com\/index.php?rest_route=\/wp\/v2\/product\/79226","targetHints":{"allow":["GET"]}}],"collection":[{"href":"https:\/\/www.hediyepazar.com\/index.php?rest_route=\/wp\/v2\/product"}],"about":[{"href":"https:\/\/www.hediyepazar.com\/index.php?rest_route=\/wp\/v2\/types\/product"}],"replies":[{"embeddable":true,"href":"https:\/\/www.hediyepazar.com\/index.php?rest_route=%2Fwp%2Fv2%2Fcomments&post=79226"}],"wp:featuredmedia":[{"embeddable":true,"href":"https:\/\/www.hediyepazar.com\/index.php?rest_route=\/wp\/v2\/media\/79225"}],"wp:attachment":[{"href":"https:\/\/www.hediyepazar.com\/index.php?rest_route=%2Fwp%2Fv2%2Fmedia&parent=79226"}],"wp:term":[{"taxonomy":"product_brand","embeddable":true,"href":"https:\/\/www.hediyepazar.com\/index.php?rest_route=%2Fwp%2Fv2%2Fproduct_brand&post=79226"},{"taxonomy":"product_cat","embeddable":true,"href":"https:\/\/www.hediyepazar.com\/index.php?rest_route=%2Fwp%2Fv2%2Fproduct_cat&post=79226"},{"taxonomy":"product_tag","embeddable":true,"href":"https:\/\/www.hediyepazar.com\/index.php?rest_route=%2Fwp%2Fv2%2Fproduct_tag&post=79226"}],"curies":[{"name":"wp","href":"https:\/\/api.w.org\/{rel}","templated":true}]}}