{"id":79262,"date":"2026-04-30T01:47:24","date_gmt":"2026-04-30T04:47:24","guid":{"rendered":"https:\/\/www.hediyepazar.com\/?product=nature-100-ml-kolonya"},"modified":"2026-04-30T01:47:24","modified_gmt":"2026-04-30T04:47:24","slug":"nature-100-ml-kolonya","status":"publish","type":"product","link":"https:\/\/www.hediyepazar.com\/?product=nature-100-ml-kolonya","title":{"rendered":"Nature 100 Ml Kolonya"},"content":{"rendered":"<table style=\"border-collapse:collapse; width:78pt; border:none\" width=\"104\">\n<colgroup>\n<col style=\"width:78pt\" width=\"104\">\n\t<\/colgroup>\n<tbody>\n<tr height=\"20\" style=\"height:15.0pt\">\n<td height=\"20\" style=\"border:none; height:15.0pt; width:78pt; padding-top:1px; padding-right:1px; padding-left:1px; vertical-align:bottom; white-space:nowrap\" width=\"104\"><span style=\"font-size:11pt\"><span style=\"color:black\"><span style=\"font-weight:400\"><span style=\"font-style:normal\"><span style=\"text-decoration:none\"><span style=\"font-family:Calibri,sans-serif\">Rebul Nature 100 Ml Kolonya<br \/>\n\t\t\tBir Do\u011fa Mucizesi<\/p>\n<p>\t\t\t\u0130talyan bergamotu ve portakal \u00e7i\u00e7e\u011fi notalar\u0131 v\u00fccuda canl\u0131l\u0131k verirken, ye\u015fil fesle\u011fen ve galbanum ile<br \/>\n\t\t\ttazelik sunar. Do\u011fay\u0131 i\u00e7ine hapseden g\u00fcl ve akdeniz sardunyas\u0131, Rebul Nature kolonyas\u0131nda bir araya<br \/>\n\t\t\tgelerek, sizlere benzersiz bir serinlik ve ferahl\u0131k sunar. Bu enfes birle\u015fimin yan\u0131nda Rebul Nature<br \/>\n\t\t\tsizlere, sofistike guaiac a\u011fac\u0131 \u00f6zlerinin yumu\u015fakl\u0131\u011f\u0131n\u0131 ve sedir a\u011fac\u0131yla harmanlanm\u0131\u015f misk kokular\u0131n\u0131<br \/>\n\t\t\tke\u015ffetme deneyimini de ya\u015fat\u0131r.&nbsp;<\/span><\/span><\/span><\/span><\/span><\/span><\/td>\n<\/tr>\n<\/tbody>\n<\/table>\n","protected":false},"excerpt":{"rendered":"<p>Nature 100 Ml Kolonya<\/p>\n","protected":false},"featured_media":79261,"comment_status":"open","ping_status":"closed","template":"","meta":{"_kad_post_transparent":"","_kad_post_title":"","_kad_post_layout":"","_kad_post_sidebar_id":"","_kad_post_content_style":"","_kad_post_vertical_padding":"","_kad_post_feature":"","_kad_post_feature_position":"","_kad_post_header":false,"_kad_post_footer":false,"_kad_post_classname":""},"product_brand":[],"product_cat":[585,452,584],"product_tag":[],"class_list":{"0":"post-79262","1":"product","2":"type-product","3":"status-publish","4":"has-post-thumbnail","6":"product_cat-kolonya","7":"product_cat-kozmetik","8":"product_cat-parfum-deodorant","10":"first","11":"instock","12":"shipping-taxable","13":"purchasable","14":"product-type-simple","15":"entry","16":"content-bg","17":"loop-entry"},"_links":{"self":[{"href":"https:\/\/www.hediyepazar.com\/index.php?rest_route=\/wp\/v2\/product\/79262","targetHints":{"allow":["GET"]}}],"collection":[{"href":"https:\/\/www.hediyepazar.com\/index.php?rest_route=\/wp\/v2\/product"}],"about":[{"href":"https:\/\/www.hediyepazar.com\/index.php?rest_route=\/wp\/v2\/types\/product"}],"replies":[{"embeddable":true,"href":"https:\/\/www.hediyepazar.com\/index.php?rest_route=%2Fwp%2Fv2%2Fcomments&post=79262"}],"wp:featuredmedia":[{"embeddable":true,"href":"https:\/\/www.hediyepazar.com\/index.php?rest_route=\/wp\/v2\/media\/79261"}],"wp:attachment":[{"href":"https:\/\/www.hediyepazar.com\/index.php?rest_route=%2Fwp%2Fv2%2Fmedia&parent=79262"}],"wp:term":[{"taxonomy":"product_brand","embeddable":true,"href":"https:\/\/www.hediyepazar.com\/index.php?rest_route=%2Fwp%2Fv2%2Fproduct_brand&post=79262"},{"taxonomy":"product_cat","embeddable":true,"href":"https:\/\/www.hediyepazar.com\/index.php?rest_route=%2Fwp%2Fv2%2Fproduct_cat&post=79262"},{"taxonomy":"product_tag","embeddable":true,"href":"https:\/\/www.hediyepazar.com\/index.php?rest_route=%2Fwp%2Fv2%2Fproduct_tag&post=79262"}],"curies":[{"name":"wp","href":"https:\/\/api.w.org\/{rel}","templated":true}]}}