{"id":79270,"date":"2026-04-30T01:47:41","date_gmt":"2026-04-30T04:47:41","guid":{"rendered":"https:\/\/www.hediyepazar.com\/?product=lavanda-100-ml-kolonya"},"modified":"2026-04-30T01:47:41","modified_gmt":"2026-04-30T04:47:41","slug":"lavanda-100-ml-kolonya","status":"publish","type":"product","link":"https:\/\/www.hediyepazar.com\/?product=lavanda-100-ml-kolonya","title":{"rendered":"Lavanda 100 Ml Kolonya"},"content":{"rendered":"<table style=\"border-collapse:collapse; width:78pt; border:none\" width=\"104\">\n<colgroup>\n<col style=\"width:78pt\" width=\"104\" \/>\n\t<\/colgroup>\n<tbody>\n<tr height=\"20\" style=\"height:15.0pt\">\n<td height=\"20\" style=\"border:none; height:15.0pt; width:78pt; padding-top:1px; padding-right:1px; padding-left:1px; vertical-align:bottom; white-space:nowrap\" width=\"104\"><span style=\"font-size:11pt\"><span style=\"color:black\"><span style=\"font-weight:400\"><span style=\"font-style:normal\"><span style=\"text-decoration:none\"><span style=\"font-family:Calibri,sans-serif\">Rebul Lavanda 100 Ml Kolonya<br \/>\n\t\t\tG&uuml;n A\u011farana Dek Toplanan Lavanta &Ccedil;i&ccedil;ekleri<\/p>\n<p>\t\t\tHik&acirc;yemiz, Akdeniz&#39;in kokusuyla ferahl\u0131 ve serinlik veren bitkisi lavanda&#39;n\u0131n, Rebul<br \/>\n\t\t\tkolonyas\u0131yla bulu\u015fmas\u0131 ile ba\u015flar. Bu uyumlu bulu\u015fman\u0131n sonucunda nesiller boyu<br \/>\n\t\t\tbe\u011feni ile kullan\u0131lan ve bir klasik haline gelen Rebul Lavanda Kolonyas\u0131 ortaya &ccedil;\u0131kar.<\/span><\/span><\/span><\/span><\/span><\/span><\/td>\n<\/tr>\n<\/tbody>\n<\/table>\n","protected":false},"excerpt":{"rendered":"<p>Lavanda 100 Ml Kolonya<\/p>\n","protected":false},"featured_media":79269,"comment_status":"open","ping_status":"closed","template":"","meta":{"_kad_post_transparent":"","_kad_post_title":"","_kad_post_layout":"","_kad_post_sidebar_id":"","_kad_post_content_style":"","_kad_post_vertical_padding":"","_kad_post_feature":"","_kad_post_feature_position":"","_kad_post_header":false,"_kad_post_footer":false,"_kad_post_classname":""},"product_brand":[],"product_cat":[585,452,584],"product_tag":[],"class_list":{"0":"post-79270","1":"product","2":"type-product","3":"status-publish","4":"has-post-thumbnail","6":"product_cat-kolonya","7":"product_cat-kozmetik","8":"product_cat-parfum-deodorant","10":"first","11":"instock","12":"shipping-taxable","13":"purchasable","14":"product-type-simple","15":"entry","16":"content-bg","17":"loop-entry"},"_links":{"self":[{"href":"https:\/\/www.hediyepazar.com\/index.php?rest_route=\/wp\/v2\/product\/79270","targetHints":{"allow":["GET"]}}],"collection":[{"href":"https:\/\/www.hediyepazar.com\/index.php?rest_route=\/wp\/v2\/product"}],"about":[{"href":"https:\/\/www.hediyepazar.com\/index.php?rest_route=\/wp\/v2\/types\/product"}],"replies":[{"embeddable":true,"href":"https:\/\/www.hediyepazar.com\/index.php?rest_route=%2Fwp%2Fv2%2Fcomments&post=79270"}],"wp:featuredmedia":[{"embeddable":true,"href":"https:\/\/www.hediyepazar.com\/index.php?rest_route=\/wp\/v2\/media\/79269"}],"wp:attachment":[{"href":"https:\/\/www.hediyepazar.com\/index.php?rest_route=%2Fwp%2Fv2%2Fmedia&parent=79270"}],"wp:term":[{"taxonomy":"product_brand","embeddable":true,"href":"https:\/\/www.hediyepazar.com\/index.php?rest_route=%2Fwp%2Fv2%2Fproduct_brand&post=79270"},{"taxonomy":"product_cat","embeddable":true,"href":"https:\/\/www.hediyepazar.com\/index.php?rest_route=%2Fwp%2Fv2%2Fproduct_cat&post=79270"},{"taxonomy":"product_tag","embeddable":true,"href":"https:\/\/www.hediyepazar.com\/index.php?rest_route=%2Fwp%2Fv2%2Fproduct_tag&post=79270"}],"curies":[{"name":"wp","href":"https:\/\/api.w.org\/{rel}","templated":true}]}}