{"id":79272,"date":"2026-04-30T01:47:44","date_gmt":"2026-04-30T04:47:44","guid":{"rendered":"https:\/\/www.hediyepazar.com\/?product=aqua-100-ml-kolonya"},"modified":"2026-04-30T01:47:44","modified_gmt":"2026-04-30T04:47:44","slug":"aqua-100-ml-kolonya","status":"publish","type":"product","link":"https:\/\/www.hediyepazar.com\/?product=aqua-100-ml-kolonya","title":{"rendered":"Aqua 100 Ml Kolonya"},"content":{"rendered":"<table style=\"border-collapse:collapse; width:78pt; border:none\" width=\"104\">\n<colgroup>\n<col style=\"width:78pt\" width=\"104\" \/>\n\t<\/colgroup>\n<tbody>\n<tr height=\"20\" style=\"height:15.0pt\">\n<td height=\"20\" style=\"border:none; height:15.0pt; width:78pt; padding-top:1px; padding-right:1px; padding-left:1px; vertical-align:bottom; white-space:nowrap\" width=\"104\"><span style=\"font-size:11pt\"><span style=\"color:black\"><span style=\"font-weight:400\"><span style=\"font-style:normal\"><span style=\"text-decoration:none\"><span style=\"font-family:Calibri,sans-serif\">Rebul Aqua 100 Ml Kolonya<br \/>\n\t\t\tMavi Sular\u0131n Canland\u0131r\u0131c\u0131 Etkisi<\/p>\n<p>\t\t\tTaze aromatik kokularla s\u0131cak odunsu kokular\u0131n bir araya gelmesiyle serinletici ve ayn\u0131 zamanda<br \/>\n\t\t\tb&uuml;y&uuml;leyici bir d&uuml;nyan\u0131n kap\u0131lar\u0131 a&ccedil;\u0131l\u0131r. Bu e\u015fsiz kokuyla tan\u0131\u015ft\u0131\u011f\u0131n\u0131zda, ye\u015fil yapraklar\u0131n ve taze<br \/>\n\t\t\tlimonun ferahlat\u0131c\u0131 etkisiyle su tonlar\u0131 sizi canland\u0131r\u0131r. Devam\u0131nda do\u011fan\u0131n taze aromatik kokular\u0131<br \/>\n\t\t\tyerini s\u0131cak ve egzotik odunsu kokulara b\u0131rak\u0131rken ak\u0131lda kal\u0131c\u0131 erkeksi bir iz b\u0131rak\u0131r.&nbsp;<\/span><\/span><\/span><\/span><\/span><\/span><\/td>\n<\/tr>\n<\/tbody>\n<\/table>\n","protected":false},"excerpt":{"rendered":"<p>Aqua 100 Ml Kolonya<\/p>\n","protected":false},"featured_media":79271,"comment_status":"open","ping_status":"closed","template":"","meta":{"_kad_post_transparent":"","_kad_post_title":"","_kad_post_layout":"","_kad_post_sidebar_id":"","_kad_post_content_style":"","_kad_post_vertical_padding":"","_kad_post_feature":"","_kad_post_feature_position":"","_kad_post_header":false,"_kad_post_footer":false,"_kad_post_classname":""},"product_brand":[],"product_cat":[585,452,584],"product_tag":[],"class_list":{"0":"post-79272","1":"product","2":"type-product","3":"status-publish","4":"has-post-thumbnail","6":"product_cat-kolonya","7":"product_cat-kozmetik","8":"product_cat-parfum-deodorant","10":"first","11":"instock","12":"shipping-taxable","13":"purchasable","14":"product-type-simple","15":"entry","16":"content-bg","17":"loop-entry"},"_links":{"self":[{"href":"https:\/\/www.hediyepazar.com\/index.php?rest_route=\/wp\/v2\/product\/79272","targetHints":{"allow":["GET"]}}],"collection":[{"href":"https:\/\/www.hediyepazar.com\/index.php?rest_route=\/wp\/v2\/product"}],"about":[{"href":"https:\/\/www.hediyepazar.com\/index.php?rest_route=\/wp\/v2\/types\/product"}],"replies":[{"embeddable":true,"href":"https:\/\/www.hediyepazar.com\/index.php?rest_route=%2Fwp%2Fv2%2Fcomments&post=79272"}],"wp:featuredmedia":[{"embeddable":true,"href":"https:\/\/www.hediyepazar.com\/index.php?rest_route=\/wp\/v2\/media\/79271"}],"wp:attachment":[{"href":"https:\/\/www.hediyepazar.com\/index.php?rest_route=%2Fwp%2Fv2%2Fmedia&parent=79272"}],"wp:term":[{"taxonomy":"product_brand","embeddable":true,"href":"https:\/\/www.hediyepazar.com\/index.php?rest_route=%2Fwp%2Fv2%2Fproduct_brand&post=79272"},{"taxonomy":"product_cat","embeddable":true,"href":"https:\/\/www.hediyepazar.com\/index.php?rest_route=%2Fwp%2Fv2%2Fproduct_cat&post=79272"},{"taxonomy":"product_tag","embeddable":true,"href":"https:\/\/www.hediyepazar.com\/index.php?rest_route=%2Fwp%2Fv2%2Fproduct_tag&post=79272"}],"curies":[{"name":"wp","href":"https:\/\/api.w.org\/{rel}","templated":true}]}}