{"id":79282,"date":"2026-04-30T01:48:08","date_gmt":"2026-04-30T04:48:08","guid":{"rendered":"https:\/\/www.hediyepazar.com\/?product=green-tea-270-ml-kolonya"},"modified":"2026-04-30T01:48:08","modified_gmt":"2026-04-30T04:48:08","slug":"green-tea-270-ml-kolonya","status":"publish","type":"product","link":"https:\/\/www.hediyepazar.com\/?product=green-tea-270-ml-kolonya","title":{"rendered":"Green Tea 270 Ml Kolonya"},"content":{"rendered":"<table style=\"border-collapse:collapse; width:78pt; border:none\" width=\"104\">\n<colgroup>\n<col style=\"width:78pt\" width=\"104\" \/>\n\t<\/colgroup>\n<tbody>\n<tr height=\"20\" style=\"height:15.0pt\">\n<td height=\"20\" style=\"border:none; height:15.0pt; width:78pt; padding-top:1px; padding-right:1px; padding-left:1px; vertical-align:bottom; white-space:nowrap\" width=\"104\"><span style=\"font-size:11pt\"><span style=\"color:black\"><span style=\"font-weight:400\"><span style=\"font-style:normal\"><span style=\"text-decoration:none\"><span style=\"font-family:Calibri,sans-serif\">Rebul Green Tea 270 Ml Kolonya<br \/>\n\t\t\tBir Asya Mucizesi<\/p>\n<p>\t\t\tYe\u015fil &ccedil;ay i&ccedil;erdi\u011fi bir&ccedil;ok besinle cildin sa\u011fl\u0131kl\u0131 ve \u0131\u015f\u0131l \u0131\u015f\u0131l olmas\u0131na yard\u0131mc\u0131 olurken e\u015fsiz ferahl\u0131\u011f\u0131yla da<br \/>\n\t\t\tbir kolonyaya &ccedil;ok yak\u0131\u015f\u0131r. &Uuml;st notalar\u0131ndaki yumu\u015fakl\u0131k, \u015feffaf &ccedil;ay tanelerinin leziz bergamotla uyumlu<br \/>\n\t\t\tdeminden gelir. Kokunun kalbindeki ho\u015f kokulu bitkisel notolar, ba\u015f d&ouml;nd&uuml;ren beyaz &ccedil;i&ccedil;eklerin<br \/>\n\t\t\tkokusuyla sarmalanm\u0131\u015f tabiat hissini ya\u015fatanlard\u0131r. En derinlerde ise sandal a\u011fac\u0131 ve sedir a\u011fac\u0131n\u0131n<br \/>\n\t\t\ts\u0131cak odunsu kokusunu al\u0131rs\u0131n\u0131z.&nbsp;<\/span><\/span><\/span><\/span><\/span><\/span><\/td>\n<\/tr>\n<\/tbody>\n<\/table>\n","protected":false},"excerpt":{"rendered":"<p>Green Tea 270 Ml Kolonya<\/p>\n","protected":false},"featured_media":79281,"comment_status":"open","ping_status":"closed","template":"","meta":{"_kad_post_transparent":"","_kad_post_title":"","_kad_post_layout":"","_kad_post_sidebar_id":"","_kad_post_content_style":"","_kad_post_vertical_padding":"","_kad_post_feature":"","_kad_post_feature_position":"","_kad_post_header":false,"_kad_post_footer":false,"_kad_post_classname":""},"product_brand":[],"product_cat":[585,452,584],"product_tag":[],"class_list":{"0":"post-79282","1":"product","2":"type-product","3":"status-publish","4":"has-post-thumbnail","6":"product_cat-kolonya","7":"product_cat-kozmetik","8":"product_cat-parfum-deodorant","10":"first","11":"instock","12":"shipping-taxable","13":"purchasable","14":"product-type-simple","15":"entry","16":"content-bg","17":"loop-entry"},"_links":{"self":[{"href":"https:\/\/www.hediyepazar.com\/index.php?rest_route=\/wp\/v2\/product\/79282","targetHints":{"allow":["GET"]}}],"collection":[{"href":"https:\/\/www.hediyepazar.com\/index.php?rest_route=\/wp\/v2\/product"}],"about":[{"href":"https:\/\/www.hediyepazar.com\/index.php?rest_route=\/wp\/v2\/types\/product"}],"replies":[{"embeddable":true,"href":"https:\/\/www.hediyepazar.com\/index.php?rest_route=%2Fwp%2Fv2%2Fcomments&post=79282"}],"wp:featuredmedia":[{"embeddable":true,"href":"https:\/\/www.hediyepazar.com\/index.php?rest_route=\/wp\/v2\/media\/79281"}],"wp:attachment":[{"href":"https:\/\/www.hediyepazar.com\/index.php?rest_route=%2Fwp%2Fv2%2Fmedia&parent=79282"}],"wp:term":[{"taxonomy":"product_brand","embeddable":true,"href":"https:\/\/www.hediyepazar.com\/index.php?rest_route=%2Fwp%2Fv2%2Fproduct_brand&post=79282"},{"taxonomy":"product_cat","embeddable":true,"href":"https:\/\/www.hediyepazar.com\/index.php?rest_route=%2Fwp%2Fv2%2Fproduct_cat&post=79282"},{"taxonomy":"product_tag","embeddable":true,"href":"https:\/\/www.hediyepazar.com\/index.php?rest_route=%2Fwp%2Fv2%2Fproduct_tag&post=79282"}],"curies":[{"name":"wp","href":"https:\/\/api.w.org\/{rel}","templated":true}]}}